{"id":16315,"date":"2024-10-08T10:59:56","date_gmt":"2024-10-08T07:59:56","guid":{"rendered":"https:\/\/www.ksttukku.fi\/kauppa\/?post_type=product&#038;p=16315"},"modified":"2025-12-01T10:50:28","modified_gmt":"2025-12-01T08:50:28","slug":"kanerva-nukkamatto-200x280-cm","status":"publish","type":"product","link":"https:\/\/www.ksttukku.fi\/kauppa\/tuote\/kanerva-nukkamatto-200x280-cm\/","title":{"rendered":"Kanerva nukkamatto 200&#215;280 cm"},"content":{"rendered":"<p>Kanerva nukkamatto 200 x 280 cm<\/p>\n<ul>\n<li>Pehme\u00e4 nukkamatto<\/li>\n<li>Kaunis kuvio<\/li>\n<li>Pehme\u00e4t s\u00e4vyt<\/li>\n<\/ul>\n<p>Matossa on pehme\u00e4 ja lyhyt nukka, joten se sopii erinomaisesti olohuoneeseen. Kuviollisessa matossa on puita, pensaita ja pieni\u00e4 el\u00e4inhahmoja. Nukka muodostaa mattoon kapean raidoituksen. Matosta on saatavilla kaksi kaunista ja ajatonta s\u00e4vy\u00e4, jotka on helppo yhdist\u00e4\u00e4 kodin muuhun sisustukseen. Beige-harmaa matto on s\u00e4vylt\u00e4\u00e4n neutraali ja pehme\u00e4. Maton pohjav\u00e4ri on vaalea, kuvioissa on beigen, ruskean ja harmaan eri s\u00e4vyj\u00e4. Beige-terra matto on puolestaan s\u00e4vylt\u00e4\u00e4n syvempi ja v\u00e4rikk\u00e4\u00e4mpi. Maton pohjas\u00e4vy on beige, kuvioissa on terran, vihre\u00e4n ja sinisen eri s\u00e4vyj\u00e4<\/p>\n<p>Imuroi ja tuuleta mattoa s\u00e4\u00e4nn\u00f6llisesti, tarvittaessa tasopesu 30-asteisella vedell\u00e4. Kuivatus tasossa. \u00c4l\u00e4 hankaa mattoa. Tahroja voi pyyhki\u00e4 nihke\u00e4ll\u00e4 liinalluo sisustukseen n\u00e4ytt\u00e4vyytt\u00e4<\/p>\n<p>Materiaali: 90 % polypropeeni, 10 % puuvilla (loimi), pohjamateriaali sis\u00e4lt\u00e4\u00e4 lateksia<\/p>\n","protected":false},"excerpt":{"rendered":"<p>Kanerva nukkamatto 200 x 280 cm Pehme\u00e4 nukkamatto Kaunis kuvio Pehme\u00e4t s\u00e4vyt Matossa on pehme\u00e4 ja lyhyt nukka, joten se sopii erinomaisesti olohuoneeseen. Kuviollisessa matossa on puita, pensaita ja pieni\u00e4 el\u00e4inhahmoja. Nukka muodostaa mattoon kapean raidoituksen. Matosta on saatavilla kaksi kaunista ja ajatonta s\u00e4vy\u00e4, jotka on helppo yhdist\u00e4\u00e4 kodin muuhun sisustukseen. Beige-harmaa matto on s\u00e4vylt\u00e4\u00e4n [&hellip;]<\/p>\n","protected":false},"featured_media":16313,"comment_status":"closed","ping_status":"closed","template":"","meta":[],"product_brand":[],"product_cat":[22,27],"product_tag":[],"class_list":{"0":"post-16315","1":"product","2":"type-product","3":"status-publish","4":"has-post-thumbnail","6":"product_cat-matot","7":"product_cat-nukkamatot","9":"first","10":"outofstock","11":"taxable","12":"shipping-taxable","13":"purchasable","14":"product-type-simple"},"_links":{"self":[{"href":"https:\/\/www.ksttukku.fi\/kauppa\/wp-json\/wp\/v2\/product\/16315","targetHints":{"allow":["GET"]}}],"collection":[{"href":"https:\/\/www.ksttukku.fi\/kauppa\/wp-json\/wp\/v2\/product"}],"about":[{"href":"https:\/\/www.ksttukku.fi\/kauppa\/wp-json\/wp\/v2\/types\/product"}],"replies":[{"embeddable":true,"href":"https:\/\/www.ksttukku.fi\/kauppa\/wp-json\/wp\/v2\/comments?post=16315"}],"wp:featuredmedia":[{"embeddable":true,"href":"https:\/\/www.ksttukku.fi\/kauppa\/wp-json\/wp\/v2\/media\/16313"}],"wp:attachment":[{"href":"https:\/\/www.ksttukku.fi\/kauppa\/wp-json\/wp\/v2\/media?parent=16315"}],"wp:term":[{"taxonomy":"product_brand","embeddable":true,"href":"https:\/\/www.ksttukku.fi\/kauppa\/wp-json\/wp\/v2\/product_brand?post=16315"},{"taxonomy":"product_cat","embeddable":true,"href":"https:\/\/www.ksttukku.fi\/kauppa\/wp-json\/wp\/v2\/product_cat?post=16315"},{"taxonomy":"product_tag","embeddable":true,"href":"https:\/\/www.ksttukku.fi\/kauppa\/wp-json\/wp\/v2\/product_tag?post=16315"}],"curies":[{"name":"wp","href":"https:\/\/api.w.org\/{rel}","templated":true}]}}