{"id":1634,"date":"2018-05-18T17:59:53","date_gmt":"2018-05-18T14:59:53","guid":{"rendered":"http:\/\/www.ksttukku.fi\/kauppa\/?post_type=product&#038;p=1634"},"modified":"2025-09-13T14:00:54","modified_gmt":"2025-09-13T11:00:54","slug":"suihkuseina-kaantyva-savu","status":"publish","type":"product","link":"https:\/\/www.ksttukku.fi\/kauppa\/tuote\/suihkuseina-kaantyva-savu\/","title":{"rendered":"Suihkusein\u00e4 k\u00e4\u00e4ntyv\u00e4 savu"},"content":{"rendered":"<p>K\u00e4\u00e4ntyvist\u00e4 suihkuseinist\u00e4 voi yhdistelem\u00e4ll\u00e4 ja lis\u00e4osia k\u00e4ytt\u00e4m\u00e4ll\u00e4 rakentaa erikokoisia suihkukulmia, pariovia sek\u00e4 kiinteit\u00e4 suihkuseini\u00e4. Monipuolisista ja laadukkaista komponenteista l\u00f6ytyy ratkaisu monen kylpyhuoneen tarpeisiin. Suihkuseinien leveydet ovat 450, 600, 700, 800 ja 900 mm, korkeus on kaikissa sama 1900 mm. V\u00e4rivaihtoehdot ovat kirkas tai savulasi. Annettu leveys on minimi, leveytt\u00e4 voi kasvattaa 25-30 mm vet\u00e4m\u00e4ll\u00e4 lasia ulosp\u00e4in. Alumiinisessa profiilissa on 30 mm putkien l\u00e4pivientivara. Suihkusein\u00e4ss\u00e4 on mukana vakiona 20 mm silikonilaahus mutta mik\u00e4li se ei riit\u00e4, lis\u00e4varusteena on saatavana 50 mm laahus.<\/p>\n<ul>\n<li>6 mm savunv\u00e4rinen turvalasi<\/li>\n<li>Matta alumiiniprofiili<\/li>\n<li>5 mm nostosarana<\/li>\n<li>180 astetta k\u00e4\u00e4ntyv\u00e4 ovi<\/li>\n<li>Korkeus\u00a01900 mm<\/li>\n<li>Alareunassa vaihdettava silikonilaahus, vakiona 20 mm<\/li>\n<li>Profiilissa 30 mm putkien l\u00e4pivientivara<\/li>\n<\/ul>\n","protected":false},"excerpt":{"rendered":"<p>K\u00e4\u00e4ntyvist\u00e4 suihkuseinist\u00e4 voi yhdistelem\u00e4ll\u00e4 ja lis\u00e4osia k\u00e4ytt\u00e4m\u00e4ll\u00e4 rakentaa erikokoisia suihkukulmia, pariovia sek\u00e4 kiinteit\u00e4 suihkuseini\u00e4. Monipuolisista ja laadukkaista komponenteista l\u00f6ytyy ratkaisu monen kylpyhuoneen tarpeisiin. Suihkuseinien leveydet ovat 450, 600, 700, 800 ja 900 mm, korkeus on kaikissa sama 1900 mm. V\u00e4rivaihtoehdot ovat kirkas tai savulasi. Annettu leveys on minimi, leveytt\u00e4 voi kasvattaa 25-30 mm vet\u00e4m\u00e4ll\u00e4 lasia [&hellip;]<\/p>\n","protected":false},"featured_media":1640,"comment_status":"closed","ping_status":"closed","template":"","meta":[],"product_brand":[],"product_cat":[150,153],"product_tag":[],"class_list":{"0":"post-1634","1":"product","2":"type-product","3":"status-publish","4":"has-post-thumbnail","6":"product_cat-kylpyhuone","7":"product_cat-suihkuseinat","9":"first","10":"instock","11":"taxable","12":"shipping-taxable","13":"purchasable","14":"product-type-variable"},"_links":{"self":[{"href":"https:\/\/www.ksttukku.fi\/kauppa\/wp-json\/wp\/v2\/product\/1634","targetHints":{"allow":["GET"]}}],"collection":[{"href":"https:\/\/www.ksttukku.fi\/kauppa\/wp-json\/wp\/v2\/product"}],"about":[{"href":"https:\/\/www.ksttukku.fi\/kauppa\/wp-json\/wp\/v2\/types\/product"}],"replies":[{"embeddable":true,"href":"https:\/\/www.ksttukku.fi\/kauppa\/wp-json\/wp\/v2\/comments?post=1634"}],"wp:featuredmedia":[{"embeddable":true,"href":"https:\/\/www.ksttukku.fi\/kauppa\/wp-json\/wp\/v2\/media\/1640"}],"wp:attachment":[{"href":"https:\/\/www.ksttukku.fi\/kauppa\/wp-json\/wp\/v2\/media?parent=1634"}],"wp:term":[{"taxonomy":"product_brand","embeddable":true,"href":"https:\/\/www.ksttukku.fi\/kauppa\/wp-json\/wp\/v2\/product_brand?post=1634"},{"taxonomy":"product_cat","embeddable":true,"href":"https:\/\/www.ksttukku.fi\/kauppa\/wp-json\/wp\/v2\/product_cat?post=1634"},{"taxonomy":"product_tag","embeddable":true,"href":"https:\/\/www.ksttukku.fi\/kauppa\/wp-json\/wp\/v2\/product_tag?post=1634"}],"curies":[{"name":"wp","href":"https:\/\/api.w.org\/{rel}","templated":true}]}}