{"id":16409,"date":"2024-10-11T14:34:36","date_gmt":"2024-10-11T11:34:36","guid":{"rendered":"https:\/\/www.ksttukku.fi\/kauppa\/?post_type=product&#038;p=16409"},"modified":"2024-10-11T14:34:37","modified_gmt":"2024-10-11T11:34:37","slug":"ladattava-oljylyhty-leimu-varavirtatoiminto-32-w-250-lm","status":"publish","type":"product","link":"https:\/\/www.ksttukku.fi\/kauppa\/tuote\/ladattava-oljylyhty-leimu-varavirtatoiminto-32-w-250-lm\/","title":{"rendered":"Ladattava \u00f6ljylyhty LEIMU varavirtatoiminto 3,2 W 250 lm"},"content":{"rendered":"<p>Himmennett\u00e4v\u00e4 tunnelmallinen \u00f6ljylamppua muistuttava LEIMU varavirtatoiminnolla ja kolmella valotoiminnolla. Sopii tunnelmanluojaksi esimerkiksi m\u00f6kille.<\/p>\n<p><span id=\"data1\">Valoteho 10-200lm<br \/>\nValotoiminnot: himmennett\u00e4v\u00e4 l\u00e4mmins\u00e4vyinen valo, tuikkiva valo, valkoinen valo<br \/>\nAkku 3600Mh<br \/>\nV\u00e4ril\u00e4mp\u00f6tila 2200\/6500K<br \/>\nPaloaika 4,8-72h<br \/>\nLatausaika 5h<br \/>\nTeho: 3,2 W<br \/>\nIP20<\/span><\/p>\n<p>Korkeus:\u00a0 270 mm<\/p>\n<p>Halkaisja: 125 mm<\/p>\n","protected":false},"excerpt":{"rendered":"<p>Himmennett\u00e4v\u00e4 tunnelmallinen \u00f6ljylamppua muistuttava LEIMU varavirtatoiminnolla ja kolmella valotoiminnolla. Sopii tunnelmanluojaksi esimerkiksi m\u00f6kille. Valoteho 10-200lm Valotoiminnot: himmennett\u00e4v\u00e4 l\u00e4mmins\u00e4vyinen valo, tuikkiva valo, valkoinen valo Akku 3600Mh V\u00e4ril\u00e4mp\u00f6tila 2200\/6500K Paloaika 4,8-72h Latausaika 5h Teho: 3,2 W IP20 Korkeus:\u00a0 270 mm Halkaisja: 125 mm<\/p>\n","protected":false},"featured_media":16410,"comment_status":"closed","ping_status":"closed","template":"","meta":[],"product_brand":[],"product_cat":[176,199,44,35,34],"product_tag":[],"class_list":{"0":"post-16409","1":"product","2":"type-product","3":"status-publish","4":"has-post-thumbnail","6":"product_cat-joulu-ja-koristevalot","7":"product_cat-koristevalot","8":"product_cat-poytavalaisimet","9":"product_cat-sisavalaisimet","10":"product_cat-valaisimet","12":"first","13":"instock","14":"taxable","15":"shipping-taxable","16":"purchasable","17":"product-type-simple"},"_links":{"self":[{"href":"https:\/\/www.ksttukku.fi\/kauppa\/wp-json\/wp\/v2\/product\/16409","targetHints":{"allow":["GET"]}}],"collection":[{"href":"https:\/\/www.ksttukku.fi\/kauppa\/wp-json\/wp\/v2\/product"}],"about":[{"href":"https:\/\/www.ksttukku.fi\/kauppa\/wp-json\/wp\/v2\/types\/product"}],"replies":[{"embeddable":true,"href":"https:\/\/www.ksttukku.fi\/kauppa\/wp-json\/wp\/v2\/comments?post=16409"}],"wp:featuredmedia":[{"embeddable":true,"href":"https:\/\/www.ksttukku.fi\/kauppa\/wp-json\/wp\/v2\/media\/16410"}],"wp:attachment":[{"href":"https:\/\/www.ksttukku.fi\/kauppa\/wp-json\/wp\/v2\/media?parent=16409"}],"wp:term":[{"taxonomy":"product_brand","embeddable":true,"href":"https:\/\/www.ksttukku.fi\/kauppa\/wp-json\/wp\/v2\/product_brand?post=16409"},{"taxonomy":"product_cat","embeddable":true,"href":"https:\/\/www.ksttukku.fi\/kauppa\/wp-json\/wp\/v2\/product_cat?post=16409"},{"taxonomy":"product_tag","embeddable":true,"href":"https:\/\/www.ksttukku.fi\/kauppa\/wp-json\/wp\/v2\/product_tag?post=16409"}],"curies":[{"name":"wp","href":"https:\/\/api.w.org\/{rel}","templated":true}]}}