{"id":1642,"date":"2018-05-21T11:55:42","date_gmt":"2018-05-21T08:55:42","guid":{"rendered":"http:\/\/www.ksttukku.fi\/kauppa\/?post_type=product&#038;p=1642"},"modified":"2018-05-21T11:55:42","modified_gmt":"2018-05-21T08:55:42","slug":"vino-seinatuki","status":"publish","type":"product","link":"https:\/\/www.ksttukku.fi\/kauppa\/tuote\/vino-seinatuki\/","title":{"rendered":"Vino sein\u00e4tuki"},"content":{"rendered":"<p>K\u00e4\u00e4ntyvist\u00e4 suihkuseinist\u00e4 voi yhdistelem\u00e4ll\u00e4 ja lis\u00e4osia k\u00e4ytt\u00e4m\u00e4ll\u00e4 rakentaa erikokoisia suihkukulmia, pariovia sek\u00e4 kiinteit\u00e4 suihkuseini\u00e4. Monipuolisista ja laadukkaista komponenteista l\u00f6ytyy ratkaisu monen kylpyhuoneen tarpeisiin.<\/p>\n<p>Vino sein\u00e4tuki yhdess\u00e4 lattiatuen kanssa mahdollistaa k\u00e4\u00e4ntyv\u00e4n sein\u00e4n muuntamisen kiinte\u00e4ksi esim. silloin, kun halutaan toisen sein\u00e4n olevan kiinte\u00e4 ja toisen k\u00e4\u00e4ntyv\u00e4. Tuen pituus on 300-500 mm.<\/p>\n","protected":false},"excerpt":{"rendered":"<p>K\u00e4\u00e4ntyvist\u00e4 suihkuseinist\u00e4 voi yhdistelem\u00e4ll\u00e4 ja lis\u00e4osia k\u00e4ytt\u00e4m\u00e4ll\u00e4 rakentaa erikokoisia suihkukulmia, pariovia sek\u00e4 kiinteit\u00e4 suihkuseini\u00e4. Monipuolisista ja laadukkaista komponenteista l\u00f6ytyy ratkaisu monen kylpyhuoneen tarpeisiin. Vino sein\u00e4tuki yhdess\u00e4 lattiatuen kanssa mahdollistaa k\u00e4\u00e4ntyv\u00e4n sein\u00e4n muuntamisen kiinte\u00e4ksi esim. silloin, kun halutaan toisen sein\u00e4n olevan kiinte\u00e4 ja toisen k\u00e4\u00e4ntyv\u00e4. Tuen pituus on 300-500 mm.<\/p>\n","protected":false},"featured_media":1643,"comment_status":"closed","ping_status":"closed","template":"","meta":[],"product_brand":[],"product_cat":[150,162],"product_tag":[],"class_list":{"0":"post-1642","1":"product","2":"type-product","3":"status-publish","4":"has-post-thumbnail","6":"product_cat-kylpyhuone","7":"product_cat-lisaosat-kaantyville-suihkuseinille","9":"first","10":"instock","11":"taxable","12":"shipping-taxable","13":"purchasable","14":"product-type-simple"},"_links":{"self":[{"href":"https:\/\/www.ksttukku.fi\/kauppa\/wp-json\/wp\/v2\/product\/1642","targetHints":{"allow":["GET"]}}],"collection":[{"href":"https:\/\/www.ksttukku.fi\/kauppa\/wp-json\/wp\/v2\/product"}],"about":[{"href":"https:\/\/www.ksttukku.fi\/kauppa\/wp-json\/wp\/v2\/types\/product"}],"replies":[{"embeddable":true,"href":"https:\/\/www.ksttukku.fi\/kauppa\/wp-json\/wp\/v2\/comments?post=1642"}],"wp:featuredmedia":[{"embeddable":true,"href":"https:\/\/www.ksttukku.fi\/kauppa\/wp-json\/wp\/v2\/media\/1643"}],"wp:attachment":[{"href":"https:\/\/www.ksttukku.fi\/kauppa\/wp-json\/wp\/v2\/media?parent=1642"}],"wp:term":[{"taxonomy":"product_brand","embeddable":true,"href":"https:\/\/www.ksttukku.fi\/kauppa\/wp-json\/wp\/v2\/product_brand?post=1642"},{"taxonomy":"product_cat","embeddable":true,"href":"https:\/\/www.ksttukku.fi\/kauppa\/wp-json\/wp\/v2\/product_cat?post=1642"},{"taxonomy":"product_tag","embeddable":true,"href":"https:\/\/www.ksttukku.fi\/kauppa\/wp-json\/wp\/v2\/product_tag?post=1642"}],"curies":[{"name":"wp","href":"https:\/\/api.w.org\/{rel}","templated":true}]}}