{"id":16424,"date":"2024-10-19T12:43:44","date_gmt":"2024-10-19T09:43:44","guid":{"rendered":"https:\/\/www.ksttukku.fi\/kauppa\/?post_type=product&#038;p=16424"},"modified":"2026-01-05T12:10:08","modified_gmt":"2026-01-05T10:10:08","slug":"valoketju-1500led-lammin-valkoinen-musta-johto-150-metria","status":"publish","type":"product","link":"https:\/\/www.ksttukku.fi\/kauppa\/tuote\/valoketju-1500led-lammin-valkoinen-musta-johto-150-metria\/","title":{"rendered":"Valoketju 1500LED l\u00e4mmin valkoinen musta johto   150 metri\u00e4"},"content":{"rendered":"<p>Valoketjuilla voit muuttaa mink\u00e4 tahansa tilan kutsuvaksi keitaaksi<\/p>\n<p>Ihanteellinen tunnelmavalaistus terasseille, parvekkeille ja puutarhaan.<\/p>\n<p>Tekniset tiedot: 1500 kpl l\u00e4mmin valkoista LED-valoa. Lamppuv\u00e4li 10 cm.<\/p>\n<p>Pituus 150 m. Liitosjohto 5 m (musta). Muuntaja IP44.<\/p>\n<p>Soveltuu sis\u00e4- ja ulkok\u00e4ytt\u00f6\u00f6n.<\/p>\n","protected":false},"excerpt":{"rendered":"<p>Valoketjuilla voit muuttaa mink\u00e4 tahansa tilan kutsuvaksi keitaaksi Ihanteellinen tunnelmavalaistus terasseille, parvekkeille ja puutarhaan. Tekniset tiedot: 1500 kpl l\u00e4mmin valkoista LED-valoa. Lamppuv\u00e4li 10 cm. Pituus 150 m. Liitosjohto 5 m (musta). Muuntaja IP44. Soveltuu sis\u00e4- ja ulkok\u00e4ytt\u00f6\u00f6n.<\/p>\n","protected":false},"featured_media":16425,"comment_status":"closed","ping_status":"closed","template":"","meta":[],"product_brand":[],"product_cat":[176,197,199,177],"product_tag":[],"class_list":{"0":"post-16424","1":"product","2":"type-product","3":"status-publish","4":"has-post-thumbnail","6":"product_cat-joulu-ja-koristevalot","7":"product_cat-joulukuusen-valosarjat","8":"product_cat-koristevalot","9":"product_cat-valosarjat","11":"first","12":"instock","13":"taxable","14":"shipping-taxable","15":"purchasable","16":"product-type-simple"},"_links":{"self":[{"href":"https:\/\/www.ksttukku.fi\/kauppa\/wp-json\/wp\/v2\/product\/16424","targetHints":{"allow":["GET"]}}],"collection":[{"href":"https:\/\/www.ksttukku.fi\/kauppa\/wp-json\/wp\/v2\/product"}],"about":[{"href":"https:\/\/www.ksttukku.fi\/kauppa\/wp-json\/wp\/v2\/types\/product"}],"replies":[{"embeddable":true,"href":"https:\/\/www.ksttukku.fi\/kauppa\/wp-json\/wp\/v2\/comments?post=16424"}],"wp:featuredmedia":[{"embeddable":true,"href":"https:\/\/www.ksttukku.fi\/kauppa\/wp-json\/wp\/v2\/media\/16425"}],"wp:attachment":[{"href":"https:\/\/www.ksttukku.fi\/kauppa\/wp-json\/wp\/v2\/media?parent=16424"}],"wp:term":[{"taxonomy":"product_brand","embeddable":true,"href":"https:\/\/www.ksttukku.fi\/kauppa\/wp-json\/wp\/v2\/product_brand?post=16424"},{"taxonomy":"product_cat","embeddable":true,"href":"https:\/\/www.ksttukku.fi\/kauppa\/wp-json\/wp\/v2\/product_cat?post=16424"},{"taxonomy":"product_tag","embeddable":true,"href":"https:\/\/www.ksttukku.fi\/kauppa\/wp-json\/wp\/v2\/product_tag?post=16424"}],"curies":[{"name":"wp","href":"https:\/\/api.w.org\/{rel}","templated":true}]}}