{"id":16433,"date":"2024-10-19T15:45:57","date_gmt":"2024-10-19T12:45:57","guid":{"rendered":"https:\/\/www.ksttukku.fi\/kauppa\/?post_type=product&#038;p=16433"},"modified":"2026-01-12T15:13:20","modified_gmt":"2026-01-12T13:13:20","slug":"konstsmide-cluster-valosarja-878-m","status":"publish","type":"product","link":"https:\/\/www.ksttukku.fi\/kauppa\/tuote\/konstsmide-cluster-valosarja-878-m\/","title":{"rendered":"Konstsmide cluster valosarja 8,78 m"},"content":{"rendered":"<p>N\u00e4ytt\u00e4v\u00e4 tihe\u00e4 valosarja sis\u00e4k\u00e4ytt\u00f6\u00f6n 400 ledi\u00e4.<\/p>\n<p>V\u00e4ris\u00e4vyn\u00e4. l\u00e4mminvalkoinen<\/p>\n<p>Musta johto, liitosjohto 3 m.<\/p>\n<p>Kokonaispituus: 11.78 m<\/p>\n","protected":false},"excerpt":{"rendered":"<p>N\u00e4ytt\u00e4v\u00e4 tihe\u00e4 valosarja sis\u00e4k\u00e4ytt\u00f6\u00f6n 400 ledi\u00e4. V\u00e4ris\u00e4vyn\u00e4. l\u00e4mminvalkoinen Musta johto, liitosjohto 3 m. Kokonaispituus: 11.78 m<\/p>\n","protected":false},"featured_media":16434,"comment_status":"closed","ping_status":"closed","template":"","meta":[],"product_brand":[],"product_cat":[176,197,199,177],"product_tag":[],"class_list":{"0":"post-16433","1":"product","2":"type-product","3":"status-publish","4":"has-post-thumbnail","6":"product_cat-joulu-ja-koristevalot","7":"product_cat-joulukuusen-valosarjat","8":"product_cat-koristevalot","9":"product_cat-valosarjat","11":"first","12":"instock","13":"taxable","14":"shipping-taxable","15":"purchasable","16":"product-type-simple"},"_links":{"self":[{"href":"https:\/\/www.ksttukku.fi\/kauppa\/wp-json\/wp\/v2\/product\/16433","targetHints":{"allow":["GET"]}}],"collection":[{"href":"https:\/\/www.ksttukku.fi\/kauppa\/wp-json\/wp\/v2\/product"}],"about":[{"href":"https:\/\/www.ksttukku.fi\/kauppa\/wp-json\/wp\/v2\/types\/product"}],"replies":[{"embeddable":true,"href":"https:\/\/www.ksttukku.fi\/kauppa\/wp-json\/wp\/v2\/comments?post=16433"}],"wp:featuredmedia":[{"embeddable":true,"href":"https:\/\/www.ksttukku.fi\/kauppa\/wp-json\/wp\/v2\/media\/16434"}],"wp:attachment":[{"href":"https:\/\/www.ksttukku.fi\/kauppa\/wp-json\/wp\/v2\/media?parent=16433"}],"wp:term":[{"taxonomy":"product_brand","embeddable":true,"href":"https:\/\/www.ksttukku.fi\/kauppa\/wp-json\/wp\/v2\/product_brand?post=16433"},{"taxonomy":"product_cat","embeddable":true,"href":"https:\/\/www.ksttukku.fi\/kauppa\/wp-json\/wp\/v2\/product_cat?post=16433"},{"taxonomy":"product_tag","embeddable":true,"href":"https:\/\/www.ksttukku.fi\/kauppa\/wp-json\/wp\/v2\/product_tag?post=16433"}],"curies":[{"name":"wp","href":"https:\/\/api.w.org\/{rel}","templated":true}]}}