{"id":16450,"date":"2024-10-24T16:52:28","date_gmt":"2024-10-24T13:52:28","guid":{"rendered":"https:\/\/www.ksttukku.fi\/kauppa\/?post_type=product&#038;p=16450"},"modified":"2024-10-24T16:52:46","modified_gmt":"2024-10-24T13:52:46","slug":"airam-varalamppu-2w-24v-e10","status":"publish","type":"product","link":"https:\/\/www.ksttukku.fi\/kauppa\/tuote\/airam-varalamppu-2w-24v-e10\/","title":{"rendered":"Airam varalamppu 2W 24V E10"},"content":{"rendered":"<p>AIRAM VARALAMPPU Sopii mm. imukuppikynttil\u00e4sarjoihin, kynttelikk\u00f6ihin, jouluikkunaan, kynttil\u00e4taloihin ja kynttil\u00e4ketjuihin.<\/p>\n<p>Valonl\u00e4hde 24V 2W E10 Varalamppu kirkas 3 kpl pakkauksessa..<\/p>\n","protected":false},"excerpt":{"rendered":"<p>AIRAM VARALAMPPU Sopii mm. imukuppikynttil\u00e4sarjoihin, kynttelikk\u00f6ihin, jouluikkunaan, kynttil\u00e4taloihin ja kynttil\u00e4ketjuihin. Valonl\u00e4hde 24V 2W E10 Varalamppu kirkas 3 kpl pakkauksessa..<\/p>\n","protected":false},"featured_media":16451,"comment_status":"closed","ping_status":"closed","template":"","meta":[],"product_brand":[],"product_cat":[176,316],"product_tag":[],"class_list":{"0":"post-16450","1":"product","2":"type-product","3":"status-publish","4":"has-post-thumbnail","6":"product_cat-joulu-ja-koristevalot","7":"product_cat-jouluvalojen-varalamput","9":"first","10":"instock","11":"taxable","12":"shipping-taxable","13":"purchasable","14":"product-type-simple"},"_links":{"self":[{"href":"https:\/\/www.ksttukku.fi\/kauppa\/wp-json\/wp\/v2\/product\/16450","targetHints":{"allow":["GET"]}}],"collection":[{"href":"https:\/\/www.ksttukku.fi\/kauppa\/wp-json\/wp\/v2\/product"}],"about":[{"href":"https:\/\/www.ksttukku.fi\/kauppa\/wp-json\/wp\/v2\/types\/product"}],"replies":[{"embeddable":true,"href":"https:\/\/www.ksttukku.fi\/kauppa\/wp-json\/wp\/v2\/comments?post=16450"}],"wp:featuredmedia":[{"embeddable":true,"href":"https:\/\/www.ksttukku.fi\/kauppa\/wp-json\/wp\/v2\/media\/16451"}],"wp:attachment":[{"href":"https:\/\/www.ksttukku.fi\/kauppa\/wp-json\/wp\/v2\/media?parent=16450"}],"wp:term":[{"taxonomy":"product_brand","embeddable":true,"href":"https:\/\/www.ksttukku.fi\/kauppa\/wp-json\/wp\/v2\/product_brand?post=16450"},{"taxonomy":"product_cat","embeddable":true,"href":"https:\/\/www.ksttukku.fi\/kauppa\/wp-json\/wp\/v2\/product_cat?post=16450"},{"taxonomy":"product_tag","embeddable":true,"href":"https:\/\/www.ksttukku.fi\/kauppa\/wp-json\/wp\/v2\/product_tag?post=16450"}],"curies":[{"name":"wp","href":"https:\/\/api.w.org\/{rel}","templated":true}]}}