{"id":16454,"date":"2024-10-27T12:46:14","date_gmt":"2024-10-27T10:46:14","guid":{"rendered":"https:\/\/www.ksttukku.fi\/kauppa\/?post_type=product&#038;p=16454"},"modified":"2025-11-15T10:15:09","modified_gmt":"2025-11-15T08:15:09","slug":"joulukuusi-elite-215-cm","status":"publish","type":"product","link":"https:\/\/www.ksttukku.fi\/kauppa\/tuote\/joulukuusi-elite-215-cm\/","title":{"rendered":"Joulukuusi Elite 215 cm"},"content":{"rendered":"<p>Tyylik\u00e4s, vihre\u00e4 joulukuusi on hyv\u00e4\u00a0 valinta kodin ja toimiston sisustukseen.<\/p>\n<p>Sopivan aidon kuusen n\u00e4k\u00f6inen.<\/p>\n<p>1161 oksank\u00e4rke\u00e4, saranoidut oksat, metallijalka, alaosan leveys n. 157 cm.<\/p>\n<p>Korkeus: 215 cm<\/p>\n","protected":false},"excerpt":{"rendered":"<p>Tyylik\u00e4s, vihre\u00e4 joulukuusi on hyv\u00e4\u00a0 valinta kodin ja toimiston sisustukseen. Sopivan aidon kuusen n\u00e4k\u00f6inen. 1161 oksank\u00e4rke\u00e4, saranoidut oksat, metallijalka, alaosan leveys n. 157 cm. Korkeus: 215 cm<\/p>\n","protected":false},"featured_media":16455,"comment_status":"closed","ping_status":"closed","template":"","meta":[],"product_brand":[],"product_cat":[176,178],"product_tag":[],"class_list":{"0":"post-16454","1":"product","2":"type-product","3":"status-publish","4":"has-post-thumbnail","6":"product_cat-joulu-ja-koristevalot","7":"product_cat-joulukuuset","9":"first","10":"instock","11":"taxable","12":"shipping-taxable","13":"purchasable","14":"product-type-simple"},"_links":{"self":[{"href":"https:\/\/www.ksttukku.fi\/kauppa\/wp-json\/wp\/v2\/product\/16454","targetHints":{"allow":["GET"]}}],"collection":[{"href":"https:\/\/www.ksttukku.fi\/kauppa\/wp-json\/wp\/v2\/product"}],"about":[{"href":"https:\/\/www.ksttukku.fi\/kauppa\/wp-json\/wp\/v2\/types\/product"}],"replies":[{"embeddable":true,"href":"https:\/\/www.ksttukku.fi\/kauppa\/wp-json\/wp\/v2\/comments?post=16454"}],"wp:featuredmedia":[{"embeddable":true,"href":"https:\/\/www.ksttukku.fi\/kauppa\/wp-json\/wp\/v2\/media\/16455"}],"wp:attachment":[{"href":"https:\/\/www.ksttukku.fi\/kauppa\/wp-json\/wp\/v2\/media?parent=16454"}],"wp:term":[{"taxonomy":"product_brand","embeddable":true,"href":"https:\/\/www.ksttukku.fi\/kauppa\/wp-json\/wp\/v2\/product_brand?post=16454"},{"taxonomy":"product_cat","embeddable":true,"href":"https:\/\/www.ksttukku.fi\/kauppa\/wp-json\/wp\/v2\/product_cat?post=16454"},{"taxonomy":"product_tag","embeddable":true,"href":"https:\/\/www.ksttukku.fi\/kauppa\/wp-json\/wp\/v2\/product_tag?post=16454"}],"curies":[{"name":"wp","href":"https:\/\/api.w.org\/{rel}","templated":true}]}}