{"id":16458,"date":"2024-10-27T12:53:32","date_gmt":"2024-10-27T10:53:32","guid":{"rendered":"https:\/\/www.ksttukku.fi\/kauppa\/?post_type=product&#038;p=16458"},"modified":"2025-10-30T15:54:49","modified_gmt":"2025-10-30T13:54:49","slug":"joulukuusi-elite-180-cm","status":"publish","type":"product","link":"https:\/\/www.ksttukku.fi\/kauppa\/tuote\/joulukuusi-elite-180-cm\/","title":{"rendered":"Joulukuusi Elite 180 cm"},"content":{"rendered":"<p>Tyylik\u00e4s, vihre\u00e4 joulukuusi on hyv\u00e4 valinta kodin ja toimiston sisustukseen.<\/p>\n<p>Sopivan aidon kuusen n\u00e4k\u00f6inen.<\/p>\n<p>846 oksank\u00e4rke\u00e4, saranoidut oksat, metallijalka, alaosan leveys n. 147cm<\/p>\n<p>Korkeus: 180 cm<\/p>\n","protected":false},"excerpt":{"rendered":"<p>Tyylik\u00e4s, vihre\u00e4 joulukuusi on hyv\u00e4 valinta kodin ja toimiston sisustukseen. Sopivan aidon kuusen n\u00e4k\u00f6inen. 846 oksank\u00e4rke\u00e4, saranoidut oksat, metallijalka, alaosan leveys n. 147cm Korkeus: 180 cm<\/p>\n","protected":false},"featured_media":16461,"comment_status":"closed","ping_status":"closed","template":"","meta":[],"product_brand":[],"product_cat":[176,178],"product_tag":[],"class_list":{"0":"post-16458","1":"product","2":"type-product","3":"status-publish","4":"has-post-thumbnail","6":"product_cat-joulu-ja-koristevalot","7":"product_cat-joulukuuset","9":"first","10":"instock","11":"taxable","12":"shipping-taxable","13":"purchasable","14":"product-type-simple"},"_links":{"self":[{"href":"https:\/\/www.ksttukku.fi\/kauppa\/wp-json\/wp\/v2\/product\/16458","targetHints":{"allow":["GET"]}}],"collection":[{"href":"https:\/\/www.ksttukku.fi\/kauppa\/wp-json\/wp\/v2\/product"}],"about":[{"href":"https:\/\/www.ksttukku.fi\/kauppa\/wp-json\/wp\/v2\/types\/product"}],"replies":[{"embeddable":true,"href":"https:\/\/www.ksttukku.fi\/kauppa\/wp-json\/wp\/v2\/comments?post=16458"}],"wp:featuredmedia":[{"embeddable":true,"href":"https:\/\/www.ksttukku.fi\/kauppa\/wp-json\/wp\/v2\/media\/16461"}],"wp:attachment":[{"href":"https:\/\/www.ksttukku.fi\/kauppa\/wp-json\/wp\/v2\/media?parent=16458"}],"wp:term":[{"taxonomy":"product_brand","embeddable":true,"href":"https:\/\/www.ksttukku.fi\/kauppa\/wp-json\/wp\/v2\/product_brand?post=16458"},{"taxonomy":"product_cat","embeddable":true,"href":"https:\/\/www.ksttukku.fi\/kauppa\/wp-json\/wp\/v2\/product_cat?post=16458"},{"taxonomy":"product_tag","embeddable":true,"href":"https:\/\/www.ksttukku.fi\/kauppa\/wp-json\/wp\/v2\/product_tag?post=16458"}],"curies":[{"name":"wp","href":"https:\/\/api.w.org\/{rel}","templated":true}]}}