{"id":16462,"date":"2024-10-27T13:09:35","date_gmt":"2024-10-27T11:09:35","guid":{"rendered":"https:\/\/www.ksttukku.fi\/kauppa\/?post_type=product&#038;p=16462"},"modified":"2024-10-27T13:09:35","modified_gmt":"2024-10-27T11:09:35","slug":"joulukuusi-premium-120-cm","status":"publish","type":"product","link":"https:\/\/www.ksttukku.fi\/kauppa\/tuote\/joulukuusi-premium-120-cm\/","title":{"rendered":"Joulukuusi Premium 120 cm"},"content":{"rendered":"<p>Kaunis ja aidon n\u00e4k\u00f6inen tekokuusi tuo ihanaa joulutunnelmaa vuodesta toiseen, eik\u00e4 se varista neulasia pitkin lattioita tai vaadi hoitoa. Erinomainen valinta sis\u00e4k\u00e4ytt\u00f6\u00f6n allergikoille. Kuusessa on saranoidut oksat ja 363 oksank\u00e4rke\u00e4. Alaosan leveys t\u00e4ydess\u00e4 mitassaan noin 92 cm, voi olla kapeampi, mik\u00e4li oksat taitetaan sein\u00e4\u00e4 vasten. Mukana metallijalka. Kuusen korkeus 120 cm. Kuusi on valmistettu palamattomasta PVC:st\u00e4. Kuusi koostuu vain muutamasta osasta, joten sen kokoaminen on helppoa ja nopeaa. Tekokuuset on pakattu mahdollisimman tiiviisti tilan s\u00e4\u00e4st\u00e4miseksi. Jotta kuusi olisi mahdollisimman tuuhea ja n\u00e4ytt\u00e4v\u00e4, tulee oksat avata, asetella ja p\u00f6yhi\u00e4 huolella.<\/p>\n","protected":false},"excerpt":{"rendered":"<p>Kaunis ja aidon n\u00e4k\u00f6inen tekokuusi tuo ihanaa joulutunnelmaa vuodesta toiseen, eik\u00e4 se varista neulasia pitkin lattioita tai vaadi hoitoa. Erinomainen valinta sis\u00e4k\u00e4ytt\u00f6\u00f6n allergikoille. Kuusessa on saranoidut oksat ja 363 oksank\u00e4rke\u00e4. Alaosan leveys t\u00e4ydess\u00e4 mitassaan noin 92 cm, voi olla kapeampi, mik\u00e4li oksat taitetaan sein\u00e4\u00e4 vasten. Mukana metallijalka. Kuusen korkeus 120 cm. Kuusi on valmistettu palamattomasta [&hellip;]<\/p>\n","protected":false},"featured_media":16465,"comment_status":"closed","ping_status":"closed","template":"","meta":[],"product_brand":[],"product_cat":[176,178],"product_tag":[],"class_list":{"0":"post-16462","1":"product","2":"type-product","3":"status-publish","4":"has-post-thumbnail","6":"product_cat-joulu-ja-koristevalot","7":"product_cat-joulukuuset","9":"first","10":"instock","11":"taxable","12":"shipping-taxable","13":"purchasable","14":"product-type-simple"},"_links":{"self":[{"href":"https:\/\/www.ksttukku.fi\/kauppa\/wp-json\/wp\/v2\/product\/16462","targetHints":{"allow":["GET"]}}],"collection":[{"href":"https:\/\/www.ksttukku.fi\/kauppa\/wp-json\/wp\/v2\/product"}],"about":[{"href":"https:\/\/www.ksttukku.fi\/kauppa\/wp-json\/wp\/v2\/types\/product"}],"replies":[{"embeddable":true,"href":"https:\/\/www.ksttukku.fi\/kauppa\/wp-json\/wp\/v2\/comments?post=16462"}],"wp:featuredmedia":[{"embeddable":true,"href":"https:\/\/www.ksttukku.fi\/kauppa\/wp-json\/wp\/v2\/media\/16465"}],"wp:attachment":[{"href":"https:\/\/www.ksttukku.fi\/kauppa\/wp-json\/wp\/v2\/media?parent=16462"}],"wp:term":[{"taxonomy":"product_brand","embeddable":true,"href":"https:\/\/www.ksttukku.fi\/kauppa\/wp-json\/wp\/v2\/product_brand?post=16462"},{"taxonomy":"product_cat","embeddable":true,"href":"https:\/\/www.ksttukku.fi\/kauppa\/wp-json\/wp\/v2\/product_cat?post=16462"},{"taxonomy":"product_tag","embeddable":true,"href":"https:\/\/www.ksttukku.fi\/kauppa\/wp-json\/wp\/v2\/product_tag?post=16462"}],"curies":[{"name":"wp","href":"https:\/\/api.w.org\/{rel}","templated":true}]}}