{"id":16473,"date":"2024-10-27T13:36:18","date_gmt":"2024-10-27T11:36:18","guid":{"rendered":"https:\/\/www.ksttukku.fi\/kauppa\/?post_type=product&#038;p=16473"},"modified":"2024-10-27T13:36:18","modified_gmt":"2024-10-27T11:36:18","slug":"kuusi-juuttiruukussa-luminen-125-cm","status":"publish","type":"product","link":"https:\/\/www.ksttukku.fi\/kauppa\/tuote\/kuusi-juuttiruukussa-luminen-125-cm\/","title":{"rendered":"Kuusi juuttiruukussa luminen 125 cm"},"content":{"rendered":"<p>Kaunis ja helppohoitoinen tekokuusi ilahduttaa sinua vuodesta toiseen. Tekokasvit eiv\u00e4t tarvitse kastelua eik\u00e4 hoitoa ja ne sopivat my\u00f6s allergisille ja lemmikkitalouksiin.<\/p>\n","protected":false},"excerpt":{"rendered":"<p>Kaunis ja helppohoitoinen tekokuusi ilahduttaa sinua vuodesta toiseen. Tekokasvit eiv\u00e4t tarvitse kastelua eik\u00e4 hoitoa ja ne sopivat my\u00f6s allergisille ja lemmikkitalouksiin.<\/p>\n","protected":false},"featured_media":16474,"comment_status":"closed","ping_status":"closed","template":"","meta":[],"product_brand":[],"product_cat":[176,178],"product_tag":[],"class_list":{"0":"post-16473","1":"product","2":"type-product","3":"status-publish","4":"has-post-thumbnail","6":"product_cat-joulu-ja-koristevalot","7":"product_cat-joulukuuset","9":"first","10":"instock","11":"taxable","12":"shipping-taxable","13":"purchasable","14":"product-type-simple"},"_links":{"self":[{"href":"https:\/\/www.ksttukku.fi\/kauppa\/wp-json\/wp\/v2\/product\/16473","targetHints":{"allow":["GET"]}}],"collection":[{"href":"https:\/\/www.ksttukku.fi\/kauppa\/wp-json\/wp\/v2\/product"}],"about":[{"href":"https:\/\/www.ksttukku.fi\/kauppa\/wp-json\/wp\/v2\/types\/product"}],"replies":[{"embeddable":true,"href":"https:\/\/www.ksttukku.fi\/kauppa\/wp-json\/wp\/v2\/comments?post=16473"}],"wp:featuredmedia":[{"embeddable":true,"href":"https:\/\/www.ksttukku.fi\/kauppa\/wp-json\/wp\/v2\/media\/16474"}],"wp:attachment":[{"href":"https:\/\/www.ksttukku.fi\/kauppa\/wp-json\/wp\/v2\/media?parent=16473"}],"wp:term":[{"taxonomy":"product_brand","embeddable":true,"href":"https:\/\/www.ksttukku.fi\/kauppa\/wp-json\/wp\/v2\/product_brand?post=16473"},{"taxonomy":"product_cat","embeddable":true,"href":"https:\/\/www.ksttukku.fi\/kauppa\/wp-json\/wp\/v2\/product_cat?post=16473"},{"taxonomy":"product_tag","embeddable":true,"href":"https:\/\/www.ksttukku.fi\/kauppa\/wp-json\/wp\/v2\/product_tag?post=16473"}],"curies":[{"name":"wp","href":"https:\/\/api.w.org\/{rel}","templated":true}]}}