{"id":16479,"date":"2024-10-30T10:13:12","date_gmt":"2024-10-30T08:13:12","guid":{"rendered":"https:\/\/www.ksttukku.fi\/kauppa\/?post_type=product&#038;p=16479"},"modified":"2024-10-30T10:13:13","modified_gmt":"2024-10-30T08:13:13","slug":"konstsmide-valokoristelyhty","status":"publish","type":"product","link":"https:\/\/www.ksttukku.fi\/kauppa\/tuote\/konstsmide-valokoristelyhty\/","title":{"rendered":"Konstsmide Valokoristelyhty"},"content":{"rendered":"<p>Vesit\u00e4ytteinen lyhty, jonka sis\u00e4ll\u00e4 leijailevat\u00a0 hiutaleet kimmeltelev\u00e4t kauniisti.<\/p>\n<p>5 tunnin ajastintoiminto.<\/p>\n<p>Korkeus 22 cm ja leveys 10,5 cm.<\/p>\n<p>Paristok\u00e4ytt\u00f6inen (3 x AA).<\/p>\n","protected":false},"excerpt":{"rendered":"<p>Vesit\u00e4ytteinen lyhty, jonka sis\u00e4ll\u00e4 leijailevat\u00a0 hiutaleet kimmeltelev\u00e4t kauniisti. 5 tunnin ajastintoiminto. Korkeus 22 cm ja leveys 10,5 cm. Paristok\u00e4ytt\u00f6inen (3 x AA).<\/p>\n","protected":false},"featured_media":16481,"comment_status":"closed","ping_status":"closed","template":"","meta":[],"product_brand":[],"product_cat":[176,199,180],"product_tag":[],"class_list":{"0":"post-16479","1":"product","2":"type-product","3":"status-publish","4":"has-post-thumbnail","6":"product_cat-joulu-ja-koristevalot","7":"product_cat-koristevalot","8":"product_cat-paristovalosarjat","10":"first","11":"instock","12":"taxable","13":"shipping-taxable","14":"purchasable","15":"product-type-simple"},"_links":{"self":[{"href":"https:\/\/www.ksttukku.fi\/kauppa\/wp-json\/wp\/v2\/product\/16479","targetHints":{"allow":["GET"]}}],"collection":[{"href":"https:\/\/www.ksttukku.fi\/kauppa\/wp-json\/wp\/v2\/product"}],"about":[{"href":"https:\/\/www.ksttukku.fi\/kauppa\/wp-json\/wp\/v2\/types\/product"}],"replies":[{"embeddable":true,"href":"https:\/\/www.ksttukku.fi\/kauppa\/wp-json\/wp\/v2\/comments?post=16479"}],"wp:featuredmedia":[{"embeddable":true,"href":"https:\/\/www.ksttukku.fi\/kauppa\/wp-json\/wp\/v2\/media\/16481"}],"wp:attachment":[{"href":"https:\/\/www.ksttukku.fi\/kauppa\/wp-json\/wp\/v2\/media?parent=16479"}],"wp:term":[{"taxonomy":"product_brand","embeddable":true,"href":"https:\/\/www.ksttukku.fi\/kauppa\/wp-json\/wp\/v2\/product_brand?post=16479"},{"taxonomy":"product_cat","embeddable":true,"href":"https:\/\/www.ksttukku.fi\/kauppa\/wp-json\/wp\/v2\/product_cat?post=16479"},{"taxonomy":"product_tag","embeddable":true,"href":"https:\/\/www.ksttukku.fi\/kauppa\/wp-json\/wp\/v2\/product_tag?post=16479"}],"curies":[{"name":"wp","href":"https:\/\/api.w.org\/{rel}","templated":true}]}}