{"id":1648,"date":"2018-05-21T12:22:53","date_gmt":"2018-05-21T09:22:53","guid":{"rendered":"http:\/\/www.ksttukku.fi\/kauppa\/?post_type=product&#038;p=1648"},"modified":"2018-05-22T19:43:56","modified_gmt":"2018-05-22T16:43:56","slug":"vedin","status":"publish","type":"product","link":"https:\/\/www.ksttukku.fi\/kauppa\/tuote\/vedin\/","title":{"rendered":"Vedin"},"content":{"rendered":"<p>K\u00e4\u00e4ntyvist\u00e4 suihkuseinist\u00e4 voi yhdistelem\u00e4ll\u00e4 ja lis\u00e4osia k\u00e4ytt\u00e4m\u00e4ll\u00e4 rakentaa erikokoisia suihkukulmia, pariovia sek\u00e4 kiinteit\u00e4 suihkuseini\u00e4. Monipuolisista ja laadukkaista komponenteista l\u00f6ytyy ratkaisu monen kylpyhuoneen tarpeisiin.<\/p>\n<p>Vedin helpottaa avaamista ja sulkemista, v\u00e4ltt\u00e4m\u00e4t\u00f6n kulmassa ja tuplaovissa.<\/p>\n","protected":false},"excerpt":{"rendered":"<p>K\u00e4\u00e4ntyvist\u00e4 suihkuseinist\u00e4 voi yhdistelem\u00e4ll\u00e4 ja lis\u00e4osia k\u00e4ytt\u00e4m\u00e4ll\u00e4 rakentaa erikokoisia suihkukulmia, pariovia sek\u00e4 kiinteit\u00e4 suihkuseini\u00e4. Monipuolisista ja laadukkaista komponenteista l\u00f6ytyy ratkaisu monen kylpyhuoneen tarpeisiin. Vedin helpottaa avaamista ja sulkemista, v\u00e4ltt\u00e4m\u00e4t\u00f6n kulmassa ja tuplaovissa.<\/p>\n","protected":false},"featured_media":1649,"comment_status":"closed","ping_status":"closed","template":"","meta":[],"product_brand":[],"product_cat":[150,162],"product_tag":[],"class_list":{"0":"post-1648","1":"product","2":"type-product","3":"status-publish","4":"has-post-thumbnail","6":"product_cat-kylpyhuone","7":"product_cat-lisaosat-kaantyville-suihkuseinille","9":"first","10":"instock","11":"purchasable","12":"product-type-simple"},"_links":{"self":[{"href":"https:\/\/www.ksttukku.fi\/kauppa\/wp-json\/wp\/v2\/product\/1648","targetHints":{"allow":["GET"]}}],"collection":[{"href":"https:\/\/www.ksttukku.fi\/kauppa\/wp-json\/wp\/v2\/product"}],"about":[{"href":"https:\/\/www.ksttukku.fi\/kauppa\/wp-json\/wp\/v2\/types\/product"}],"replies":[{"embeddable":true,"href":"https:\/\/www.ksttukku.fi\/kauppa\/wp-json\/wp\/v2\/comments?post=1648"}],"wp:featuredmedia":[{"embeddable":true,"href":"https:\/\/www.ksttukku.fi\/kauppa\/wp-json\/wp\/v2\/media\/1649"}],"wp:attachment":[{"href":"https:\/\/www.ksttukku.fi\/kauppa\/wp-json\/wp\/v2\/media?parent=1648"}],"wp:term":[{"taxonomy":"product_brand","embeddable":true,"href":"https:\/\/www.ksttukku.fi\/kauppa\/wp-json\/wp\/v2\/product_brand?post=1648"},{"taxonomy":"product_cat","embeddable":true,"href":"https:\/\/www.ksttukku.fi\/kauppa\/wp-json\/wp\/v2\/product_cat?post=1648"},{"taxonomy":"product_tag","embeddable":true,"href":"https:\/\/www.ksttukku.fi\/kauppa\/wp-json\/wp\/v2\/product_tag?post=1648"}],"curies":[{"name":"wp","href":"https:\/\/api.w.org\/{rel}","templated":true}]}}