{"id":16483,"date":"2024-10-30T13:55:49","date_gmt":"2024-10-30T11:55:49","guid":{"rendered":"https:\/\/www.ksttukku.fi\/kauppa\/?post_type=product&#038;p=16483"},"modified":"2024-10-30T13:55:50","modified_gmt":"2024-10-30T11:55:50","slug":"hiiri-istuva-harmaassa-neulepaidassa-70-cm","status":"publish","type":"product","link":"https:\/\/www.ksttukku.fi\/kauppa\/tuote\/hiiri-istuva-harmaassa-neulepaidassa-70-cm\/","title":{"rendered":"Hiiri istuva harmaassa neulepaidassa 70 cm"},"content":{"rendered":"<p>Suloinen istuva jouluhiiri on pukeutunut kauniin harmaaseen neulepaitaan, punaiseen tonttulakkiin ja raidalliseen kaulahuiviin. Hiirell\u00e4 on on pitk\u00e4t l\u00f6tk\u00f6jalat jotka j\u00e4\u00e4v\u00e4t hauskasti roikkumaan kun hiiren asettaa istumaan vaikka sohvan selk\u00e4nojalle. Hiiren takapuoli on t\u00e4ytetty hiekalla, joten se pysyy hienosti tasapainossa. Pehme\u00e4 jouluhiiri on ihana joulukoriste ja my\u00f6s lahjaidea l\u00e4heiselle. Pituus 70 cm.<\/p>\n","protected":false},"excerpt":{"rendered":"<p>Suloinen istuva jouluhiiri on pukeutunut kauniin harmaaseen neulepaitaan, punaiseen tonttulakkiin ja raidalliseen kaulahuiviin. Hiirell\u00e4 on on pitk\u00e4t l\u00f6tk\u00f6jalat jotka j\u00e4\u00e4v\u00e4t hauskasti roikkumaan kun hiiren asettaa istumaan vaikka sohvan selk\u00e4nojalle. Hiiren takapuoli on t\u00e4ytetty hiekalla, joten se pysyy hienosti tasapainossa. Pehme\u00e4 jouluhiiri on ihana joulukoriste ja my\u00f6s lahjaidea l\u00e4heiselle. Pituus 70 cm.<\/p>\n","protected":false},"featured_media":16484,"comment_status":"closed","ping_status":"closed","template":"","meta":[],"product_brand":[],"product_cat":[491,539,377],"product_tag":[],"class_list":{"0":"post-16483","1":"product","2":"type-product","3":"status-publish","4":"has-post-thumbnail","6":"product_cat-kodin-sisustustuotteet","7":"product_cat-poistotori","8":"product_cat-sisustus-lahjatavarat","10":"first","11":"instock","12":"taxable","13":"shipping-taxable","14":"purchasable","15":"product-type-simple"},"_links":{"self":[{"href":"https:\/\/www.ksttukku.fi\/kauppa\/wp-json\/wp\/v2\/product\/16483","targetHints":{"allow":["GET"]}}],"collection":[{"href":"https:\/\/www.ksttukku.fi\/kauppa\/wp-json\/wp\/v2\/product"}],"about":[{"href":"https:\/\/www.ksttukku.fi\/kauppa\/wp-json\/wp\/v2\/types\/product"}],"replies":[{"embeddable":true,"href":"https:\/\/www.ksttukku.fi\/kauppa\/wp-json\/wp\/v2\/comments?post=16483"}],"wp:featuredmedia":[{"embeddable":true,"href":"https:\/\/www.ksttukku.fi\/kauppa\/wp-json\/wp\/v2\/media\/16484"}],"wp:attachment":[{"href":"https:\/\/www.ksttukku.fi\/kauppa\/wp-json\/wp\/v2\/media?parent=16483"}],"wp:term":[{"taxonomy":"product_brand","embeddable":true,"href":"https:\/\/www.ksttukku.fi\/kauppa\/wp-json\/wp\/v2\/product_brand?post=16483"},{"taxonomy":"product_cat","embeddable":true,"href":"https:\/\/www.ksttukku.fi\/kauppa\/wp-json\/wp\/v2\/product_cat?post=16483"},{"taxonomy":"product_tag","embeddable":true,"href":"https:\/\/www.ksttukku.fi\/kauppa\/wp-json\/wp\/v2\/product_tag?post=16483"}],"curies":[{"name":"wp","href":"https:\/\/api.w.org\/{rel}","templated":true}]}}