{"id":16525,"date":"2024-11-08T15:42:28","date_gmt":"2024-11-08T13:42:28","guid":{"rendered":"https:\/\/www.ksttukku.fi\/kauppa\/?post_type=product&#038;p=16525"},"modified":"2024-11-08T15:56:04","modified_gmt":"2024-11-08T13:56:04","slug":"specter-lattiavalaisin","status":"publish","type":"product","link":"https:\/\/www.ksttukku.fi\/kauppa\/tuote\/specter-lattiavalaisin\/","title":{"rendered":"SPECTER  lattiavalaisin"},"content":{"rendered":"<p>SPECTER-lattiavalaisimessa yhdistyv\u00e4t minimalistinen muotoilu ja maksimaalinen toiminnallisuus. Valonheittimess\u00e4 on kallistettava valonl\u00e4hde, jonka avulla voit sijoittaa valon juuri sinne, miss\u00e4 sit\u00e4 tarvitaan. Joustava valovarsi toimii toisena valonl\u00e4hteen\u00e4, ja se voidaan kytke\u00e4 erikseen. Integroitu anturihimmennin mahdollistaa sek\u00e4 kirkkauden ett\u00e4 valon v\u00e4rin tarkan s\u00e4\u00e4t\u00e4misen, joten voit luoda t\u00e4ydellisen tunnelman milloin tahansa. SPECTER mukautuu joustavasti tarpeidesi mukaan, olipa kyseess\u00e4 sitten toimisto keskittynytt\u00e4 ty\u00f6skentely\u00e4 varten tai asuintila miellytt\u00e4v\u00e4n hyv\u00e4n olon ilmapiirin luomiseksi. Sen yksinkertainen, mattamusta muotoilu korostaa valaisimen modernia eleganssia ja sulautuu harmonisesti mihin tahansa ymp\u00e4rist\u00f6\u00f6n. Valaisimessa on my\u00f6s nykyaikainen LED-tekniikka, jolle on ominaista korkea valonlaatu ja energiatehokkuus<\/p>\n<p>Korkeus: 178 cm<\/p>\n<p>V\u00e4ri: mattamusta<\/p>\n","protected":false},"excerpt":{"rendered":"<p>SPECTER-lattiavalaisimessa yhdistyv\u00e4t minimalistinen muotoilu ja maksimaalinen toiminnallisuus. Valonheittimess\u00e4 on kallistettava valonl\u00e4hde, jonka avulla voit sijoittaa valon juuri sinne, miss\u00e4 sit\u00e4 tarvitaan. Joustava valovarsi toimii toisena valonl\u00e4hteen\u00e4, ja se voidaan kytke\u00e4 erikseen. Integroitu anturihimmennin mahdollistaa sek\u00e4 kirkkauden ett\u00e4 valon v\u00e4rin tarkan s\u00e4\u00e4t\u00e4misen, joten voit luoda t\u00e4ydellisen tunnelman milloin tahansa. SPECTER mukautuu joustavasti tarpeidesi mukaan, olipa kyseess\u00e4 [&hellip;]<\/p>\n","protected":false},"featured_media":16529,"comment_status":"closed","ping_status":"closed","template":"","meta":[],"product_brand":[],"product_cat":[43,35,34],"product_tag":[],"class_list":{"0":"post-16525","1":"product","2":"type-product","3":"status-publish","4":"has-post-thumbnail","6":"product_cat-lattiavalaisimet","7":"product_cat-sisavalaisimet","8":"product_cat-valaisimet","10":"first","11":"instock","12":"sale","13":"taxable","14":"shipping-taxable","15":"purchasable","16":"product-type-simple"},"_links":{"self":[{"href":"https:\/\/www.ksttukku.fi\/kauppa\/wp-json\/wp\/v2\/product\/16525","targetHints":{"allow":["GET"]}}],"collection":[{"href":"https:\/\/www.ksttukku.fi\/kauppa\/wp-json\/wp\/v2\/product"}],"about":[{"href":"https:\/\/www.ksttukku.fi\/kauppa\/wp-json\/wp\/v2\/types\/product"}],"replies":[{"embeddable":true,"href":"https:\/\/www.ksttukku.fi\/kauppa\/wp-json\/wp\/v2\/comments?post=16525"}],"wp:featuredmedia":[{"embeddable":true,"href":"https:\/\/www.ksttukku.fi\/kauppa\/wp-json\/wp\/v2\/media\/16529"}],"wp:attachment":[{"href":"https:\/\/www.ksttukku.fi\/kauppa\/wp-json\/wp\/v2\/media?parent=16525"}],"wp:term":[{"taxonomy":"product_brand","embeddable":true,"href":"https:\/\/www.ksttukku.fi\/kauppa\/wp-json\/wp\/v2\/product_brand?post=16525"},{"taxonomy":"product_cat","embeddable":true,"href":"https:\/\/www.ksttukku.fi\/kauppa\/wp-json\/wp\/v2\/product_cat?post=16525"},{"taxonomy":"product_tag","embeddable":true,"href":"https:\/\/www.ksttukku.fi\/kauppa\/wp-json\/wp\/v2\/product_tag?post=16525"}],"curies":[{"name":"wp","href":"https:\/\/api.w.org\/{rel}","templated":true}]}}