{"id":16538,"date":"2024-11-09T11:51:05","date_gmt":"2024-11-09T09:51:05","guid":{"rendered":"https:\/\/www.ksttukku.fi\/kauppa\/?post_type=product&#038;p=16538"},"modified":"2024-11-09T11:51:05","modified_gmt":"2024-11-09T09:51:05","slug":"konstsmide-nalle-koristevalo-ajastimella","status":"publish","type":"product","link":"https:\/\/www.ksttukku.fi\/kauppa\/tuote\/konstsmide-nalle-koristevalo-ajastimella\/","title":{"rendered":"Konstsmide Nalle koristevalo ajastimella"},"content":{"rendered":"<p>Suloinen Teddy-nalle tuo\u00a0 jouluista tunnelmaa kotiin.<\/p>\n<p>Paristok\u00e4ytt\u00f6inen. Paristot 3 x AAA eiv\u00e4t sis\u00e4lly.<\/p>\n<p>Ajastin 6 h.<\/p>\n<p>Sis\u00e4k\u00e4ytt\u00f6\u00f6n, IP20.<\/p>\n<p>Korkeus: 38,5 cm<\/p>\n<p>&nbsp;<\/p>\n","protected":false},"excerpt":{"rendered":"<p>Suloinen Teddy-nalle tuo\u00a0 jouluista tunnelmaa kotiin. Paristok\u00e4ytt\u00f6inen. Paristot 3 x AAA eiv\u00e4t sis\u00e4lly. Ajastin 6 h. Sis\u00e4k\u00e4ytt\u00f6\u00f6n, IP20. Korkeus: 38,5 cm &nbsp;<\/p>\n","protected":false},"featured_media":16539,"comment_status":"closed","ping_status":"closed","template":"","meta":[],"product_brand":[],"product_cat":[176,199,34],"product_tag":[],"class_list":{"0":"post-16538","1":"product","2":"type-product","3":"status-publish","4":"has-post-thumbnail","6":"product_cat-joulu-ja-koristevalot","7":"product_cat-koristevalot","8":"product_cat-valaisimet","10":"first","11":"instock","12":"taxable","13":"shipping-taxable","14":"purchasable","15":"product-type-simple"},"_links":{"self":[{"href":"https:\/\/www.ksttukku.fi\/kauppa\/wp-json\/wp\/v2\/product\/16538","targetHints":{"allow":["GET"]}}],"collection":[{"href":"https:\/\/www.ksttukku.fi\/kauppa\/wp-json\/wp\/v2\/product"}],"about":[{"href":"https:\/\/www.ksttukku.fi\/kauppa\/wp-json\/wp\/v2\/types\/product"}],"replies":[{"embeddable":true,"href":"https:\/\/www.ksttukku.fi\/kauppa\/wp-json\/wp\/v2\/comments?post=16538"}],"wp:featuredmedia":[{"embeddable":true,"href":"https:\/\/www.ksttukku.fi\/kauppa\/wp-json\/wp\/v2\/media\/16539"}],"wp:attachment":[{"href":"https:\/\/www.ksttukku.fi\/kauppa\/wp-json\/wp\/v2\/media?parent=16538"}],"wp:term":[{"taxonomy":"product_brand","embeddable":true,"href":"https:\/\/www.ksttukku.fi\/kauppa\/wp-json\/wp\/v2\/product_brand?post=16538"},{"taxonomy":"product_cat","embeddable":true,"href":"https:\/\/www.ksttukku.fi\/kauppa\/wp-json\/wp\/v2\/product_cat?post=16538"},{"taxonomy":"product_tag","embeddable":true,"href":"https:\/\/www.ksttukku.fi\/kauppa\/wp-json\/wp\/v2\/product_tag?post=16538"}],"curies":[{"name":"wp","href":"https:\/\/api.w.org\/{rel}","templated":true}]}}