{"id":16565,"date":"2024-11-15T13:03:00","date_gmt":"2024-11-15T11:03:00","guid":{"rendered":"https:\/\/www.ksttukku.fi\/kauppa\/?post_type=product&#038;p=16565"},"modified":"2025-06-14T12:58:46","modified_gmt":"2025-06-14T09:58:46","slug":"led-energie-paneelivalaisin-595-x-595-mm","status":"publish","type":"product","link":"https:\/\/www.ksttukku.fi\/kauppa\/tuote\/led-energie-paneelivalaisin-595-x-595-mm\/","title":{"rendered":"Led-Energie  paneelivalaisin 595 x 595 mm"},"content":{"rendered":"<p>Moduulikattoon, uppoasennukseen, kattolistan varaan tai ripustusasennukseen. Tehokkaalla 3200 Lumenin LED-paneelivalolla luot tyylikk\u00e4\u00e4n valaistuksen, 4000k v\u00e4ril\u00e4mp\u00f6tila takaa raikkaan valkoisen valaistuksen. Eritt\u00e4in ohuen muotoilunsa ansiosta valaisin sopii erinomaisesti kodin valaistukseen, toimistoihin ja julkisiin tiloihin. Todella pieni energiankulutus ja syttyy heti t\u00e4yteen valaisutehoon.<\/p>\n<p>J\u00e4nnite: 230 V, 50 Hz<\/p>\n<p>V\u00e4ril\u00e4mp\u00f6tila: 4000 K (valkoinen)<\/p>\n<p>Teho: 40 W<\/p>\n<p>Valovirta: 3200 lm<\/p>\n<p>IP-luokka: IP20<\/p>\n<p>Mitat: kehys 595 x 595 mm, valopinta 547 x 547 mm, korkeus 11 mm<\/p>\n<p>Valonjakokulma: 120\u00b0<\/p>\n<p>K\u00e4ytt\u00f6aika: 30 000 h, syttymiskertoja yli 100 000, 2 vuoden takuu<\/p>\n","protected":false},"excerpt":{"rendered":"<p>Moduulikattoon, uppoasennukseen, kattolistan varaan tai ripustusasennukseen. Tehokkaalla 3200 Lumenin LED-paneelivalolla luot tyylikk\u00e4\u00e4n valaistuksen, 4000k v\u00e4ril\u00e4mp\u00f6tila takaa raikkaan valkoisen valaistuksen. Eritt\u00e4in ohuen muotoilunsa ansiosta valaisin sopii erinomaisesti kodin valaistukseen, toimistoihin ja julkisiin tiloihin. Todella pieni energiankulutus ja syttyy heti t\u00e4yteen valaisutehoon. J\u00e4nnite: 230 V, 50 Hz V\u00e4ril\u00e4mp\u00f6tila: 4000 K (valkoinen) Teho: 40 W Valovirta: 3200 lm [&hellip;]<\/p>\n","protected":false},"featured_media":16566,"comment_status":"closed","ping_status":"closed","template":"","meta":[],"product_brand":[],"product_cat":[183,539,35,52,34],"product_tag":[],"class_list":{"0":"post-16565","1":"product","2":"type-product","3":"status-publish","4":"has-post-thumbnail","6":"product_cat-led-paneelivalaisimet","7":"product_cat-poistotori","8":"product_cat-sisavalaisimet","9":"product_cat-upotettavat","10":"product_cat-valaisimet","12":"first","13":"instock","14":"sale","15":"taxable","16":"shipping-taxable","17":"purchasable","18":"product-type-simple"},"_links":{"self":[{"href":"https:\/\/www.ksttukku.fi\/kauppa\/wp-json\/wp\/v2\/product\/16565","targetHints":{"allow":["GET"]}}],"collection":[{"href":"https:\/\/www.ksttukku.fi\/kauppa\/wp-json\/wp\/v2\/product"}],"about":[{"href":"https:\/\/www.ksttukku.fi\/kauppa\/wp-json\/wp\/v2\/types\/product"}],"replies":[{"embeddable":true,"href":"https:\/\/www.ksttukku.fi\/kauppa\/wp-json\/wp\/v2\/comments?post=16565"}],"wp:featuredmedia":[{"embeddable":true,"href":"https:\/\/www.ksttukku.fi\/kauppa\/wp-json\/wp\/v2\/media\/16566"}],"wp:attachment":[{"href":"https:\/\/www.ksttukku.fi\/kauppa\/wp-json\/wp\/v2\/media?parent=16565"}],"wp:term":[{"taxonomy":"product_brand","embeddable":true,"href":"https:\/\/www.ksttukku.fi\/kauppa\/wp-json\/wp\/v2\/product_brand?post=16565"},{"taxonomy":"product_cat","embeddable":true,"href":"https:\/\/www.ksttukku.fi\/kauppa\/wp-json\/wp\/v2\/product_cat?post=16565"},{"taxonomy":"product_tag","embeddable":true,"href":"https:\/\/www.ksttukku.fi\/kauppa\/wp-json\/wp\/v2\/product_tag?post=16565"}],"curies":[{"name":"wp","href":"https:\/\/api.w.org\/{rel}","templated":true}]}}