{"id":16568,"date":"2024-11-15T15:58:43","date_gmt":"2024-11-15T13:58:43","guid":{"rendered":"https:\/\/www.ksttukku.fi\/kauppa\/?post_type=product&#038;p=16568"},"modified":"2025-11-25T15:40:12","modified_gmt":"2025-11-25T13:40:12","slug":"rgb-led-valonauha-5-m-72w-metri","status":"publish","type":"product","link":"https:\/\/www.ksttukku.fi\/kauppa\/tuote\/rgb-led-valonauha-5-m-72w-metri\/","title":{"rendered":"RGB led-valonauha 5 m  7,2W\/metri"},"content":{"rendered":"<p>LED Energie RGB+W LED-valonauhasarjan v\u00e4rivaloilla luot tyylik\u00e4st\u00e4 tunnelmaa tai valaiset huoneen perinteisell\u00e4 valkoisella valolla. 5 metrin pituinen sarja tarjoaa monipuolisen valaistusratkaisun, jonka voit s\u00e4\u00e4t\u00e4\u00e4 helposti kaukos\u00e4\u00e4timell\u00e4 haluamasi v\u00e4riseksi. Valittavissa on punainen, vihre\u00e4, sininen sek\u00e4 niiden eri yhdistelm\u00e4t. Lis\u00e4ksi tarjolla on puhdas valkoinen valo. Mukana tulevat kiinnikkeet ja pitk\u00e4 liitosjohto tekev\u00e4t asennuksesta vaivatonta. LED nauhaa voi lyhent\u00e4\u00e4 leikkaamalla mukana tulevien ohjeiden mukaan. LED nauha soveltuu erinomaisesti sisustukseen, juhlatilaisuuksiin ja tunnelman luomiseen eri tiloissa. Teho 36W Valoteho 1500lm LED 36kpl\/m: 18 kpl 5050 SMD+18 kpl valkoinen 2835 LED. Liitosjohto 1,5m IP20 adapterilla Nauha IP44 Pakkauksessa 10 kpl nauhan kiinnikkeit\u00e4 Energiatehokkuusluokka F K\u00e4ytt\u00f6j\u00e4nnite 12 V DC<\/p>\n","protected":false},"excerpt":{"rendered":"<p>LED Energie RGB+W LED-valonauhasarjan v\u00e4rivaloilla luot tyylik\u00e4st\u00e4 tunnelmaa tai valaiset huoneen perinteisell\u00e4 valkoisella valolla. 5 metrin pituinen sarja tarjoaa monipuolisen valaistusratkaisun, jonka voit s\u00e4\u00e4t\u00e4\u00e4 helposti kaukos\u00e4\u00e4timell\u00e4 haluamasi v\u00e4riseksi. Valittavissa on punainen, vihre\u00e4, sininen sek\u00e4 niiden eri yhdistelm\u00e4t. Lis\u00e4ksi tarjolla on puhdas valkoinen valo. Mukana tulevat kiinnikkeet ja pitk\u00e4 liitosjohto tekev\u00e4t asennuksesta vaivatonta. LED nauhaa voi [&hellip;]<\/p>\n","protected":false},"featured_media":16571,"comment_status":"closed","ping_status":"closed","template":"","meta":[],"product_brand":[],"product_cat":[491,377,35,34,45],"product_tag":[],"class_list":{"0":"post-16568","1":"product","2":"type-product","3":"status-publish","4":"has-post-thumbnail","6":"product_cat-kodin-sisustustuotteet","7":"product_cat-sisustus-lahjatavarat","8":"product_cat-sisavalaisimet","9":"product_cat-valaisimet","10":"product_cat-valonauhat","12":"first","13":"instock","14":"taxable","15":"shipping-taxable","16":"purchasable","17":"product-type-simple"},"_links":{"self":[{"href":"https:\/\/www.ksttukku.fi\/kauppa\/wp-json\/wp\/v2\/product\/16568","targetHints":{"allow":["GET"]}}],"collection":[{"href":"https:\/\/www.ksttukku.fi\/kauppa\/wp-json\/wp\/v2\/product"}],"about":[{"href":"https:\/\/www.ksttukku.fi\/kauppa\/wp-json\/wp\/v2\/types\/product"}],"replies":[{"embeddable":true,"href":"https:\/\/www.ksttukku.fi\/kauppa\/wp-json\/wp\/v2\/comments?post=16568"}],"wp:featuredmedia":[{"embeddable":true,"href":"https:\/\/www.ksttukku.fi\/kauppa\/wp-json\/wp\/v2\/media\/16571"}],"wp:attachment":[{"href":"https:\/\/www.ksttukku.fi\/kauppa\/wp-json\/wp\/v2\/media?parent=16568"}],"wp:term":[{"taxonomy":"product_brand","embeddable":true,"href":"https:\/\/www.ksttukku.fi\/kauppa\/wp-json\/wp\/v2\/product_brand?post=16568"},{"taxonomy":"product_cat","embeddable":true,"href":"https:\/\/www.ksttukku.fi\/kauppa\/wp-json\/wp\/v2\/product_cat?post=16568"},{"taxonomy":"product_tag","embeddable":true,"href":"https:\/\/www.ksttukku.fi\/kauppa\/wp-json\/wp\/v2\/product_tag?post=16568"}],"curies":[{"name":"wp","href":"https:\/\/api.w.org\/{rel}","templated":true}]}}