{"id":16582,"date":"2024-11-16T15:30:10","date_gmt":"2024-11-16T13:30:10","guid":{"rendered":"https:\/\/www.ksttukku.fi\/kauppa\/?post_type=product&#038;p=16582"},"modified":"2024-11-16T15:30:11","modified_gmt":"2024-11-16T13:30:11","slug":"led-koristevalo-kuu-ja-tahdet-pyoriva","status":"publish","type":"product","link":"https:\/\/www.ksttukku.fi\/kauppa\/tuote\/led-koristevalo-kuu-ja-tahdet-pyoriva\/","title":{"rendered":"LED- koristevalo Kuu ja t\u00e4hdet py\u00f6riv\u00e4"},"content":{"rendered":"<p>Ihastuttava p\u00f6yd\u00e4lle asetettava koristevalo, joka heijastaa kattoon liikehtiv\u00e4n t\u00e4htitaivaan. Koristevalo toimii sek\u00e4 pattereilla, ett\u00e4 liitettyn\u00e4 USB-kaapeliin.<\/p>\n<p>Liit\u00e4nt\u00e4laite ei sis\u00e4lly pakkaukseen.<\/p>\n<p>Paristo: 3 x AA 1,5V (ei sis\u00e4lly)<\/p>\n<p>Valon v\u00e4ri: l\u00e4mmin valkoinen \/ kylm\u00e4 valkoinen \/ sininen.<\/p>\n<p>Korkeus: 12 cm<\/p>\n","protected":false},"excerpt":{"rendered":"<p>Ihastuttava p\u00f6yd\u00e4lle asetettava koristevalo, joka heijastaa kattoon liikehtiv\u00e4n t\u00e4htitaivaan. Koristevalo toimii sek\u00e4 pattereilla, ett\u00e4 liitettyn\u00e4 USB-kaapeliin. Liit\u00e4nt\u00e4laite ei sis\u00e4lly pakkaukseen. Paristo: 3 x AA 1,5V (ei sis\u00e4lly) Valon v\u00e4ri: l\u00e4mmin valkoinen \/ kylm\u00e4 valkoinen \/ sininen. Korkeus: 12 cm<\/p>\n","protected":false},"featured_media":16583,"comment_status":"closed","ping_status":"closed","template":"","meta":[],"product_brand":[],"product_cat":[176,491,199,44,377,34],"product_tag":[],"class_list":{"0":"post-16582","1":"product","2":"type-product","3":"status-publish","4":"has-post-thumbnail","6":"product_cat-joulu-ja-koristevalot","7":"product_cat-kodin-sisustustuotteet","8":"product_cat-koristevalot","9":"product_cat-poytavalaisimet","10":"product_cat-sisustus-lahjatavarat","11":"product_cat-valaisimet","13":"first","14":"instock","15":"taxable","16":"shipping-taxable","17":"purchasable","18":"product-type-simple"},"_links":{"self":[{"href":"https:\/\/www.ksttukku.fi\/kauppa\/wp-json\/wp\/v2\/product\/16582","targetHints":{"allow":["GET"]}}],"collection":[{"href":"https:\/\/www.ksttukku.fi\/kauppa\/wp-json\/wp\/v2\/product"}],"about":[{"href":"https:\/\/www.ksttukku.fi\/kauppa\/wp-json\/wp\/v2\/types\/product"}],"replies":[{"embeddable":true,"href":"https:\/\/www.ksttukku.fi\/kauppa\/wp-json\/wp\/v2\/comments?post=16582"}],"wp:featuredmedia":[{"embeddable":true,"href":"https:\/\/www.ksttukku.fi\/kauppa\/wp-json\/wp\/v2\/media\/16583"}],"wp:attachment":[{"href":"https:\/\/www.ksttukku.fi\/kauppa\/wp-json\/wp\/v2\/media?parent=16582"}],"wp:term":[{"taxonomy":"product_brand","embeddable":true,"href":"https:\/\/www.ksttukku.fi\/kauppa\/wp-json\/wp\/v2\/product_brand?post=16582"},{"taxonomy":"product_cat","embeddable":true,"href":"https:\/\/www.ksttukku.fi\/kauppa\/wp-json\/wp\/v2\/product_cat?post=16582"},{"taxonomy":"product_tag","embeddable":true,"href":"https:\/\/www.ksttukku.fi\/kauppa\/wp-json\/wp\/v2\/product_tag?post=16582"}],"curies":[{"name":"wp","href":"https:\/\/api.w.org\/{rel}","templated":true}]}}