{"id":16597,"date":"2024-11-16T17:13:35","date_gmt":"2024-11-16T15:13:35","guid":{"rendered":"https:\/\/www.ksttukku.fi\/kauppa\/?post_type=product&#038;p=16597"},"modified":"2025-08-11T15:11:04","modified_gmt":"2025-08-11T12:11:04","slug":"led-lyhty-himmennettava","status":"publish","type":"product","link":"https:\/\/www.ksttukku.fi\/kauppa\/tuote\/led-lyhty-himmennettava\/","title":{"rendered":"LED lyhty himmennett\u00e4v\u00e4"},"content":{"rendered":"<p>Lyhty, l\u00e4mmin valkoinen, himmennystoiminto, USB-lataus, 1 x 14500 1200mAh akku.<\/p>\n<p>USB-lataus, 1 x 14500 1200mAh akku.<\/p>\n<p>Latausaika n. 3 h, paloaika t\u00e4ydell\u00e4 teholla n. 8 h ja pienell\u00e4 teholla n. 20 h.<\/p>\n<p>korkeus: 26,5 cm<\/p>\n<p>Halkaisija: 12,5 cm<\/p>\n<p>Materiaali: muovi<\/p>\n<p>V\u00e4rit: musta, valkoinen, harmaa<\/p>\n","protected":false},"excerpt":{"rendered":"<p>Lyhty, l\u00e4mmin valkoinen, himmennystoiminto, USB-lataus, 1 x 14500 1200mAh akku. USB-lataus, 1 x 14500 1200mAh akku. Latausaika n. 3 h, paloaika t\u00e4ydell\u00e4 teholla n. 8 h ja pienell\u00e4 teholla n. 20 h. korkeus: 26,5 cm Halkaisija: 12,5 cm Materiaali: muovi V\u00e4rit: musta, valkoinen, harmaa<\/p>\n","protected":false},"featured_media":16601,"comment_status":"closed","ping_status":"closed","template":"","meta":[],"product_brand":[],"product_cat":[176,491,199,310,309,44,57,377,35,34],"product_tag":[],"class_list":{"0":"post-16597","1":"product","2":"type-product","3":"status-publish","4":"has-post-thumbnail","6":"product_cat-joulu-ja-koristevalot","7":"product_cat-kodin-sisustustuotteet","8":"product_cat-koristevalot","9":"product_cat-kasivalaisimet","10":"product_cat-paristovalaisimet","11":"product_cat-poytavalaisimet","12":"product_cat-retkeily","13":"product_cat-sisustus-lahjatavarat","14":"product_cat-sisavalaisimet","15":"product_cat-valaisimet","17":"first","18":"instock","19":"taxable","20":"shipping-taxable","21":"purchasable","22":"product-type-variable"},"_links":{"self":[{"href":"https:\/\/www.ksttukku.fi\/kauppa\/wp-json\/wp\/v2\/product\/16597","targetHints":{"allow":["GET"]}}],"collection":[{"href":"https:\/\/www.ksttukku.fi\/kauppa\/wp-json\/wp\/v2\/product"}],"about":[{"href":"https:\/\/www.ksttukku.fi\/kauppa\/wp-json\/wp\/v2\/types\/product"}],"replies":[{"embeddable":true,"href":"https:\/\/www.ksttukku.fi\/kauppa\/wp-json\/wp\/v2\/comments?post=16597"}],"wp:featuredmedia":[{"embeddable":true,"href":"https:\/\/www.ksttukku.fi\/kauppa\/wp-json\/wp\/v2\/media\/16601"}],"wp:attachment":[{"href":"https:\/\/www.ksttukku.fi\/kauppa\/wp-json\/wp\/v2\/media?parent=16597"}],"wp:term":[{"taxonomy":"product_brand","embeddable":true,"href":"https:\/\/www.ksttukku.fi\/kauppa\/wp-json\/wp\/v2\/product_brand?post=16597"},{"taxonomy":"product_cat","embeddable":true,"href":"https:\/\/www.ksttukku.fi\/kauppa\/wp-json\/wp\/v2\/product_cat?post=16597"},{"taxonomy":"product_tag","embeddable":true,"href":"https:\/\/www.ksttukku.fi\/kauppa\/wp-json\/wp\/v2\/product_tag?post=16597"}],"curies":[{"name":"wp","href":"https:\/\/api.w.org\/{rel}","templated":true}]}}