{"id":16611,"date":"2024-11-17T11:48:54","date_gmt":"2024-11-17T09:48:54","guid":{"rendered":"https:\/\/www.ksttukku.fi\/kauppa\/?post_type=product&#038;p=16611"},"modified":"2025-11-22T10:18:37","modified_gmt":"2025-11-22T08:18:37","slug":"valopuu-paju-16-m-256-led-oranssi-ja-violetti","status":"publish","type":"product","link":"https:\/\/www.ksttukku.fi\/kauppa\/tuote\/valopuu-paju-16-m-256-led-oranssi-ja-violetti\/","title":{"rendered":"Valopuu paju 1,6 m 256 LED  oranssi ja violetti"},"content":{"rendered":"<p>Valopuussa on kauniit rennosti alasp\u00e4in riippuvat oksat.<\/p>\n<p>Satumaista tunnelmaa talvipihaan.<\/p>\n<p>Valopuu on varustettu 256 kpl upeilla oranssin ja violetin s\u00e4vyisill\u00e4 micro-LEDeill\u00e4.<\/p>\n<p>Musta runko. Korkeus 160 cm.<\/p>\n<p>Liit\u00e4nt\u00e4johto 5 m.<\/p>\n<p>IP44. Ulkok\u00e4ytt\u00f6\u00f6n.<\/p>\n<p>Materiaali: kupari, polypropyleeni ,ter\u00e4s,<\/p>\n","protected":false},"excerpt":{"rendered":"<p>Valopuussa on kauniit rennosti alasp\u00e4in riippuvat oksat. Satumaista tunnelmaa talvipihaan. Valopuu on varustettu 256 kpl upeilla oranssin ja violetin s\u00e4vyisill\u00e4 micro-LEDeill\u00e4. Musta runko. Korkeus 160 cm. Liit\u00e4nt\u00e4johto 5 m. IP44. Ulkok\u00e4ytt\u00f6\u00f6n. Materiaali: kupari, polypropyleeni ,ter\u00e4s,<\/p>\n","protected":false},"featured_media":16612,"comment_status":"closed","ping_status":"closed","template":"","meta":[],"product_brand":[],"product_cat":[176,178,199],"product_tag":[],"class_list":{"0":"post-16611","1":"product","2":"type-product","3":"status-publish","4":"has-post-thumbnail","6":"product_cat-joulu-ja-koristevalot","7":"product_cat-joulukuuset","8":"product_cat-koristevalot","10":"first","11":"outofstock","12":"taxable","13":"shipping-taxable","14":"purchasable","15":"product-type-simple"},"_links":{"self":[{"href":"https:\/\/www.ksttukku.fi\/kauppa\/wp-json\/wp\/v2\/product\/16611","targetHints":{"allow":["GET"]}}],"collection":[{"href":"https:\/\/www.ksttukku.fi\/kauppa\/wp-json\/wp\/v2\/product"}],"about":[{"href":"https:\/\/www.ksttukku.fi\/kauppa\/wp-json\/wp\/v2\/types\/product"}],"replies":[{"embeddable":true,"href":"https:\/\/www.ksttukku.fi\/kauppa\/wp-json\/wp\/v2\/comments?post=16611"}],"wp:featuredmedia":[{"embeddable":true,"href":"https:\/\/www.ksttukku.fi\/kauppa\/wp-json\/wp\/v2\/media\/16612"}],"wp:attachment":[{"href":"https:\/\/www.ksttukku.fi\/kauppa\/wp-json\/wp\/v2\/media?parent=16611"}],"wp:term":[{"taxonomy":"product_brand","embeddable":true,"href":"https:\/\/www.ksttukku.fi\/kauppa\/wp-json\/wp\/v2\/product_brand?post=16611"},{"taxonomy":"product_cat","embeddable":true,"href":"https:\/\/www.ksttukku.fi\/kauppa\/wp-json\/wp\/v2\/product_cat?post=16611"},{"taxonomy":"product_tag","embeddable":true,"href":"https:\/\/www.ksttukku.fi\/kauppa\/wp-json\/wp\/v2\/product_tag?post=16611"}],"curies":[{"name":"wp","href":"https:\/\/api.w.org\/{rel}","templated":true}]}}