{"id":16613,"date":"2024-11-17T12:50:12","date_gmt":"2024-11-17T10:50:12","guid":{"rendered":"https:\/\/www.ksttukku.fi\/kauppa\/?post_type=product&#038;p=16613"},"modified":"2024-11-17T12:50:13","modified_gmt":"2024-11-17T10:50:13","slug":"valoketju-600-led-meripihka-musta-johto","status":"publish","type":"product","link":"https:\/\/www.ksttukku.fi\/kauppa\/tuote\/valoketju-600-led-meripihka-musta-johto\/","title":{"rendered":"Valoketju 600 LED meripihka musta johto"},"content":{"rendered":"<p>Valoketjuilla voit muuttaa mink\u00e4 tahansa tilan kutsuvaksi keitaaksi.<\/p>\n<p>Ihanteellinen tunnelmavalaistus terasseille, parvekkeille ja puutarhaan, h\u00e4ihin ja muihin juhliin.<\/p>\n<p>Tekniset tiedot: 600 kpl meripihkan v\u00e4rinen LED.<\/p>\n<p>Valoaihe 30 m.<\/p>\n<p>Lamppujen v\u00e4li 5 cm. 5 m liit\u00e4nt\u00e4johto. Kokonaispituus 40 m.<\/p>\n<p>Muuntaja 220-240V 50-60Hz 193mA, 31V 50Hz 6W, IP44.<\/p>\n<p>Sis\u00e4- ja ulkok\u00e4ytt\u00f6\u00f6n.<\/p>\n","protected":false},"excerpt":{"rendered":"<p>Valoketjuilla voit muuttaa mink\u00e4 tahansa tilan kutsuvaksi keitaaksi. Ihanteellinen tunnelmavalaistus terasseille, parvekkeille ja puutarhaan, h\u00e4ihin ja muihin juhliin. Tekniset tiedot: 600 kpl meripihkan v\u00e4rinen LED. Valoaihe 30 m. Lamppujen v\u00e4li 5 cm. 5 m liit\u00e4nt\u00e4johto. Kokonaispituus 40 m. Muuntaja 220-240V 50-60Hz 193mA, 31V 50Hz 6W, IP44. Sis\u00e4- ja ulkok\u00e4ytt\u00f6\u00f6n.<\/p>\n","protected":false},"featured_media":16614,"comment_status":"closed","ping_status":"closed","template":"","meta":[],"product_brand":[],"product_cat":[176,197,199,177],"product_tag":[],"class_list":{"0":"post-16613","1":"product","2":"type-product","3":"status-publish","4":"has-post-thumbnail","6":"product_cat-joulu-ja-koristevalot","7":"product_cat-joulukuusen-valosarjat","8":"product_cat-koristevalot","9":"product_cat-valosarjat","11":"first","12":"instock","13":"taxable","14":"shipping-taxable","15":"purchasable","16":"product-type-simple"},"_links":{"self":[{"href":"https:\/\/www.ksttukku.fi\/kauppa\/wp-json\/wp\/v2\/product\/16613","targetHints":{"allow":["GET"]}}],"collection":[{"href":"https:\/\/www.ksttukku.fi\/kauppa\/wp-json\/wp\/v2\/product"}],"about":[{"href":"https:\/\/www.ksttukku.fi\/kauppa\/wp-json\/wp\/v2\/types\/product"}],"replies":[{"embeddable":true,"href":"https:\/\/www.ksttukku.fi\/kauppa\/wp-json\/wp\/v2\/comments?post=16613"}],"wp:featuredmedia":[{"embeddable":true,"href":"https:\/\/www.ksttukku.fi\/kauppa\/wp-json\/wp\/v2\/media\/16614"}],"wp:attachment":[{"href":"https:\/\/www.ksttukku.fi\/kauppa\/wp-json\/wp\/v2\/media?parent=16613"}],"wp:term":[{"taxonomy":"product_brand","embeddable":true,"href":"https:\/\/www.ksttukku.fi\/kauppa\/wp-json\/wp\/v2\/product_brand?post=16613"},{"taxonomy":"product_cat","embeddable":true,"href":"https:\/\/www.ksttukku.fi\/kauppa\/wp-json\/wp\/v2\/product_cat?post=16613"},{"taxonomy":"product_tag","embeddable":true,"href":"https:\/\/www.ksttukku.fi\/kauppa\/wp-json\/wp\/v2\/product_tag?post=16613"}],"curies":[{"name":"wp","href":"https:\/\/api.w.org\/{rel}","templated":true}]}}