{"id":16616,"date":"2024-11-17T13:08:56","date_gmt":"2024-11-17T11:08:56","guid":{"rendered":"https:\/\/www.ksttukku.fi\/kauppa\/?post_type=product&#038;p=16616"},"modified":"2024-11-17T13:10:25","modified_gmt":"2024-11-17T11:10:25","slug":"16616","status":"publish","type":"product","link":"https:\/\/www.ksttukku.fi\/kauppa\/tuote\/16616\/","title":{"rendered":"Valoketju 960  miniLed musta johto"},"content":{"rendered":"<p>Ihanteellinen tunnelmavalaistus terasseille, parvekkeille ja puutarhaan, h\u00e4ihin ja muihin juhliin.<\/p>\n<p>Pituus 48 m.<\/p>\n<p>Mini LED j\u00e4ljittelee hehkulampun valoa,\u00a0 l\u00e4mmin valkoinen<\/p>\n<p>Lamppujen v\u00e4li 5 cm. Liitosjohto 5 m.<\/p>\n<p>Pakattu kest\u00e4v\u00e4\u00e4n s\u00e4ilytysrasiaan.<\/p>\n<p>Muuntaja 220-240V 50-60Hz 193mA, 31V 50Hz 6W, IP44. Sis\u00e4- ja ulkok\u00e4ytt\u00f6\u00f6n.<\/p>\n","protected":false},"excerpt":{"rendered":"<p>Ihanteellinen tunnelmavalaistus terasseille, parvekkeille ja puutarhaan, h\u00e4ihin ja muihin juhliin. Pituus 48 m. Mini LED j\u00e4ljittelee hehkulampun valoa,\u00a0 l\u00e4mmin valkoinen Lamppujen v\u00e4li 5 cm. Liitosjohto 5 m. Pakattu kest\u00e4v\u00e4\u00e4n s\u00e4ilytysrasiaan. Muuntaja 220-240V 50-60Hz 193mA, 31V 50Hz 6W, IP44. Sis\u00e4- ja ulkok\u00e4ytt\u00f6\u00f6n.<\/p>\n","protected":false},"featured_media":16618,"comment_status":"closed","ping_status":"closed","template":"","meta":[],"product_brand":[],"product_cat":[176,197,199,177],"product_tag":[],"class_list":{"0":"post-16616","1":"product","2":"type-product","3":"status-publish","4":"has-post-thumbnail","6":"product_cat-joulu-ja-koristevalot","7":"product_cat-joulukuusen-valosarjat","8":"product_cat-koristevalot","9":"product_cat-valosarjat","11":"first","12":"instock","13":"taxable","14":"shipping-taxable","15":"purchasable","16":"product-type-simple"},"_links":{"self":[{"href":"https:\/\/www.ksttukku.fi\/kauppa\/wp-json\/wp\/v2\/product\/16616","targetHints":{"allow":["GET"]}}],"collection":[{"href":"https:\/\/www.ksttukku.fi\/kauppa\/wp-json\/wp\/v2\/product"}],"about":[{"href":"https:\/\/www.ksttukku.fi\/kauppa\/wp-json\/wp\/v2\/types\/product"}],"replies":[{"embeddable":true,"href":"https:\/\/www.ksttukku.fi\/kauppa\/wp-json\/wp\/v2\/comments?post=16616"}],"wp:featuredmedia":[{"embeddable":true,"href":"https:\/\/www.ksttukku.fi\/kauppa\/wp-json\/wp\/v2\/media\/16618"}],"wp:attachment":[{"href":"https:\/\/www.ksttukku.fi\/kauppa\/wp-json\/wp\/v2\/media?parent=16616"}],"wp:term":[{"taxonomy":"product_brand","embeddable":true,"href":"https:\/\/www.ksttukku.fi\/kauppa\/wp-json\/wp\/v2\/product_brand?post=16616"},{"taxonomy":"product_cat","embeddable":true,"href":"https:\/\/www.ksttukku.fi\/kauppa\/wp-json\/wp\/v2\/product_cat?post=16616"},{"taxonomy":"product_tag","embeddable":true,"href":"https:\/\/www.ksttukku.fi\/kauppa\/wp-json\/wp\/v2\/product_tag?post=16616"}],"curies":[{"name":"wp","href":"https:\/\/api.w.org\/{rel}","templated":true}]}}