{"id":16621,"date":"2024-11-17T13:25:37","date_gmt":"2024-11-17T11:25:37","guid":{"rendered":"https:\/\/www.ksttukku.fi\/kauppa\/?post_type=product&#038;p=16621"},"modified":"2024-11-17T13:25:59","modified_gmt":"2024-11-17T11:25:59","slug":"led-valokoriste-joulukyla-purolla","status":"publish","type":"product","link":"https:\/\/www.ksttukku.fi\/kauppa\/tuote\/led-valokoriste-joulukyla-purolla\/","title":{"rendered":"LED-Valokoriste Joulukyl\u00e4 purolla"},"content":{"rendered":"<p>Kaunis entisaikojen joulukyl\u00e4 lukuisilla upeilla yksityiskohdilla.<\/p>\n<p>Joulukyl\u00e4 on valaistu l\u00e4mmin valkoisin ledein.<\/p>\n<p>Joulukyl\u00e4ss\u00e4 on ajastintoiminto 6h On\/18 h Off.<\/p>\n<p>Paristot 2 x AAA eiv\u00e4t sis\u00e4lly pakkaukseen.<\/p>\n<p>Korkeus: 13 cm<\/p>\n<p>Leveys: 19 cm<\/p>\n<p>Materiaali: polyresiini<\/p>\n","protected":false},"excerpt":{"rendered":"<p>Kaunis entisaikojen joulukyl\u00e4 lukuisilla upeilla yksityiskohdilla. Joulukyl\u00e4 on valaistu l\u00e4mmin valkoisin ledein. Joulukyl\u00e4ss\u00e4 on ajastintoiminto 6h On\/18 h Off. Paristot 2 x AAA eiv\u00e4t sis\u00e4lly pakkaukseen. Korkeus: 13 cm Leveys: 19 cm Materiaali: polyresiini<\/p>\n","protected":false},"featured_media":16622,"comment_status":"closed","ping_status":"closed","template":"","meta":[],"product_brand":[],"product_cat":[176,491,199,377],"product_tag":[],"class_list":{"0":"post-16621","1":"product","2":"type-product","3":"status-publish","4":"has-post-thumbnail","6":"product_cat-joulu-ja-koristevalot","7":"product_cat-kodin-sisustustuotteet","8":"product_cat-koristevalot","9":"product_cat-sisustus-lahjatavarat","11":"first","12":"instock","13":"taxable","14":"shipping-taxable","15":"purchasable","16":"product-type-simple"},"_links":{"self":[{"href":"https:\/\/www.ksttukku.fi\/kauppa\/wp-json\/wp\/v2\/product\/16621","targetHints":{"allow":["GET"]}}],"collection":[{"href":"https:\/\/www.ksttukku.fi\/kauppa\/wp-json\/wp\/v2\/product"}],"about":[{"href":"https:\/\/www.ksttukku.fi\/kauppa\/wp-json\/wp\/v2\/types\/product"}],"replies":[{"embeddable":true,"href":"https:\/\/www.ksttukku.fi\/kauppa\/wp-json\/wp\/v2\/comments?post=16621"}],"wp:featuredmedia":[{"embeddable":true,"href":"https:\/\/www.ksttukku.fi\/kauppa\/wp-json\/wp\/v2\/media\/16622"}],"wp:attachment":[{"href":"https:\/\/www.ksttukku.fi\/kauppa\/wp-json\/wp\/v2\/media?parent=16621"}],"wp:term":[{"taxonomy":"product_brand","embeddable":true,"href":"https:\/\/www.ksttukku.fi\/kauppa\/wp-json\/wp\/v2\/product_brand?post=16621"},{"taxonomy":"product_cat","embeddable":true,"href":"https:\/\/www.ksttukku.fi\/kauppa\/wp-json\/wp\/v2\/product_cat?post=16621"},{"taxonomy":"product_tag","embeddable":true,"href":"https:\/\/www.ksttukku.fi\/kauppa\/wp-json\/wp\/v2\/product_tag?post=16621"}],"curies":[{"name":"wp","href":"https:\/\/api.w.org\/{rel}","templated":true}]}}