{"id":16628,"date":"2024-11-18T10:54:33","date_gmt":"2024-11-18T08:54:33","guid":{"rendered":"https:\/\/www.ksttukku.fi\/kauppa\/?post_type=product&#038;p=16628"},"modified":"2024-11-18T11:07:52","modified_gmt":"2024-11-18T09:07:52","slug":"koriste-keinuhevonen-musiikilla-ja-valolla","status":"publish","type":"product","link":"https:\/\/www.ksttukku.fi\/kauppa\/tuote\/koriste-keinuhevonen-musiikilla-ja-valolla\/","title":{"rendered":"Koriste keinuhevonen musiikilla ja valolla"},"content":{"rendered":"<h3 class=\"mt-spacer-mini\" data-testid=\"product-short-description\">Ihastuttava koriste keinuhevonen musiikilla ja valolla<\/h3>\n<div class=\"read-more-area-wrapper\">\n<ul class=\"my-spacer-solo\">\n<li>Toiminta verkkovirralla tai paristolla( 3 x AA)<\/li>\n<li>Koko Leveys 45 x korkeus 44 x\u00a0 Syvyys 14 cm<\/li>\n<li>8 joululaulua (on\/off-kytkimell\u00e4), py\u00f6riv\u00e4 joulukuusi<\/li>\n<li>Automaattinen ajastin (6 h ON, 18 h OFF )<\/li>\n<li>IP20, vain sis\u00e4k\u00e4ytt\u00f6\u00f6n<\/li>\n<\/ul>\n<\/div>\n","protected":false},"excerpt":{"rendered":"<p>Ihastuttava koriste keinuhevonen musiikilla ja valolla Toiminta verkkovirralla tai paristolla( 3 x AA) Koko Leveys 45 x korkeus 44 x\u00a0 Syvyys 14 cm 8 joululaulua (on\/off-kytkimell\u00e4), py\u00f6riv\u00e4 joulukuusi Automaattinen ajastin (6 h ON, 18 h OFF ) IP20, vain sis\u00e4k\u00e4ytt\u00f6\u00f6n<\/p>\n","protected":false},"featured_media":16630,"comment_status":"closed","ping_status":"closed","template":"","meta":[],"product_brand":[],"product_cat":[176,491,199,377],"product_tag":[],"class_list":{"0":"post-16628","1":"product","2":"type-product","3":"status-publish","4":"has-post-thumbnail","6":"product_cat-joulu-ja-koristevalot","7":"product_cat-kodin-sisustustuotteet","8":"product_cat-koristevalot","9":"product_cat-sisustus-lahjatavarat","11":"first","12":"instock","13":"taxable","14":"shipping-taxable","15":"purchasable","16":"product-type-simple"},"_links":{"self":[{"href":"https:\/\/www.ksttukku.fi\/kauppa\/wp-json\/wp\/v2\/product\/16628","targetHints":{"allow":["GET"]}}],"collection":[{"href":"https:\/\/www.ksttukku.fi\/kauppa\/wp-json\/wp\/v2\/product"}],"about":[{"href":"https:\/\/www.ksttukku.fi\/kauppa\/wp-json\/wp\/v2\/types\/product"}],"replies":[{"embeddable":true,"href":"https:\/\/www.ksttukku.fi\/kauppa\/wp-json\/wp\/v2\/comments?post=16628"}],"wp:featuredmedia":[{"embeddable":true,"href":"https:\/\/www.ksttukku.fi\/kauppa\/wp-json\/wp\/v2\/media\/16630"}],"wp:attachment":[{"href":"https:\/\/www.ksttukku.fi\/kauppa\/wp-json\/wp\/v2\/media?parent=16628"}],"wp:term":[{"taxonomy":"product_brand","embeddable":true,"href":"https:\/\/www.ksttukku.fi\/kauppa\/wp-json\/wp\/v2\/product_brand?post=16628"},{"taxonomy":"product_cat","embeddable":true,"href":"https:\/\/www.ksttukku.fi\/kauppa\/wp-json\/wp\/v2\/product_cat?post=16628"},{"taxonomy":"product_tag","embeddable":true,"href":"https:\/\/www.ksttukku.fi\/kauppa\/wp-json\/wp\/v2\/product_tag?post=16628"}],"curies":[{"name":"wp","href":"https:\/\/api.w.org\/{rel}","templated":true}]}}