{"id":16643,"date":"2024-11-22T12:28:57","date_gmt":"2024-11-22T10:28:57","guid":{"rendered":"https:\/\/www.ksttukku.fi\/kauppa\/?post_type=product&#038;p=16643"},"modified":"2024-11-22T14:22:04","modified_gmt":"2024-11-22T12:22:04","slug":"lastenmatto-karhunen-120-cm-pyorea","status":"publish","type":"product","link":"https:\/\/www.ksttukku.fi\/kauppa\/tuote\/lastenmatto-karhunen-120-cm-pyorea\/","title":{"rendered":"Lastenmatto Karhunen 120 cm py\u00f6re\u00e4"},"content":{"rendered":"<p>Karhunen lastenmatto on suloinen lastenhuoneen pirist\u00e4j\u00e4. Kaunis ruskea v\u00e4ri on helppo yhdist\u00e4\u00e4 kodin muuhun sisustukseen.<\/p>\n<ul>\n<li>Ihana karhukuosi<\/li>\n<li>Pohjassa liukuestenappulat<\/li>\n<li>Vesipest\u00e4v\u00e4<\/li>\n<\/ul>\n<p>Sile\u00e4pintainen ja py\u00f6re\u00e4 matto sopii erinomaisesti lastenhuoneeseen. El\u00e4inaiheisessa matossa hymyilee suloinen ja lempe\u00e4 karhukuosi. Matossa on kauniita ruskean ja beigen s\u00e4vyj\u00e4. Pienet ripaukset mustaa ja roosaa antavat matolle kivasti ilmett\u00e4. Lankakanttaukset viimeistelev\u00e4t maton ilmeen. Karhunen lastenmatto on kevyt ja ohut, joten sit\u00e4 on helppo k\u00e4sitell\u00e4. Maton pohjassa on pienet liukuestenappulat, jotka auttavat pit\u00e4m\u00e4\u00e4n maton paikallaan.<\/p>\n<p>Tuuleta ja imuroi mattoa s\u00e4\u00e4nn\u00f6llisesti. K\u00e4yt\u00e4 tavallista imurisuulaketta, emme suosittele harjasuulakkeita, joissa on py\u00f6riv\u00e4 harjasosa. Tarvittaessa hell\u00e4varainen vesipesu 30-asteisella vedell\u00e4, k\u00e4yt\u00e4 mietoa pesuaineliuosta. Kuivatus tasossa. Pyyhi tahroja kostealla liinalla. Matto on p\u00f6ly\u00e4m\u00e4t\u00f6n.<\/p>\n","protected":false},"excerpt":{"rendered":"<p>Karhunen lastenmatto on suloinen lastenhuoneen pirist\u00e4j\u00e4. Kaunis ruskea v\u00e4ri on helppo yhdist\u00e4\u00e4 kodin muuhun sisustukseen. Ihana karhukuosi Pohjassa liukuestenappulat Vesipest\u00e4v\u00e4 Sile\u00e4pintainen ja py\u00f6re\u00e4 matto sopii erinomaisesti lastenhuoneeseen. El\u00e4inaiheisessa matossa hymyilee suloinen ja lempe\u00e4 karhukuosi. Matossa on kauniita ruskean ja beigen s\u00e4vyj\u00e4. Pienet ripaukset mustaa ja roosaa antavat matolle kivasti ilmett\u00e4. Lankakanttaukset viimeistelev\u00e4t maton ilmeen. Karhunen [&hellip;]<\/p>\n","protected":false},"featured_media":16645,"comment_status":"closed","ping_status":"closed","template":"","meta":[],"product_brand":[],"product_cat":[23,25,22],"product_tag":[],"class_list":{"0":"post-16643","1":"product","2":"type-product","3":"status-publish","4":"has-post-thumbnail","6":"product_cat-kaytava-ja-yleismatot","7":"product_cat-lastenhuonematot","8":"product_cat-matot","10":"first","11":"instock","12":"taxable","13":"shipping-taxable","14":"purchasable","15":"product-type-simple"},"_links":{"self":[{"href":"https:\/\/www.ksttukku.fi\/kauppa\/wp-json\/wp\/v2\/product\/16643","targetHints":{"allow":["GET"]}}],"collection":[{"href":"https:\/\/www.ksttukku.fi\/kauppa\/wp-json\/wp\/v2\/product"}],"about":[{"href":"https:\/\/www.ksttukku.fi\/kauppa\/wp-json\/wp\/v2\/types\/product"}],"replies":[{"embeddable":true,"href":"https:\/\/www.ksttukku.fi\/kauppa\/wp-json\/wp\/v2\/comments?post=16643"}],"wp:featuredmedia":[{"embeddable":true,"href":"https:\/\/www.ksttukku.fi\/kauppa\/wp-json\/wp\/v2\/media\/16645"}],"wp:attachment":[{"href":"https:\/\/www.ksttukku.fi\/kauppa\/wp-json\/wp\/v2\/media?parent=16643"}],"wp:term":[{"taxonomy":"product_brand","embeddable":true,"href":"https:\/\/www.ksttukku.fi\/kauppa\/wp-json\/wp\/v2\/product_brand?post=16643"},{"taxonomy":"product_cat","embeddable":true,"href":"https:\/\/www.ksttukku.fi\/kauppa\/wp-json\/wp\/v2\/product_cat?post=16643"},{"taxonomy":"product_tag","embeddable":true,"href":"https:\/\/www.ksttukku.fi\/kauppa\/wp-json\/wp\/v2\/product_tag?post=16643"}],"curies":[{"name":"wp","href":"https:\/\/api.w.org\/{rel}","templated":true}]}}