{"id":16646,"date":"2024-11-22T14:49:07","date_gmt":"2024-11-22T12:49:07","guid":{"rendered":"https:\/\/www.ksttukku.fi\/kauppa\/?post_type=product&#038;p=16646"},"modified":"2024-11-22T14:49:07","modified_gmt":"2024-11-22T12:49:07","slug":"lastenmatto-saukkonen-120-cm-pyorea","status":"publish","type":"product","link":"https:\/\/www.ksttukku.fi\/kauppa\/tuote\/lastenmatto-saukkonen-120-cm-pyorea\/","title":{"rendered":"Lastenmatto Saukkonen 120 cm py\u00f6re\u00e4"},"content":{"rendered":"<p>Saukkonen lastenmatto on suloinen lastenhuoneen pirist\u00e4j\u00e4. Kaunis v\u00e4ritys on helppo yhdist\u00e4\u00e4 kodin muuhun sisustukseen.<\/p>\n<ul>\n<li>Ihana saukkokuosi<\/li>\n<li>Pohjassa liukuestenappulat<\/li>\n<li>Vesipest\u00e4v\u00e4<\/li>\n<\/ul>\n<p>Sile\u00e4pintainen ja py\u00f6re\u00e4 matto sopii t\u00e4ydellisesti lastenhuoneeseen. Matossa on kaunis vaaleanvihre\u00e4 pohjav\u00e4ri. Vaaleat yksityiskohdat pirist\u00e4v\u00e4t ruskeaa saukkohahmoa. El\u00e4inaiheisen maton pehme\u00e4t v\u00e4rit on helppo yhdist\u00e4\u00e4 lastenhuoneen muuhun sisustukseen. Lankakanttaukset viimeistelev\u00e4t maton ilmeen. Saukkonen lastenmatto on kevyt ja ohut, joten sit\u00e4 on helppo k\u00e4sitell\u00e4. Maton pohjassa on liukuestenappulat, jotka auttavat pit\u00e4m\u00e4\u00e4n maton paikallaan.<\/p>\n<p>Imuroi ja tuuleta mattoa s\u00e4\u00e4nn\u00f6llisesti. K\u00e4yt\u00e4 tavallista imurisuulaketta, emme suosittele imurisuulakkeita, joissa on py\u00f6riv\u00e4t harjasosat. Tarvittaessa hell\u00e4varainen vesipesu 30-asteisella vedell\u00e4, k\u00e4yt\u00e4 mietoa pesuaineliuosta.<\/p>\n","protected":false},"excerpt":{"rendered":"<p>Saukkonen lastenmatto on suloinen lastenhuoneen pirist\u00e4j\u00e4. Kaunis v\u00e4ritys on helppo yhdist\u00e4\u00e4 kodin muuhun sisustukseen. Ihana saukkokuosi Pohjassa liukuestenappulat Vesipest\u00e4v\u00e4 Sile\u00e4pintainen ja py\u00f6re\u00e4 matto sopii t\u00e4ydellisesti lastenhuoneeseen. Matossa on kaunis vaaleanvihre\u00e4 pohjav\u00e4ri. Vaaleat yksityiskohdat pirist\u00e4v\u00e4t ruskeaa saukkohahmoa. El\u00e4inaiheisen maton pehme\u00e4t v\u00e4rit on helppo yhdist\u00e4\u00e4 lastenhuoneen muuhun sisustukseen. Lankakanttaukset viimeistelev\u00e4t maton ilmeen. Saukkonen lastenmatto on kevyt ja [&hellip;]<\/p>\n","protected":false},"featured_media":16648,"comment_status":"closed","ping_status":"closed","template":"","meta":[],"product_brand":[],"product_cat":[25,22],"product_tag":[],"class_list":{"0":"post-16646","1":"product","2":"type-product","3":"status-publish","4":"has-post-thumbnail","6":"product_cat-lastenhuonematot","7":"product_cat-matot","9":"first","10":"instock","11":"taxable","12":"shipping-taxable","13":"purchasable","14":"product-type-simple"},"_links":{"self":[{"href":"https:\/\/www.ksttukku.fi\/kauppa\/wp-json\/wp\/v2\/product\/16646","targetHints":{"allow":["GET"]}}],"collection":[{"href":"https:\/\/www.ksttukku.fi\/kauppa\/wp-json\/wp\/v2\/product"}],"about":[{"href":"https:\/\/www.ksttukku.fi\/kauppa\/wp-json\/wp\/v2\/types\/product"}],"replies":[{"embeddable":true,"href":"https:\/\/www.ksttukku.fi\/kauppa\/wp-json\/wp\/v2\/comments?post=16646"}],"wp:featuredmedia":[{"embeddable":true,"href":"https:\/\/www.ksttukku.fi\/kauppa\/wp-json\/wp\/v2\/media\/16648"}],"wp:attachment":[{"href":"https:\/\/www.ksttukku.fi\/kauppa\/wp-json\/wp\/v2\/media?parent=16646"}],"wp:term":[{"taxonomy":"product_brand","embeddable":true,"href":"https:\/\/www.ksttukku.fi\/kauppa\/wp-json\/wp\/v2\/product_brand?post=16646"},{"taxonomy":"product_cat","embeddable":true,"href":"https:\/\/www.ksttukku.fi\/kauppa\/wp-json\/wp\/v2\/product_cat?post=16646"},{"taxonomy":"product_tag","embeddable":true,"href":"https:\/\/www.ksttukku.fi\/kauppa\/wp-json\/wp\/v2\/product_tag?post=16646"}],"curies":[{"name":"wp","href":"https:\/\/api.w.org\/{rel}","templated":true}]}}