{"id":16664,"date":"2024-11-23T11:01:19","date_gmt":"2024-11-23T09:01:19","guid":{"rendered":"https:\/\/www.ksttukku.fi\/kauppa\/?post_type=product&#038;p=16664"},"modified":"2024-11-23T11:03:25","modified_gmt":"2024-11-23T09:03:25","slug":"yoko-villamatto-160-x-230-cm","status":"publish","type":"product","link":"https:\/\/www.ksttukku.fi\/kauppa\/tuote\/yoko-villamatto-160-x-230-cm\/","title":{"rendered":"Yoko villamatto 160 x 230 cm"},"content":{"rendered":"<p>Yoko villamatto on ajaton valinta kodin oleskelutiloihin. Matto sopii niin moderniin kuin perinteiseenkin sisustukseen.<\/p>\n<ul>\n<li>Kaunis raidallinen kuosi<\/li>\n<li>Luonnonmateriaali<\/li>\n<\/ul>\n<p>Upea villamatto sopii erinomaisesti olohuoneeseen. Kaunis raidallinen matto on tyylik\u00e4s my\u00f6s makuuhuoneessa ja vierashuoneessa. Matosta on saatavilla kaksi kaunista v\u00e4ri\u00e4, molemmissa s\u00e4vyiss\u00e4 on raikas valkoinen pohjav\u00e4ri. Kapeat raidat antavat matolle ilmett\u00e4. Valkoinen-ruskea matto on neutraali ja helppo yhdist\u00e4\u00e4 kodin muuhun sisustukseen. Raidoissa on ruskean, beigen ja harmaan eri s\u00e4vyj\u00e4.<\/p>\n<p>Tuuleta ja imuroi mattoa s\u00e4\u00e4nn\u00f6llisesti. \u00c4l\u00e4 puistele mattoa maton p\u00e4ist\u00e4. Tasopesu 30-asteisella vedell\u00e4. K\u00e4yt\u00e4 villalle sopivaa pesuainetta. Kuivata tasossa. Huomioithan, ett\u00e4 alkuun villamatosta voi l\u00e4hte\u00e4 nukkaa.<\/p>\n","protected":false},"excerpt":{"rendered":"<p>Yoko villamatto on ajaton valinta kodin oleskelutiloihin. Matto sopii niin moderniin kuin perinteiseenkin sisustukseen. Kaunis raidallinen kuosi Luonnonmateriaali Upea villamatto sopii erinomaisesti olohuoneeseen. Kaunis raidallinen matto on tyylik\u00e4s my\u00f6s makuuhuoneessa ja vierashuoneessa. Matosta on saatavilla kaksi kaunista v\u00e4ri\u00e4, molemmissa s\u00e4vyiss\u00e4 on raikas valkoinen pohjav\u00e4ri. Kapeat raidat antavat matolle ilmett\u00e4. Valkoinen-ruskea matto on neutraali ja helppo [&hellip;]<\/p>\n","protected":false},"featured_media":16666,"comment_status":"closed","ping_status":"closed","template":"","meta":[],"product_brand":[],"product_cat":[22,509],"product_tag":[],"class_list":{"0":"post-16664","1":"product","2":"type-product","3":"status-publish","4":"has-post-thumbnail","6":"product_cat-matot","7":"product_cat-villamatto","9":"first","10":"instock","11":"taxable","12":"shipping-taxable","13":"purchasable","14":"product-type-simple"},"_links":{"self":[{"href":"https:\/\/www.ksttukku.fi\/kauppa\/wp-json\/wp\/v2\/product\/16664","targetHints":{"allow":["GET"]}}],"collection":[{"href":"https:\/\/www.ksttukku.fi\/kauppa\/wp-json\/wp\/v2\/product"}],"about":[{"href":"https:\/\/www.ksttukku.fi\/kauppa\/wp-json\/wp\/v2\/types\/product"}],"replies":[{"embeddable":true,"href":"https:\/\/www.ksttukku.fi\/kauppa\/wp-json\/wp\/v2\/comments?post=16664"}],"wp:featuredmedia":[{"embeddable":true,"href":"https:\/\/www.ksttukku.fi\/kauppa\/wp-json\/wp\/v2\/media\/16666"}],"wp:attachment":[{"href":"https:\/\/www.ksttukku.fi\/kauppa\/wp-json\/wp\/v2\/media?parent=16664"}],"wp:term":[{"taxonomy":"product_brand","embeddable":true,"href":"https:\/\/www.ksttukku.fi\/kauppa\/wp-json\/wp\/v2\/product_brand?post=16664"},{"taxonomy":"product_cat","embeddable":true,"href":"https:\/\/www.ksttukku.fi\/kauppa\/wp-json\/wp\/v2\/product_cat?post=16664"},{"taxonomy":"product_tag","embeddable":true,"href":"https:\/\/www.ksttukku.fi\/kauppa\/wp-json\/wp\/v2\/product_tag?post=16664"}],"curies":[{"name":"wp","href":"https:\/\/api.w.org\/{rel}","templated":true}]}}