{"id":16668,"date":"2024-11-23T11:29:55","date_gmt":"2024-11-23T09:29:55","guid":{"rendered":"https:\/\/www.ksttukku.fi\/kauppa\/?post_type=product&#038;p=16668"},"modified":"2024-11-23T11:29:55","modified_gmt":"2024-11-23T09:29:55","slug":"ebba-villamatto-160-x-230-cm","status":"publish","type":"product","link":"https:\/\/www.ksttukku.fi\/kauppa\/tuote\/ebba-villamatto-160-x-230-cm\/","title":{"rendered":"Ebba villamatto 160 x 230 cm"},"content":{"rendered":"<p>Ebba villamatto on k\u00e4sinkudottu matto kaikkiin kodin oleskelutiloihin. Pehme\u00e4 raidoitus ja kaunis s\u00e4vy antavat matolle ajattoman ilmeen.<\/p>\n<ul>\n<li>Villaa<\/li>\n<li>Helppohoitoinen<\/li>\n<li>Molemmin puolin pidett\u00e4v\u00e4<\/li>\n<\/ul>\n<p>Matto soveltuu erityisen hyvin olohuoneeseen ja ty\u00f6huoneeseen. Neutraali v\u00e4ri on helppo yhdist\u00e4\u00e4 kodin muuhun sisustukseen. Luonnonmateriaalista valmistettu villamatto tuntuu l\u00e4mpim\u00e4lt\u00e4 jalan alla. K\u00e4\u00e4nnetyt p\u00e4\u00e4t antavat matolle pelkistetyn ja viimeistellyn ilmeen<\/p>\n<p>Matossa on luonnonvalkoinen pohja, johon harmahtavan ruskea raidoitus antaa kauniin ilmeen. Erilaiset raitakuviot tekev\u00e4t maton pinnasta el\u00e4v\u00e4n ja vivahteikkaan<\/p>\n<p>Villamatto hylkii luonnostaan likaa ja on helppohoitoinen. Pid\u00e4 villamatosta hyv\u00e4\u00e4 huolta, niin se kest\u00e4\u00e4 k\u00e4yt\u00f6ss\u00e4 pitemp\u00e4\u00e4n. Hoitona s\u00e4\u00e4nn\u00f6llinen imurointi ja tuuletus. Ei puistelua maton p\u00e4ist\u00e4. Tarvittaessa tasovesipesu 30-asteisella vedell\u00e4. K\u00e4yt\u00e4 villalle sopivaa pesuainetta. Pienet tahrat voi puhdistaa marseille- tai sappisaippualla. Kuivata Ebba villamatto tasossa<\/p>\n<p>&nbsp;<\/p>\n","protected":false},"excerpt":{"rendered":"<p>Ebba villamatto on k\u00e4sinkudottu matto kaikkiin kodin oleskelutiloihin. Pehme\u00e4 raidoitus ja kaunis s\u00e4vy antavat matolle ajattoman ilmeen. Villaa Helppohoitoinen Molemmin puolin pidett\u00e4v\u00e4 Matto soveltuu erityisen hyvin olohuoneeseen ja ty\u00f6huoneeseen. Neutraali v\u00e4ri on helppo yhdist\u00e4\u00e4 kodin muuhun sisustukseen. Luonnonmateriaalista valmistettu villamatto tuntuu l\u00e4mpim\u00e4lt\u00e4 jalan alla. K\u00e4\u00e4nnetyt p\u00e4\u00e4t antavat matolle pelkistetyn ja viimeistellyn ilmeen Matossa on luonnonvalkoinen [&hellip;]<\/p>\n","protected":false},"featured_media":16670,"comment_status":"closed","ping_status":"closed","template":"","meta":[],"product_brand":[],"product_cat":[22,509],"product_tag":[],"class_list":{"0":"post-16668","1":"product","2":"type-product","3":"status-publish","4":"has-post-thumbnail","6":"product_cat-matot","7":"product_cat-villamatto","9":"first","10":"instock","11":"taxable","12":"shipping-taxable","13":"purchasable","14":"product-type-simple"},"_links":{"self":[{"href":"https:\/\/www.ksttukku.fi\/kauppa\/wp-json\/wp\/v2\/product\/16668","targetHints":{"allow":["GET"]}}],"collection":[{"href":"https:\/\/www.ksttukku.fi\/kauppa\/wp-json\/wp\/v2\/product"}],"about":[{"href":"https:\/\/www.ksttukku.fi\/kauppa\/wp-json\/wp\/v2\/types\/product"}],"replies":[{"embeddable":true,"href":"https:\/\/www.ksttukku.fi\/kauppa\/wp-json\/wp\/v2\/comments?post=16668"}],"wp:featuredmedia":[{"embeddable":true,"href":"https:\/\/www.ksttukku.fi\/kauppa\/wp-json\/wp\/v2\/media\/16670"}],"wp:attachment":[{"href":"https:\/\/www.ksttukku.fi\/kauppa\/wp-json\/wp\/v2\/media?parent=16668"}],"wp:term":[{"taxonomy":"product_brand","embeddable":true,"href":"https:\/\/www.ksttukku.fi\/kauppa\/wp-json\/wp\/v2\/product_brand?post=16668"},{"taxonomy":"product_cat","embeddable":true,"href":"https:\/\/www.ksttukku.fi\/kauppa\/wp-json\/wp\/v2\/product_cat?post=16668"},{"taxonomy":"product_tag","embeddable":true,"href":"https:\/\/www.ksttukku.fi\/kauppa\/wp-json\/wp\/v2\/product_tag?post=16668"}],"curies":[{"name":"wp","href":"https:\/\/api.w.org\/{rel}","templated":true}]}}