{"id":16672,"date":"2024-11-23T12:11:12","date_gmt":"2024-11-23T10:11:12","guid":{"rendered":"https:\/\/www.ksttukku.fi\/kauppa\/?post_type=product&#038;p=16672"},"modified":"2024-11-23T12:11:29","modified_gmt":"2024-11-23T10:11:29","slug":"cecilia-rosa-keskilattia-matto-200-290-cm","status":"publish","type":"product","link":"https:\/\/www.ksttukku.fi\/kauppa\/tuote\/cecilia-rosa-keskilattia-matto-200-290-cm\/","title":{"rendered":"Cecilia rosa keskilattia matto  200 X 290 cm"},"content":{"rendered":"<p>Cecilia it\u00e4mainen matto on helppohoitoinen ja sile\u00e4pintainen matto tyylikk\u00e4\u00e4ll\u00e4 kuosilla. Pehme\u00e4 vaalea roosa\u00a0 antaa\u00a0 matolle tyylikk\u00e4\u00e4n ja raikkaan ilmeen.<\/p>\n<ul>\n<li>It\u00e4mainen mattokuosi<\/li>\n<li>Helppohoitoinen<\/li>\n<li>Pohjassa pvc liukuestenappulat<\/li>\n<li>Cecilia it\u00e4mainen matto on sopii niin moderniin kuin perinteiseenkin sisustukseen.<\/li>\n<li>Imuroi ja tuuleta mattoa s\u00e4\u00e4nn\u00f6llisesti. Tarvittaessa tasopesu 30-asteisella vedell\u00e4. Kuivata matto tasossa.<\/li>\n<li>materiaali: polyester<\/li>\n<\/ul>\n","protected":false},"excerpt":{"rendered":"<p>Cecilia it\u00e4mainen matto on helppohoitoinen ja sile\u00e4pintainen matto tyylikk\u00e4\u00e4ll\u00e4 kuosilla. Pehme\u00e4 vaalea roosa\u00a0 antaa\u00a0 matolle tyylikk\u00e4\u00e4n ja raikkaan ilmeen. It\u00e4mainen mattokuosi Helppohoitoinen Pohjassa pvc liukuestenappulat Cecilia it\u00e4mainen matto on sopii niin moderniin kuin perinteiseenkin sisustukseen. Imuroi ja tuuleta mattoa s\u00e4\u00e4nn\u00f6llisesti. Tarvittaessa tasopesu 30-asteisella vedell\u00e4. Kuivata matto tasossa. materiaali: polyester<\/p>\n","protected":false},"featured_media":16640,"comment_status":"closed","ping_status":"closed","template":"","meta":[],"product_brand":[],"product_cat":[23,22,516],"product_tag":[],"class_list":{"0":"post-16672","1":"product","2":"type-product","3":"status-publish","4":"has-post-thumbnail","6":"product_cat-kaytava-ja-yleismatot","7":"product_cat-matot","8":"product_cat-sileaksi-kudottu-matto","10":"first","11":"instock","12":"taxable","13":"shipping-taxable","14":"purchasable","15":"product-type-simple"},"_links":{"self":[{"href":"https:\/\/www.ksttukku.fi\/kauppa\/wp-json\/wp\/v2\/product\/16672","targetHints":{"allow":["GET"]}}],"collection":[{"href":"https:\/\/www.ksttukku.fi\/kauppa\/wp-json\/wp\/v2\/product"}],"about":[{"href":"https:\/\/www.ksttukku.fi\/kauppa\/wp-json\/wp\/v2\/types\/product"}],"replies":[{"embeddable":true,"href":"https:\/\/www.ksttukku.fi\/kauppa\/wp-json\/wp\/v2\/comments?post=16672"}],"wp:featuredmedia":[{"embeddable":true,"href":"https:\/\/www.ksttukku.fi\/kauppa\/wp-json\/wp\/v2\/media\/16640"}],"wp:attachment":[{"href":"https:\/\/www.ksttukku.fi\/kauppa\/wp-json\/wp\/v2\/media?parent=16672"}],"wp:term":[{"taxonomy":"product_brand","embeddable":true,"href":"https:\/\/www.ksttukku.fi\/kauppa\/wp-json\/wp\/v2\/product_brand?post=16672"},{"taxonomy":"product_cat","embeddable":true,"href":"https:\/\/www.ksttukku.fi\/kauppa\/wp-json\/wp\/v2\/product_cat?post=16672"},{"taxonomy":"product_tag","embeddable":true,"href":"https:\/\/www.ksttukku.fi\/kauppa\/wp-json\/wp\/v2\/product_tag?post=16672"}],"curies":[{"name":"wp","href":"https:\/\/api.w.org\/{rel}","templated":true}]}}