{"id":16709,"date":"2024-12-11T17:48:56","date_gmt":"2024-12-11T15:48:56","guid":{"rendered":"https:\/\/www.ksttukku.fi\/kauppa\/?post_type=product&#038;p=16709"},"modified":"2025-02-15T13:54:51","modified_gmt":"2025-02-15T11:54:51","slug":"saranda-lattiavalaisin-musta","status":"publish","type":"product","link":"https:\/\/www.ksttukku.fi\/kauppa\/tuote\/saranda-lattiavalaisin-musta\/","title":{"rendered":"Saranda lattiavalaisin musta 12 W 850 lm"},"content":{"rendered":"<p>SARANDA -jalkalampussa yhdistyv\u00e4t moderni muotoilu, tyylikkyys ja k\u00e4yt\u00e4nn\u00f6lliset ominaisuudet. Jalkalamppu sopii erinomaisesti kotiin tai ty\u00f6tilaan luomaan tunnelmaa ja viihtyvyytt\u00e4. Lampun siro muotoilu ja musta v\u00e4ri sopivat t\u00e4ydellisesti erilaisiin sisustustyyleihin, tuoden elegantin ilmeen huoneeseen. Lampun kokonaiskorkeus on 168,5 cm. S\u00e4\u00e4dett\u00e4v\u00e4 valaistus mukautuu tarpeisiisi. Lampun v\u00e4ril\u00e4mp\u00f6tila on s\u00e4\u00e4dett\u00e4viss\u00e4 2700-6500K ja siin\u00e4 on lis\u00e4ksi valittavissa kolme eri v\u00e4ril\u00e4mp\u00f6tilaa \u2013 l\u00e4mmin valkoinen 3000K, neutraali valkoinen 4500K ja viile\u00e4 valkoinen 6500K \u2013 joiden avulla voit luoda tilaan juuri haluamasi tunnelman. Himmennystoiminnon ansiosta voit s\u00e4\u00e4t\u00e4\u00e4 valon kirkkautta tilanteen mukaan. LED-jalkalamppu tarjoaa tehokkaan ja energiatehokkaan valaistuksen. 12W teholla ja 850 lumenin kokonaisvalom\u00e4\u00e4r\u00e4ll\u00e4 lamppu tuottaa riitt\u00e4v\u00e4n kirkkaan, mutta energiaa s\u00e4\u00e4st\u00e4v\u00e4n valaistuksen niin olohuoneeseen, ty\u00f6tilaan kuin makuuhuoneeseenkin. Sen valoyksikk\u00f6 kiertyy jopa 360 astetta, mahdollistaen valon suuntaamisen juuri sinne, miss\u00e4 sit\u00e4 tarvitaan. Lampun ohjaaminen on vaivatonta joko integroidun painonapin tai mukana tulevan kaukos\u00e4\u00e4timen avulla. T\u00e4m\u00e4 lis\u00e4\u00e4 k\u00e4ytt\u00f6mukavuutta erityisesti suurissa tiloissa tai jos haluat s\u00e4\u00e4t\u00e4\u00e4 valoa mukavasti sohvalta tai s\u00e4ngyst\u00e4 k\u00e4sin<\/p>\n","protected":false},"excerpt":{"rendered":"<p>SARANDA -jalkalampussa yhdistyv\u00e4t moderni muotoilu, tyylikkyys ja k\u00e4yt\u00e4nn\u00f6lliset ominaisuudet. Jalkalamppu sopii erinomaisesti kotiin tai ty\u00f6tilaan luomaan tunnelmaa ja viihtyvyytt\u00e4. Lampun siro muotoilu ja musta v\u00e4ri sopivat t\u00e4ydellisesti erilaisiin sisustustyyleihin, tuoden elegantin ilmeen huoneeseen. Lampun kokonaiskorkeus on 168,5 cm. S\u00e4\u00e4dett\u00e4v\u00e4 valaistus mukautuu tarpeisiisi. Lampun v\u00e4ril\u00e4mp\u00f6tila on s\u00e4\u00e4dett\u00e4viss\u00e4 2700-6500K ja siin\u00e4 on lis\u00e4ksi valittavissa kolme eri v\u00e4ril\u00e4mp\u00f6tilaa [&hellip;]<\/p>\n","protected":false},"featured_media":16710,"comment_status":"closed","ping_status":"closed","template":"","meta":[],"product_brand":[],"product_cat":[43,35,34],"product_tag":[],"class_list":{"0":"post-16709","1":"product","2":"type-product","3":"status-publish","4":"has-post-thumbnail","6":"product_cat-lattiavalaisimet","7":"product_cat-sisavalaisimet","8":"product_cat-valaisimet","10":"first","11":"instock","12":"taxable","13":"shipping-taxable","14":"purchasable","15":"product-type-simple"},"_links":{"self":[{"href":"https:\/\/www.ksttukku.fi\/kauppa\/wp-json\/wp\/v2\/product\/16709","targetHints":{"allow":["GET"]}}],"collection":[{"href":"https:\/\/www.ksttukku.fi\/kauppa\/wp-json\/wp\/v2\/product"}],"about":[{"href":"https:\/\/www.ksttukku.fi\/kauppa\/wp-json\/wp\/v2\/types\/product"}],"replies":[{"embeddable":true,"href":"https:\/\/www.ksttukku.fi\/kauppa\/wp-json\/wp\/v2\/comments?post=16709"}],"wp:featuredmedia":[{"embeddable":true,"href":"https:\/\/www.ksttukku.fi\/kauppa\/wp-json\/wp\/v2\/media\/16710"}],"wp:attachment":[{"href":"https:\/\/www.ksttukku.fi\/kauppa\/wp-json\/wp\/v2\/media?parent=16709"}],"wp:term":[{"taxonomy":"product_brand","embeddable":true,"href":"https:\/\/www.ksttukku.fi\/kauppa\/wp-json\/wp\/v2\/product_brand?post=16709"},{"taxonomy":"product_cat","embeddable":true,"href":"https:\/\/www.ksttukku.fi\/kauppa\/wp-json\/wp\/v2\/product_cat?post=16709"},{"taxonomy":"product_tag","embeddable":true,"href":"https:\/\/www.ksttukku.fi\/kauppa\/wp-json\/wp\/v2\/product_tag?post=16709"}],"curies":[{"name":"wp","href":"https:\/\/api.w.org\/{rel}","templated":true}]}}