{"id":16738,"date":"2024-12-31T12:46:52","date_gmt":"2024-12-31T10:46:52","guid":{"rendered":"https:\/\/www.ksttukku.fi\/kauppa\/?post_type=product&#038;p=16738"},"modified":"2025-11-05T15:00:51","modified_gmt":"2025-11-05T13:00:51","slug":"valokoriste-unisiepparivalot-20-led","status":"publish","type":"product","link":"https:\/\/www.ksttukku.fi\/kauppa\/tuote\/valokoriste-unisiepparivalot-20-led\/","title":{"rendered":"Valokoriste Unisiepparivalot 20 LED"},"content":{"rendered":"<p>Paristok\u00e4ytt\u00f6inen kaunis valkoinen unisieppari valokoriste on koristettu h\u00f6yhenill\u00e4 ja lempe\u00e4n valaistuksen antaa 20 l\u00e4mmin valkoista LED-valoa. Paristot 3 x AA (ei sis\u00e4lly). Sis\u00e4k\u00e4ytt\u00f6\u00f6n.<\/p>\n<ul>\n<li>Leveys: 36 cm<\/li>\n<li>Korkeus: 95 cm<\/li>\n<\/ul>\n","protected":false},"excerpt":{"rendered":"<p>Paristok\u00e4ytt\u00f6inen kaunis valkoinen unisieppari valokoriste on koristettu h\u00f6yhenill\u00e4 ja lempe\u00e4n valaistuksen antaa 20 l\u00e4mmin valkoista LED-valoa. Paristot 3 x AA (ei sis\u00e4lly). Sis\u00e4k\u00e4ytt\u00f6\u00f6n. Leveys: 36 cm Korkeus: 95 cm<\/p>\n","protected":false},"featured_media":16740,"comment_status":"closed","ping_status":"closed","template":"","meta":[],"product_brand":[],"product_cat":[176,199,198,309,180],"product_tag":[],"class_list":{"0":"post-16738","1":"product","2":"type-product","3":"status-publish","4":"has-post-thumbnail","6":"product_cat-joulu-ja-koristevalot","7":"product_cat-koristevalot","8":"product_cat-paperitahdet","9":"product_cat-paristovalaisimet","10":"product_cat-paristovalosarjat","12":"first","13":"instock","14":"taxable","15":"shipping-taxable","16":"purchasable","17":"product-type-simple"},"_links":{"self":[{"href":"https:\/\/www.ksttukku.fi\/kauppa\/wp-json\/wp\/v2\/product\/16738","targetHints":{"allow":["GET"]}}],"collection":[{"href":"https:\/\/www.ksttukku.fi\/kauppa\/wp-json\/wp\/v2\/product"}],"about":[{"href":"https:\/\/www.ksttukku.fi\/kauppa\/wp-json\/wp\/v2\/types\/product"}],"replies":[{"embeddable":true,"href":"https:\/\/www.ksttukku.fi\/kauppa\/wp-json\/wp\/v2\/comments?post=16738"}],"wp:featuredmedia":[{"embeddable":true,"href":"https:\/\/www.ksttukku.fi\/kauppa\/wp-json\/wp\/v2\/media\/16740"}],"wp:attachment":[{"href":"https:\/\/www.ksttukku.fi\/kauppa\/wp-json\/wp\/v2\/media?parent=16738"}],"wp:term":[{"taxonomy":"product_brand","embeddable":true,"href":"https:\/\/www.ksttukku.fi\/kauppa\/wp-json\/wp\/v2\/product_brand?post=16738"},{"taxonomy":"product_cat","embeddable":true,"href":"https:\/\/www.ksttukku.fi\/kauppa\/wp-json\/wp\/v2\/product_cat?post=16738"},{"taxonomy":"product_tag","embeddable":true,"href":"https:\/\/www.ksttukku.fi\/kauppa\/wp-json\/wp\/v2\/product_tag?post=16738"}],"curies":[{"name":"wp","href":"https:\/\/api.w.org\/{rel}","templated":true}]}}