{"id":16745,"date":"2025-01-02T15:31:52","date_gmt":"2025-01-02T13:31:52","guid":{"rendered":"https:\/\/www.ksttukku.fi\/kauppa\/?post_type=product&#038;p=16745"},"modified":"2025-01-04T10:43:51","modified_gmt":"2025-01-04T08:43:51","slug":"led-vakiojannitelahde-150w-12-v-ip-65","status":"publish","type":"product","link":"https:\/\/www.ksttukku.fi\/kauppa\/tuote\/led-vakiojannitelahde-150w-12-v-ip-65\/","title":{"rendered":"LED-Vakioj\u00e4nnitel\u00e4hde 150W 12 V  IP 65"},"content":{"rendered":"<p>Led-vakioj\u00e4nnitel\u00e4hde\u00a0 150 W 12 V IP 65<\/p>\n<p>soveltuu esim. led-nauhoille<\/p>\n","protected":false},"excerpt":{"rendered":"<p>Led-vakioj\u00e4nnitel\u00e4hde\u00a0 150 W 12 V IP 65 soveltuu esim. led-nauhoille<\/p>\n","protected":false},"featured_media":16746,"comment_status":"closed","ping_status":"closed","template":"","meta":[],"product_brand":[],"product_cat":[482,35,230,59,36,34,236,45],"product_tag":[],"class_list":{"0":"post-16745","1":"product","2":"type-product","3":"status-publish","4":"has-post-thumbnail","6":"product_cat-mustat-pistorasiat-ja-kytkimet","7":"product_cat-sisavalaisimet","8":"product_cat-sahkotarvikkeet","9":"product_cat-terassivalaisimet","10":"product_cat-ulkovalaisimet","11":"product_cat-valaisimet","12":"product_cat-valaisintarvikkeet","13":"product_cat-valonauhat","15":"first","16":"instock","17":"taxable","18":"shipping-taxable","19":"purchasable","20":"product-type-simple"},"_links":{"self":[{"href":"https:\/\/www.ksttukku.fi\/kauppa\/wp-json\/wp\/v2\/product\/16745","targetHints":{"allow":["GET"]}}],"collection":[{"href":"https:\/\/www.ksttukku.fi\/kauppa\/wp-json\/wp\/v2\/product"}],"about":[{"href":"https:\/\/www.ksttukku.fi\/kauppa\/wp-json\/wp\/v2\/types\/product"}],"replies":[{"embeddable":true,"href":"https:\/\/www.ksttukku.fi\/kauppa\/wp-json\/wp\/v2\/comments?post=16745"}],"wp:featuredmedia":[{"embeddable":true,"href":"https:\/\/www.ksttukku.fi\/kauppa\/wp-json\/wp\/v2\/media\/16746"}],"wp:attachment":[{"href":"https:\/\/www.ksttukku.fi\/kauppa\/wp-json\/wp\/v2\/media?parent=16745"}],"wp:term":[{"taxonomy":"product_brand","embeddable":true,"href":"https:\/\/www.ksttukku.fi\/kauppa\/wp-json\/wp\/v2\/product_brand?post=16745"},{"taxonomy":"product_cat","embeddable":true,"href":"https:\/\/www.ksttukku.fi\/kauppa\/wp-json\/wp\/v2\/product_cat?post=16745"},{"taxonomy":"product_tag","embeddable":true,"href":"https:\/\/www.ksttukku.fi\/kauppa\/wp-json\/wp\/v2\/product_tag?post=16745"}],"curies":[{"name":"wp","href":"https:\/\/api.w.org\/{rel}","templated":true}]}}