{"id":16747,"date":"2025-01-02T15:49:10","date_gmt":"2025-01-02T13:49:10","guid":{"rendered":"https:\/\/www.ksttukku.fi\/kauppa\/?post_type=product&#038;p=16747"},"modified":"2025-01-02T15:50:29","modified_gmt":"2025-01-02T13:50:29","slug":"elektroninen-liitantalaite-12-v-75-w-cv-dim","status":"publish","type":"product","link":"https:\/\/www.ksttukku.fi\/kauppa\/tuote\/elektroninen-liitantalaite-12-v-75-w-cv-dim\/","title":{"rendered":"Elektroninen Liit\u00e4nt\u00e4laite  12 V 75 W  CV Dim"},"content":{"rendered":"<p>Elektroninen Liit\u00e4nt\u00e4laite \u00a012 V 75 W \u00a0CV Dim<\/p>\n<ul>\n<li>Pituus: 295 mm<\/li>\n<li>Leveys: 45 mm<\/li>\n<li>Korkeus: 32 mm<\/li>\n<\/ul>\n","protected":false},"excerpt":{"rendered":"<p>Elektroninen Liit\u00e4nt\u00e4laite \u00a012 V 75 W \u00a0CV Dim Pituus: 295 mm Leveys: 45 mm Korkeus: 32 mm<\/p>\n","protected":false},"featured_media":16748,"comment_status":"closed","ping_status":"closed","template":"","meta":[],"product_brand":[],"product_cat":[35,230,34,236,45],"product_tag":[],"class_list":{"0":"post-16747","1":"product","2":"type-product","3":"status-publish","4":"has-post-thumbnail","6":"product_cat-sisavalaisimet","7":"product_cat-sahkotarvikkeet","8":"product_cat-valaisimet","9":"product_cat-valaisintarvikkeet","10":"product_cat-valonauhat","12":"first","13":"instock","14":"taxable","15":"shipping-taxable","16":"purchasable","17":"product-type-simple"},"_links":{"self":[{"href":"https:\/\/www.ksttukku.fi\/kauppa\/wp-json\/wp\/v2\/product\/16747","targetHints":{"allow":["GET"]}}],"collection":[{"href":"https:\/\/www.ksttukku.fi\/kauppa\/wp-json\/wp\/v2\/product"}],"about":[{"href":"https:\/\/www.ksttukku.fi\/kauppa\/wp-json\/wp\/v2\/types\/product"}],"replies":[{"embeddable":true,"href":"https:\/\/www.ksttukku.fi\/kauppa\/wp-json\/wp\/v2\/comments?post=16747"}],"wp:featuredmedia":[{"embeddable":true,"href":"https:\/\/www.ksttukku.fi\/kauppa\/wp-json\/wp\/v2\/media\/16748"}],"wp:attachment":[{"href":"https:\/\/www.ksttukku.fi\/kauppa\/wp-json\/wp\/v2\/media?parent=16747"}],"wp:term":[{"taxonomy":"product_brand","embeddable":true,"href":"https:\/\/www.ksttukku.fi\/kauppa\/wp-json\/wp\/v2\/product_brand?post=16747"},{"taxonomy":"product_cat","embeddable":true,"href":"https:\/\/www.ksttukku.fi\/kauppa\/wp-json\/wp\/v2\/product_cat?post=16747"},{"taxonomy":"product_tag","embeddable":true,"href":"https:\/\/www.ksttukku.fi\/kauppa\/wp-json\/wp\/v2\/product_tag?post=16747"}],"curies":[{"name":"wp","href":"https:\/\/api.w.org\/{rel}","templated":true}]}}