{"id":16749,"date":"2025-01-02T16:38:18","date_gmt":"2025-01-02T14:38:18","guid":{"rendered":"https:\/\/www.ksttukku.fi\/kauppa\/?post_type=product&#038;p=16749"},"modified":"2025-01-02T16:38:18","modified_gmt":"2025-01-02T14:38:18","slug":"paristovalot-silver-lammin-valkoinen-40led-3-m","status":"publish","type":"product","link":"https:\/\/www.ksttukku.fi\/kauppa\/tuote\/paristovalot-silver-lammin-valkoinen-40led-3-m\/","title":{"rendered":"Paristovalot Silver l\u00e4mmin valkoinen 40LED 3 m"},"content":{"rendered":"<p>Monik\u00e4ytt\u00f6iset paristovalot soveltuvat mm. tunnelmavalaistuksen luomiseen, erilaisiin asetelmiin ja askarteluun. Tekniset tiedot: 40 kpl l\u00e4mmin valkoista LED- valoa hopealangassa. Ajastintoiminto 6h on\/18h off. Pituus 3 m. Paristot 3 x AA 1,5V (ei sis\u00e4lly).<\/p>\n<p>Materiaali: kuparilanka<\/p>\n","protected":false},"excerpt":{"rendered":"<p>Monik\u00e4ytt\u00f6iset paristovalot soveltuvat mm. tunnelmavalaistuksen luomiseen, erilaisiin asetelmiin ja askarteluun. Tekniset tiedot: 40 kpl l\u00e4mmin valkoista LED- valoa hopealangassa. Ajastintoiminto 6h on\/18h off. Pituus 3 m. Paristot 3 x AA 1,5V (ei sis\u00e4lly). Materiaali: kuparilanka<\/p>\n","protected":false},"featured_media":16750,"comment_status":"closed","ping_status":"closed","template":"","meta":[],"product_brand":[],"product_cat":[176,180,177],"product_tag":[],"class_list":{"0":"post-16749","1":"product","2":"type-product","3":"status-publish","4":"has-post-thumbnail","6":"product_cat-joulu-ja-koristevalot","7":"product_cat-paristovalosarjat","8":"product_cat-valosarjat","10":"first","11":"instock","12":"taxable","13":"shipping-taxable","14":"purchasable","15":"product-type-simple"},"_links":{"self":[{"href":"https:\/\/www.ksttukku.fi\/kauppa\/wp-json\/wp\/v2\/product\/16749","targetHints":{"allow":["GET"]}}],"collection":[{"href":"https:\/\/www.ksttukku.fi\/kauppa\/wp-json\/wp\/v2\/product"}],"about":[{"href":"https:\/\/www.ksttukku.fi\/kauppa\/wp-json\/wp\/v2\/types\/product"}],"replies":[{"embeddable":true,"href":"https:\/\/www.ksttukku.fi\/kauppa\/wp-json\/wp\/v2\/comments?post=16749"}],"wp:featuredmedia":[{"embeddable":true,"href":"https:\/\/www.ksttukku.fi\/kauppa\/wp-json\/wp\/v2\/media\/16750"}],"wp:attachment":[{"href":"https:\/\/www.ksttukku.fi\/kauppa\/wp-json\/wp\/v2\/media?parent=16749"}],"wp:term":[{"taxonomy":"product_brand","embeddable":true,"href":"https:\/\/www.ksttukku.fi\/kauppa\/wp-json\/wp\/v2\/product_brand?post=16749"},{"taxonomy":"product_cat","embeddable":true,"href":"https:\/\/www.ksttukku.fi\/kauppa\/wp-json\/wp\/v2\/product_cat?post=16749"},{"taxonomy":"product_tag","embeddable":true,"href":"https:\/\/www.ksttukku.fi\/kauppa\/wp-json\/wp\/v2\/product_tag?post=16749"}],"curies":[{"name":"wp","href":"https:\/\/api.w.org\/{rel}","templated":true}]}}