{"id":16753,"date":"2025-01-02T17:27:47","date_gmt":"2025-01-02T15:27:47","guid":{"rendered":"https:\/\/www.ksttukku.fi\/kauppa\/?post_type=product&#038;p=16753"},"modified":"2025-11-24T10:38:45","modified_gmt":"2025-11-24T08:38:45","slug":"sherrie-valoverho-ulkokayttoon-1x2m","status":"publish","type":"product","link":"https:\/\/www.ksttukku.fi\/kauppa\/tuote\/sherrie-valoverho-ulkokayttoon-1x2m\/","title":{"rendered":"Sherrie valoverho ulko-ja sis\u00e4k\u00e4ytt\u00f6\u00f6n 1x2m"},"content":{"rendered":"<p>Ulkok\u00e4ytt\u00f6\u00f6n sopiva 1x2m valoverho, jossa 10 l\u00e4pin\u00e4kyv\u00e4\u00e4 nauhaa, jokaisessa 20 pient\u00e4 l\u00e4mpim\u00e4n valkoista LED-valopistett\u00e4. Valaise ulkotila, juhlateltta tai vaikkapa sein\u00e4 tunnelmallisella valolla!<br \/>\nValoverhossa on IP44-luokan muuntaja 5 metrin johdolla.<br \/>\nKiinte\u00e4 LED<\/p>\n","protected":false},"excerpt":{"rendered":"<p>Ulkok\u00e4ytt\u00f6\u00f6n sopiva 1x2m valoverho, jossa 10 l\u00e4pin\u00e4kyv\u00e4\u00e4 nauhaa, jokaisessa 20 pient\u00e4 l\u00e4mpim\u00e4n valkoista LED-valopistett\u00e4. Valaise ulkotila, juhlateltta tai vaikkapa sein\u00e4 tunnelmallisella valolla! Valoverhossa on IP44-luokan muuntaja 5 metrin johdolla. Kiinte\u00e4 LED<\/p>\n","protected":false},"featured_media":16754,"comment_status":"closed","ping_status":"closed","template":"","meta":[],"product_brand":[],"product_cat":[176,199,180,177],"product_tag":[],"class_list":{"0":"post-16753","1":"product","2":"type-product","3":"status-publish","4":"has-post-thumbnail","6":"product_cat-joulu-ja-koristevalot","7":"product_cat-koristevalot","8":"product_cat-paristovalosarjat","9":"product_cat-valosarjat","11":"first","12":"outofstock","13":"taxable","14":"shipping-taxable","15":"purchasable","16":"product-type-simple"},"_links":{"self":[{"href":"https:\/\/www.ksttukku.fi\/kauppa\/wp-json\/wp\/v2\/product\/16753","targetHints":{"allow":["GET"]}}],"collection":[{"href":"https:\/\/www.ksttukku.fi\/kauppa\/wp-json\/wp\/v2\/product"}],"about":[{"href":"https:\/\/www.ksttukku.fi\/kauppa\/wp-json\/wp\/v2\/types\/product"}],"replies":[{"embeddable":true,"href":"https:\/\/www.ksttukku.fi\/kauppa\/wp-json\/wp\/v2\/comments?post=16753"}],"wp:featuredmedia":[{"embeddable":true,"href":"https:\/\/www.ksttukku.fi\/kauppa\/wp-json\/wp\/v2\/media\/16754"}],"wp:attachment":[{"href":"https:\/\/www.ksttukku.fi\/kauppa\/wp-json\/wp\/v2\/media?parent=16753"}],"wp:term":[{"taxonomy":"product_brand","embeddable":true,"href":"https:\/\/www.ksttukku.fi\/kauppa\/wp-json\/wp\/v2\/product_brand?post=16753"},{"taxonomy":"product_cat","embeddable":true,"href":"https:\/\/www.ksttukku.fi\/kauppa\/wp-json\/wp\/v2\/product_cat?post=16753"},{"taxonomy":"product_tag","embeddable":true,"href":"https:\/\/www.ksttukku.fi\/kauppa\/wp-json\/wp\/v2\/product_tag?post=16753"}],"curies":[{"name":"wp","href":"https:\/\/api.w.org\/{rel}","templated":true}]}}