{"id":16760,"date":"2025-01-03T12:00:57","date_gmt":"2025-01-03T10:00:57","guid":{"rendered":"https:\/\/www.ksttukku.fi\/kauppa\/?post_type=product&#038;p=16760"},"modified":"2025-01-03T12:00:57","modified_gmt":"2025-01-03T10:00:57","slug":"retro-led-valosarja-120-led-meripihka-24-m","status":"publish","type":"product","link":"https:\/\/www.ksttukku.fi\/kauppa\/tuote\/retro-led-valosarja-120-led-meripihka-24-m\/","title":{"rendered":"Retro LED-valosarja 120 LED meripihka  24 m"},"content":{"rendered":"<p>Klassinen, retrohenkinen j\u00e4\u00e4kidevalosarja meripihkan v\u00e4risill\u00e4 LED-valoilla.<\/p>\n<p>Valosarjassa on 120 kpl kauniisti hehkuvaa j\u00e4\u00e4kidett\u00e4.<\/p>\n<p>LED-v\u00e4li 20 cm,<\/p>\n<p>liitosjohto 5 m.<\/p>\n<p>Liit\u00e4nt\u00e4laite IP44.<\/p>\n","protected":false},"excerpt":{"rendered":"<p>Klassinen, retrohenkinen j\u00e4\u00e4kidevalosarja meripihkan v\u00e4risill\u00e4 LED-valoilla. Valosarjassa on 120 kpl kauniisti hehkuvaa j\u00e4\u00e4kidett\u00e4. LED-v\u00e4li 20 cm, liitosjohto 5 m. Liit\u00e4nt\u00e4laite IP44.<\/p>\n","protected":false},"featured_media":16761,"comment_status":"closed","ping_status":"closed","template":"","meta":[],"product_brand":[],"product_cat":[176,197,199,177],"product_tag":[],"class_list":{"0":"post-16760","1":"product","2":"type-product","3":"status-publish","4":"has-post-thumbnail","6":"product_cat-joulu-ja-koristevalot","7":"product_cat-joulukuusen-valosarjat","8":"product_cat-koristevalot","9":"product_cat-valosarjat","11":"first","12":"instock","13":"taxable","14":"shipping-taxable","15":"purchasable","16":"product-type-simple"},"_links":{"self":[{"href":"https:\/\/www.ksttukku.fi\/kauppa\/wp-json\/wp\/v2\/product\/16760","targetHints":{"allow":["GET"]}}],"collection":[{"href":"https:\/\/www.ksttukku.fi\/kauppa\/wp-json\/wp\/v2\/product"}],"about":[{"href":"https:\/\/www.ksttukku.fi\/kauppa\/wp-json\/wp\/v2\/types\/product"}],"replies":[{"embeddable":true,"href":"https:\/\/www.ksttukku.fi\/kauppa\/wp-json\/wp\/v2\/comments?post=16760"}],"wp:featuredmedia":[{"embeddable":true,"href":"https:\/\/www.ksttukku.fi\/kauppa\/wp-json\/wp\/v2\/media\/16761"}],"wp:attachment":[{"href":"https:\/\/www.ksttukku.fi\/kauppa\/wp-json\/wp\/v2\/media?parent=16760"}],"wp:term":[{"taxonomy":"product_brand","embeddable":true,"href":"https:\/\/www.ksttukku.fi\/kauppa\/wp-json\/wp\/v2\/product_brand?post=16760"},{"taxonomy":"product_cat","embeddable":true,"href":"https:\/\/www.ksttukku.fi\/kauppa\/wp-json\/wp\/v2\/product_cat?post=16760"},{"taxonomy":"product_tag","embeddable":true,"href":"https:\/\/www.ksttukku.fi\/kauppa\/wp-json\/wp\/v2\/product_tag?post=16760"}],"curies":[{"name":"wp","href":"https:\/\/api.w.org\/{rel}","templated":true}]}}