{"id":16762,"date":"2025-01-03T12:18:52","date_gmt":"2025-01-03T10:18:52","guid":{"rendered":"https:\/\/www.ksttukku.fi\/kauppa\/?post_type=product&#038;p=16762"},"modified":"2025-11-25T15:31:38","modified_gmt":"2025-11-25T13:31:38","slug":"retro-led-valosarja-40-led-monivarinen-7-8-m","status":"publish","type":"product","link":"https:\/\/www.ksttukku.fi\/kauppa\/tuote\/retro-led-valosarja-40-led-monivarinen-7-8-m\/","title":{"rendered":"Retro LED-valosarja 40 LED moniv\u00e4rinen  7.8 m"},"content":{"rendered":"<p>Klassinen, retrohenkinen j\u00e4\u00e4kidevalosarja v\u00e4rikk\u00e4ill\u00e4 LED-valoilla.<\/p>\n<p>Valosarjassa on 40 kpl kauniisti hehkuvaa j\u00e4\u00e4kidett\u00e4.<\/p>\n<p>LED-v\u00e4li 20 cm,<\/p>\n<p>liitosjohto 5 m.<\/p>\n<p>Liit\u00e4nt\u00e4laite IP44.<\/p>\n","protected":false},"excerpt":{"rendered":"<p>Klassinen, retrohenkinen j\u00e4\u00e4kidevalosarja v\u00e4rikk\u00e4ill\u00e4 LED-valoilla. Valosarjassa on 40 kpl kauniisti hehkuvaa j\u00e4\u00e4kidett\u00e4. LED-v\u00e4li 20 cm, liitosjohto 5 m. Liit\u00e4nt\u00e4laite IP44.<\/p>\n","protected":false},"featured_media":16763,"comment_status":"closed","ping_status":"closed","template":"","meta":[],"product_brand":[],"product_cat":[176,197,199,177],"product_tag":[],"class_list":{"0":"post-16762","1":"product","2":"type-product","3":"status-publish","4":"has-post-thumbnail","6":"product_cat-joulu-ja-koristevalot","7":"product_cat-joulukuusen-valosarjat","8":"product_cat-koristevalot","9":"product_cat-valosarjat","11":"first","12":"instock","13":"taxable","14":"shipping-taxable","15":"purchasable","16":"product-type-simple"},"_links":{"self":[{"href":"https:\/\/www.ksttukku.fi\/kauppa\/wp-json\/wp\/v2\/product\/16762","targetHints":{"allow":["GET"]}}],"collection":[{"href":"https:\/\/www.ksttukku.fi\/kauppa\/wp-json\/wp\/v2\/product"}],"about":[{"href":"https:\/\/www.ksttukku.fi\/kauppa\/wp-json\/wp\/v2\/types\/product"}],"replies":[{"embeddable":true,"href":"https:\/\/www.ksttukku.fi\/kauppa\/wp-json\/wp\/v2\/comments?post=16762"}],"wp:featuredmedia":[{"embeddable":true,"href":"https:\/\/www.ksttukku.fi\/kauppa\/wp-json\/wp\/v2\/media\/16763"}],"wp:attachment":[{"href":"https:\/\/www.ksttukku.fi\/kauppa\/wp-json\/wp\/v2\/media?parent=16762"}],"wp:term":[{"taxonomy":"product_brand","embeddable":true,"href":"https:\/\/www.ksttukku.fi\/kauppa\/wp-json\/wp\/v2\/product_brand?post=16762"},{"taxonomy":"product_cat","embeddable":true,"href":"https:\/\/www.ksttukku.fi\/kauppa\/wp-json\/wp\/v2\/product_cat?post=16762"},{"taxonomy":"product_tag","embeddable":true,"href":"https:\/\/www.ksttukku.fi\/kauppa\/wp-json\/wp\/v2\/product_tag?post=16762"}],"curies":[{"name":"wp","href":"https:\/\/api.w.org\/{rel}","templated":true}]}}