{"id":16765,"date":"2025-01-03T14:18:51","date_gmt":"2025-01-03T12:18:51","guid":{"rendered":"https:\/\/www.ksttukku.fi\/kauppa\/?post_type=product&#038;p=16765"},"modified":"2026-01-05T16:07:55","modified_gmt":"2026-01-05T14:07:55","slug":"valoketju-360-led-meripihka-musta-johto-36-m","status":"publish","type":"product","link":"https:\/\/www.ksttukku.fi\/kauppa\/tuote\/valoketju-360-led-meripihka-musta-johto-36-m\/","title":{"rendered":"Valoketju 360 LED meripihka musta johto 36 m"},"content":{"rendered":"<p>Valoketjuilla voit muuttaa mink\u00e4 tahansa tilan kutsuvaksi keitaaksi. Ihanteellinen tunnelmavalaistus terasseille, parvekkeille ja puutarhaan, h\u00e4ihin ja muihin juhliin<\/p>\n<p>360 kpl LED meripihkan v\u00e4rinen 3V 0,06W.<\/p>\n<p>Muunta IP44.<\/p>\n<p>Ledit 10 cm v\u00e4lein.<\/p>\n<p>Liit\u00e4nt\u00e4johto 5 m.<\/p>\n<p>Valosarjan pituus 36 m.<\/p>\n<p>Sis\u00e4- ja ulkok\u00e4ytt\u00f6\u00f6n.<\/p>\n","protected":false},"excerpt":{"rendered":"<p>Valoketjuilla voit muuttaa mink\u00e4 tahansa tilan kutsuvaksi keitaaksi. Ihanteellinen tunnelmavalaistus terasseille, parvekkeille ja puutarhaan, h\u00e4ihin ja muihin juhliin 360 kpl LED meripihkan v\u00e4rinen 3V 0,06W. Muunta IP44. Ledit 10 cm v\u00e4lein. Liit\u00e4nt\u00e4johto 5 m. Valosarjan pituus 36 m. Sis\u00e4- ja ulkok\u00e4ytt\u00f6\u00f6n.<\/p>\n","protected":false},"featured_media":16768,"comment_status":"closed","ping_status":"closed","template":"","meta":[],"product_brand":[],"product_cat":[176,197,199,177],"product_tag":[],"class_list":{"0":"post-16765","1":"product","2":"type-product","3":"status-publish","4":"has-post-thumbnail","6":"product_cat-joulu-ja-koristevalot","7":"product_cat-joulukuusen-valosarjat","8":"product_cat-koristevalot","9":"product_cat-valosarjat","11":"first","12":"instock","13":"taxable","14":"shipping-taxable","15":"purchasable","16":"product-type-simple"},"_links":{"self":[{"href":"https:\/\/www.ksttukku.fi\/kauppa\/wp-json\/wp\/v2\/product\/16765","targetHints":{"allow":["GET"]}}],"collection":[{"href":"https:\/\/www.ksttukku.fi\/kauppa\/wp-json\/wp\/v2\/product"}],"about":[{"href":"https:\/\/www.ksttukku.fi\/kauppa\/wp-json\/wp\/v2\/types\/product"}],"replies":[{"embeddable":true,"href":"https:\/\/www.ksttukku.fi\/kauppa\/wp-json\/wp\/v2\/comments?post=16765"}],"wp:featuredmedia":[{"embeddable":true,"href":"https:\/\/www.ksttukku.fi\/kauppa\/wp-json\/wp\/v2\/media\/16768"}],"wp:attachment":[{"href":"https:\/\/www.ksttukku.fi\/kauppa\/wp-json\/wp\/v2\/media?parent=16765"}],"wp:term":[{"taxonomy":"product_brand","embeddable":true,"href":"https:\/\/www.ksttukku.fi\/kauppa\/wp-json\/wp\/v2\/product_brand?post=16765"},{"taxonomy":"product_cat","embeddable":true,"href":"https:\/\/www.ksttukku.fi\/kauppa\/wp-json\/wp\/v2\/product_cat?post=16765"},{"taxonomy":"product_tag","embeddable":true,"href":"https:\/\/www.ksttukku.fi\/kauppa\/wp-json\/wp\/v2\/product_tag?post=16765"}],"curies":[{"name":"wp","href":"https:\/\/api.w.org\/{rel}","templated":true}]}}