{"id":16772,"date":"2025-01-03T16:21:04","date_gmt":"2025-01-03T14:21:04","guid":{"rendered":"https:\/\/www.ksttukku.fi\/kauppa\/?post_type=product&#038;p=16772"},"modified":"2025-01-03T16:21:51","modified_gmt":"2025-01-03T14:21:51","slug":"tuikkiva-raystasvalosarja-5-m","status":"publish","type":"product","link":"https:\/\/www.ksttukku.fi\/kauppa\/tuote\/tuikkiva-raystasvalosarja-5-m\/","title":{"rendered":"Tuikkiva  r\u00e4yst\u00e4svalosarja 5 m"},"content":{"rendered":"<p>T\u00e4ss\u00e4 lumoavassa j\u00e4\u00e4puikkovalossa on 119 l\u00e4mpim\u00e4\u00e4 valkoista LEDi\u00e4, jotka luovat upean<\/p>\n<p>tunnelman<\/p>\n<p>Toiminnot: 8 toiminnon twinkle -vaikutus,<\/p>\n<p>Ajastitoiminto: 8 h on 16h off<\/p>\n<p>IP-luokka: IP-44<\/p>\n<p>Kaapeli: valkoinen<\/p>\n<p>Johto: 5 m<\/p>\n","protected":false},"excerpt":{"rendered":"<p>T\u00e4ss\u00e4 lumoavassa j\u00e4\u00e4puikkovalossa on 119 l\u00e4mpim\u00e4\u00e4 valkoista LEDi\u00e4, jotka luovat upean tunnelman Toiminnot: 8 toiminnon twinkle -vaikutus, Ajastitoiminto: 8 h on 16h off IP-luokka: IP-44 Kaapeli: valkoinen Johto: 5 m<\/p>\n","protected":false},"featured_media":16773,"comment_status":"closed","ping_status":"closed","template":"","meta":[],"product_brand":[],"product_cat":[176,199,177],"product_tag":[],"class_list":{"0":"post-16772","1":"product","2":"type-product","3":"status-publish","4":"has-post-thumbnail","6":"product_cat-joulu-ja-koristevalot","7":"product_cat-koristevalot","8":"product_cat-valosarjat","10":"first","11":"instock","12":"taxable","13":"shipping-taxable","14":"purchasable","15":"product-type-simple"},"_links":{"self":[{"href":"https:\/\/www.ksttukku.fi\/kauppa\/wp-json\/wp\/v2\/product\/16772","targetHints":{"allow":["GET"]}}],"collection":[{"href":"https:\/\/www.ksttukku.fi\/kauppa\/wp-json\/wp\/v2\/product"}],"about":[{"href":"https:\/\/www.ksttukku.fi\/kauppa\/wp-json\/wp\/v2\/types\/product"}],"replies":[{"embeddable":true,"href":"https:\/\/www.ksttukku.fi\/kauppa\/wp-json\/wp\/v2\/comments?post=16772"}],"wp:featuredmedia":[{"embeddable":true,"href":"https:\/\/www.ksttukku.fi\/kauppa\/wp-json\/wp\/v2\/media\/16773"}],"wp:attachment":[{"href":"https:\/\/www.ksttukku.fi\/kauppa\/wp-json\/wp\/v2\/media?parent=16772"}],"wp:term":[{"taxonomy":"product_brand","embeddable":true,"href":"https:\/\/www.ksttukku.fi\/kauppa\/wp-json\/wp\/v2\/product_brand?post=16772"},{"taxonomy":"product_cat","embeddable":true,"href":"https:\/\/www.ksttukku.fi\/kauppa\/wp-json\/wp\/v2\/product_cat?post=16772"},{"taxonomy":"product_tag","embeddable":true,"href":"https:\/\/www.ksttukku.fi\/kauppa\/wp-json\/wp\/v2\/product_tag?post=16772"}],"curies":[{"name":"wp","href":"https:\/\/api.w.org\/{rel}","templated":true}]}}