{"id":16777,"date":"2025-01-03T17:38:39","date_gmt":"2025-01-03T15:38:39","guid":{"rendered":"https:\/\/www.ksttukku.fi\/kauppa\/?post_type=product&#038;p=16777"},"modified":"2025-01-03T17:46:55","modified_gmt":"2025-01-03T15:46:55","slug":"200-led-valoketju-8-toimintoinen","status":"publish","type":"product","link":"https:\/\/www.ksttukku.fi\/kauppa\/tuote\/200-led-valoketju-8-toimintoinen\/","title":{"rendered":"200 Led-valoketju 8-toimintoinen"},"content":{"rendered":"<p>Valoketju sis\u00e4- ja ulkok\u00e4ytt\u00f6\u00f6n, jossa on 8 erilaista toimintoa<\/p>\n<p>Valonauhan pituus: 10 m<\/p>\n<p>Johdon pituus: 3 m<\/p>\n<p>IP 44<\/p>\n","protected":false},"excerpt":{"rendered":"<p>Valoketju sis\u00e4- ja ulkok\u00e4ytt\u00f6\u00f6n, jossa on 8 erilaista toimintoa Valonauhan pituus: 10 m Johdon pituus: 3 m IP 44<\/p>\n","protected":false},"featured_media":16779,"comment_status":"closed","ping_status":"closed","template":"","meta":[],"product_brand":[],"product_cat":[176,197,199,177],"product_tag":[],"class_list":{"0":"post-16777","1":"product","2":"type-product","3":"status-publish","4":"has-post-thumbnail","6":"product_cat-joulu-ja-koristevalot","7":"product_cat-joulukuusen-valosarjat","8":"product_cat-koristevalot","9":"product_cat-valosarjat","11":"first","12":"instock","13":"taxable","14":"shipping-taxable","15":"purchasable","16":"product-type-simple"},"_links":{"self":[{"href":"https:\/\/www.ksttukku.fi\/kauppa\/wp-json\/wp\/v2\/product\/16777","targetHints":{"allow":["GET"]}}],"collection":[{"href":"https:\/\/www.ksttukku.fi\/kauppa\/wp-json\/wp\/v2\/product"}],"about":[{"href":"https:\/\/www.ksttukku.fi\/kauppa\/wp-json\/wp\/v2\/types\/product"}],"replies":[{"embeddable":true,"href":"https:\/\/www.ksttukku.fi\/kauppa\/wp-json\/wp\/v2\/comments?post=16777"}],"wp:featuredmedia":[{"embeddable":true,"href":"https:\/\/www.ksttukku.fi\/kauppa\/wp-json\/wp\/v2\/media\/16779"}],"wp:attachment":[{"href":"https:\/\/www.ksttukku.fi\/kauppa\/wp-json\/wp\/v2\/media?parent=16777"}],"wp:term":[{"taxonomy":"product_brand","embeddable":true,"href":"https:\/\/www.ksttukku.fi\/kauppa\/wp-json\/wp\/v2\/product_brand?post=16777"},{"taxonomy":"product_cat","embeddable":true,"href":"https:\/\/www.ksttukku.fi\/kauppa\/wp-json\/wp\/v2\/product_cat?post=16777"},{"taxonomy":"product_tag","embeddable":true,"href":"https:\/\/www.ksttukku.fi\/kauppa\/wp-json\/wp\/v2\/product_tag?post=16777"}],"curies":[{"name":"wp","href":"https:\/\/api.w.org\/{rel}","templated":true}]}}