{"id":16781,"date":"2025-01-04T10:18:54","date_gmt":"2025-01-04T08:18:54","guid":{"rendered":"https:\/\/www.ksttukku.fi\/kauppa\/?post_type=product&#038;p=16781"},"modified":"2025-01-04T10:27:41","modified_gmt":"2025-01-04T08:27:41","slug":"ftlight-led-nauha-elite-sauna-black-125c-ip-67","status":"publish","type":"product","link":"https:\/\/www.ksttukku.fi\/kauppa\/tuote\/ftlight-led-nauha-elite-sauna-black-125c-ip-67\/","title":{"rendered":"FTLIGHT LED nauha Elite Sauna Black 125\u00b0C  IP 67"},"content":{"rendered":"<p>K\u00e4ytt\u00f6j\u00e4nnitteell\u00e4 24V toimiva FTLIGHT ELITE SAUNA BLACK LED valonauha saunaan ja muihin korkean l\u00e4mp\u00f6tilan kohteisiin.<\/p>\n<p>V\u00e4ri on l\u00e4mmin 3000K Teho 10W\/m ja pituus 2,5 metri\u00e4. Valovirta 40lm\/m.<\/p>\n<p>5m teflon liitosjohto.<\/p>\n<p>Sis\u00e4lt\u00e4\u00e4 kiinnikkeet 20kpl ja 4 p\u00e4\u00e4tytulppaa.<\/p>\n<p>Suojausluokka IP67, K\u00e4ytt\u00f6ymp\u00e4rist\u00f6n l\u00e4mp\u00f6tila -max. 125 astetta<\/p>\n<p>V\u00e4ri musta.<\/p>\n","protected":false},"excerpt":{"rendered":"<p>K\u00e4ytt\u00f6j\u00e4nnitteell\u00e4 24V toimiva FTLIGHT ELITE SAUNA BLACK LED valonauha saunaan ja muihin korkean l\u00e4mp\u00f6tilan kohteisiin. V\u00e4ri on l\u00e4mmin 3000K Teho 10W\/m ja pituus 2,5 metri\u00e4. Valovirta 40lm\/m. 5m teflon liitosjohto. Sis\u00e4lt\u00e4\u00e4 kiinnikkeet 20kpl ja 4 p\u00e4\u00e4tytulppaa. Suojausluokka IP67, K\u00e4ytt\u00f6ymp\u00e4rist\u00f6n l\u00e4mp\u00f6tila -max. 125 astetta V\u00e4ri musta.<\/p>\n","protected":false},"featured_media":16782,"comment_status":"closed","ping_status":"closed","template":"","meta":[],"product_brand":[],"product_cat":[48,50,35,59,36,34,45],"product_tag":[],"class_list":{"0":"post-16781","1":"product","2":"type-product","3":"status-publish","4":"has-post-thumbnail","6":"product_cat-kosteantilanvalaisimet","7":"product_cat-saunavalaisimet","8":"product_cat-sisavalaisimet","9":"product_cat-terassivalaisimet","10":"product_cat-ulkovalaisimet","11":"product_cat-valaisimet","12":"product_cat-valonauhat","14":"first","15":"instock","16":"taxable","17":"shipping-taxable","18":"purchasable","19":"product-type-simple"},"_links":{"self":[{"href":"https:\/\/www.ksttukku.fi\/kauppa\/wp-json\/wp\/v2\/product\/16781","targetHints":{"allow":["GET"]}}],"collection":[{"href":"https:\/\/www.ksttukku.fi\/kauppa\/wp-json\/wp\/v2\/product"}],"about":[{"href":"https:\/\/www.ksttukku.fi\/kauppa\/wp-json\/wp\/v2\/types\/product"}],"replies":[{"embeddable":true,"href":"https:\/\/www.ksttukku.fi\/kauppa\/wp-json\/wp\/v2\/comments?post=16781"}],"wp:featuredmedia":[{"embeddable":true,"href":"https:\/\/www.ksttukku.fi\/kauppa\/wp-json\/wp\/v2\/media\/16782"}],"wp:attachment":[{"href":"https:\/\/www.ksttukku.fi\/kauppa\/wp-json\/wp\/v2\/media?parent=16781"}],"wp:term":[{"taxonomy":"product_brand","embeddable":true,"href":"https:\/\/www.ksttukku.fi\/kauppa\/wp-json\/wp\/v2\/product_brand?post=16781"},{"taxonomy":"product_cat","embeddable":true,"href":"https:\/\/www.ksttukku.fi\/kauppa\/wp-json\/wp\/v2\/product_cat?post=16781"},{"taxonomy":"product_tag","embeddable":true,"href":"https:\/\/www.ksttukku.fi\/kauppa\/wp-json\/wp\/v2\/product_tag?post=16781"}],"curies":[{"name":"wp","href":"https:\/\/api.w.org\/{rel}","templated":true}]}}