{"id":16801,"date":"2025-01-08T13:44:36","date_gmt":"2025-01-08T11:44:36","guid":{"rendered":"https:\/\/www.ksttukku.fi\/kauppa\/?post_type=product&#038;p=16801"},"modified":"2025-01-09T18:31:04","modified_gmt":"2025-01-09T16:31:04","slug":"seinapaneeli-jarnvik-2551-nemus-315x7x2500mm","status":"publish","type":"product","link":"https:\/\/www.ksttukku.fi\/kauppa\/tuote\/seinapaneeli-jarnvik-2551-nemus-315x7x2500mm\/","title":{"rendered":"Sein\u00e4paneeli J\u00e4rnvik 2551 Nemus 315x7x2500mm"},"content":{"rendered":"<p>3D sein\u00e4paneelit soveltuvat k\u00e4ytett\u00e4v\u00e4ksi sein\u00e4n osana, kokonaisina seinin\u00e4 tai vaikkapa katossa. Paneelit tuovat tiloihin samalla visuaalisesti tilan tuntua.<\/p>\n<p>Tuotteet ovat t\u00e4ysin vedenkest\u00e4vi\u00e4, ne eiv\u00e4t sis\u00e4ll\u00e4 haitallisia aineita tai raskasmetalleja, ovat kierr\u00e4tett\u00e4vi\u00e4 ja ovat todella helppoja asentaa. Paneelit kest\u00e4v\u00e4t hyvin kulutusta ja ne on helppo pit\u00e4\u00e4 puhtaana.<\/p>\n<p>Paneeleissa on tyylik\u00e4s 3D pintarakenne, joka tuo eloa ja n\u00e4ytt\u00e4vyytt\u00e4 tilaan kuin tilaan. T\u00e4ydellinen valinta oleskelutiloihin, TV-seiniin, kylpyhuoneisiin, konttoreihin, vastaanottotiloihin ja lukuisiin muihin kokonaisuuksiin.<\/p>\n<p>Erikoismatala\/leve\u00e4 -profiilinen, tyylik\u00e4s pontillinen sein\u00e4paneeli 3D- kuosilla, jossa pohja on mustaa ja p\u00e4\u00e4llinen ruskehtavaa tammea muistuttavaa puukuviota. Voidaan asentaa pystyyn tai vaakaan.<\/p>\n<p>Erikoisleve\u00e4 malli 315mm, jonka ansiosta paneeli on entist\u00e4 vaivattomampi asentaa, kun valmista pintaa tulee kerralla enemm\u00e4n. Helppo ja nopea asentaa. Siistimm\u00e4n lopputuloksen saavuttamiseksi panelin asennuksessa suositellaan k\u00e4ytett\u00e4v\u00e4n erillisi\u00e4 p\u00e4\u00e4typaloja. Paneelin mitat 315x7x2600mm.<\/p>\n","protected":false},"excerpt":{"rendered":"<div class=\"short-description svelte-2zp7ja\">J\u00e4rnvik 3D sein\u00e4paneelit avaavat t\u00e4ysin uuden ja kustannustehokkaan mahdollisuuden rakentaa n\u00e4ytt\u00e4vi\u00e4 sein\u00e4ratkaisuja. 3D sein\u00e4paneeleilla saat suosittujen rimaseinien tyylikk\u00e4\u00e4n ulkon\u00e4\u00f6n pienell\u00e4 vaivalla ja matalammilla kustannuksilla, ilman maalaamista ja useiden tuntien ty\u00f6panosta.<\/div>\n<div class=\"call-to-action svelte-uxvzx2\" tabindex=\"0\" role=\"button\">Lue lis\u00e4\u00e4<\/div>\n","protected":false},"featured_media":16803,"comment_status":"closed","ping_status":"closed","template":"","meta":[],"product_brand":[],"product_cat":[490,245],"product_tag":[],"class_list":{"0":"post-16801","1":"product","2":"type-product","3":"status-publish","4":"has-post-thumbnail","6":"product_cat-jarnvik-seinapaneelit","7":"product_cat-sisustuslevyt","9":"first","10":"instock","11":"taxable","12":"shipping-taxable","13":"purchasable","14":"product-type-simple"},"_links":{"self":[{"href":"https:\/\/www.ksttukku.fi\/kauppa\/wp-json\/wp\/v2\/product\/16801","targetHints":{"allow":["GET"]}}],"collection":[{"href":"https:\/\/www.ksttukku.fi\/kauppa\/wp-json\/wp\/v2\/product"}],"about":[{"href":"https:\/\/www.ksttukku.fi\/kauppa\/wp-json\/wp\/v2\/types\/product"}],"replies":[{"embeddable":true,"href":"https:\/\/www.ksttukku.fi\/kauppa\/wp-json\/wp\/v2\/comments?post=16801"}],"wp:featuredmedia":[{"embeddable":true,"href":"https:\/\/www.ksttukku.fi\/kauppa\/wp-json\/wp\/v2\/media\/16803"}],"wp:attachment":[{"href":"https:\/\/www.ksttukku.fi\/kauppa\/wp-json\/wp\/v2\/media?parent=16801"}],"wp:term":[{"taxonomy":"product_brand","embeddable":true,"href":"https:\/\/www.ksttukku.fi\/kauppa\/wp-json\/wp\/v2\/product_brand?post=16801"},{"taxonomy":"product_cat","embeddable":true,"href":"https:\/\/www.ksttukku.fi\/kauppa\/wp-json\/wp\/v2\/product_cat?post=16801"},{"taxonomy":"product_tag","embeddable":true,"href":"https:\/\/www.ksttukku.fi\/kauppa\/wp-json\/wp\/v2\/product_tag?post=16801"}],"curies":[{"name":"wp","href":"https:\/\/api.w.org\/{rel}","templated":true}]}}