{"id":16812,"date":"2025-01-09T14:19:29","date_gmt":"2025-01-09T12:19:29","guid":{"rendered":"https:\/\/www.ksttukku.fi\/kauppa\/?post_type=product&#038;p=16812"},"modified":"2025-01-09T14:19:30","modified_gmt":"2025-01-09T12:19:30","slug":"paristokayttoinen-led-valosarja-3739-132","status":"publish","type":"product","link":"https:\/\/www.ksttukku.fi\/kauppa\/tuote\/paristokayttoinen-led-valosarja-3739-132\/","title":{"rendered":"Paristok\u00e4ytt\u00f6inen LED-valosarja 3739-132"},"content":{"rendered":"<p>R\u00e4yst\u00e4s-valosarja, jossa on 80 l\u00e4mpim\u00e4n valkoista huurrettua ledi\u00e4.<\/p>\n<p>Sensori\/ajastin 6\/9h.<\/p>\n<p>Valkoinen johto, valoketjujen pituus 37,5-87,5 cm<\/p>\n<p>Valosarjan pituus: 3m<\/p>\n<p>IP 44<\/p>\n<p>2 x LR20 D(1,5V) ( ei sis\u00e4lly)<\/p>\n","protected":false},"excerpt":{"rendered":"<p>R\u00e4yst\u00e4s-valosarja, jossa on 80 l\u00e4mpim\u00e4n valkoista huurrettua ledi\u00e4. Sensori\/ajastin 6\/9h. Valkoinen johto, valoketjujen pituus 37,5-87,5 cm Valosarjan pituus: 3m IP 44 2 x LR20 D(1,5V) ( ei sis\u00e4lly)<\/p>\n","protected":false},"featured_media":16813,"comment_status":"closed","ping_status":"closed","template":"","meta":[],"product_brand":[],"product_cat":[176,199,180,177],"product_tag":[],"class_list":{"0":"post-16812","1":"product","2":"type-product","3":"status-publish","4":"has-post-thumbnail","6":"product_cat-joulu-ja-koristevalot","7":"product_cat-koristevalot","8":"product_cat-paristovalosarjat","9":"product_cat-valosarjat","11":"first","12":"instock","13":"taxable","14":"shipping-taxable","15":"purchasable","16":"product-type-simple"},"_links":{"self":[{"href":"https:\/\/www.ksttukku.fi\/kauppa\/wp-json\/wp\/v2\/product\/16812","targetHints":{"allow":["GET"]}}],"collection":[{"href":"https:\/\/www.ksttukku.fi\/kauppa\/wp-json\/wp\/v2\/product"}],"about":[{"href":"https:\/\/www.ksttukku.fi\/kauppa\/wp-json\/wp\/v2\/types\/product"}],"replies":[{"embeddable":true,"href":"https:\/\/www.ksttukku.fi\/kauppa\/wp-json\/wp\/v2\/comments?post=16812"}],"wp:featuredmedia":[{"embeddable":true,"href":"https:\/\/www.ksttukku.fi\/kauppa\/wp-json\/wp\/v2\/media\/16813"}],"wp:attachment":[{"href":"https:\/\/www.ksttukku.fi\/kauppa\/wp-json\/wp\/v2\/media?parent=16812"}],"wp:term":[{"taxonomy":"product_brand","embeddable":true,"href":"https:\/\/www.ksttukku.fi\/kauppa\/wp-json\/wp\/v2\/product_brand?post=16812"},{"taxonomy":"product_cat","embeddable":true,"href":"https:\/\/www.ksttukku.fi\/kauppa\/wp-json\/wp\/v2\/product_cat?post=16812"},{"taxonomy":"product_tag","embeddable":true,"href":"https:\/\/www.ksttukku.fi\/kauppa\/wp-json\/wp\/v2\/product_tag?post=16812"}],"curies":[{"name":"wp","href":"https:\/\/api.w.org\/{rel}","templated":true}]}}