{"id":16825,"date":"2025-01-09T16:08:23","date_gmt":"2025-01-09T14:08:23","guid":{"rendered":"https:\/\/www.ksttukku.fi\/kauppa\/?post_type=product&#038;p=16825"},"modified":"2025-01-09T16:08:23","modified_gmt":"2025-01-09T14:08:23","slug":"paristovalosarja-konstsmide-3722-103","status":"publish","type":"product","link":"https:\/\/www.ksttukku.fi\/kauppa\/tuote\/paristovalosarja-konstsmide-3722-103\/","title":{"rendered":"Paristovalosarja Konstsmide 3722-103"},"content":{"rendered":"<p>Paristok\u00e4ytt\u00f6inen Konstsmide valosarja, jossa on 20 l\u00e4mminvalkoista LEDi\u00e4<\/p>\n<p>Voit k\u00e4ytt\u00e4\u00e4 sarjaa sek\u00e4 sis\u00e4ll\u00e4 ett\u00e4 ulkona IP44-luokituksen ansiosta.<\/p>\n<p>H\u00e4m\u00e4r\u00e4tunnistin ja ajastin 6\/9h<\/p>\n<p>Kirkas johto<\/p>\n<p>Valosarjan pituus 1.9 m<\/p>\n","protected":false},"excerpt":{"rendered":"<p>Paristok\u00e4ytt\u00f6inen Konstsmide valosarja, jossa on 20 l\u00e4mminvalkoista LEDi\u00e4 Voit k\u00e4ytt\u00e4\u00e4 sarjaa sek\u00e4 sis\u00e4ll\u00e4 ett\u00e4 ulkona IP44-luokituksen ansiosta. H\u00e4m\u00e4r\u00e4tunnistin ja ajastin 6\/9h Kirkas johto Valosarjan pituus 1.9 m<\/p>\n","protected":false},"featured_media":16826,"comment_status":"closed","ping_status":"closed","template":"","meta":[],"product_brand":[],"product_cat":[176,199,180,177],"product_tag":[],"class_list":{"0":"post-16825","1":"product","2":"type-product","3":"status-publish","4":"has-post-thumbnail","6":"product_cat-joulu-ja-koristevalot","7":"product_cat-koristevalot","8":"product_cat-paristovalosarjat","9":"product_cat-valosarjat","11":"first","12":"instock","13":"taxable","14":"shipping-taxable","15":"purchasable","16":"product-type-simple"},"_links":{"self":[{"href":"https:\/\/www.ksttukku.fi\/kauppa\/wp-json\/wp\/v2\/product\/16825","targetHints":{"allow":["GET"]}}],"collection":[{"href":"https:\/\/www.ksttukku.fi\/kauppa\/wp-json\/wp\/v2\/product"}],"about":[{"href":"https:\/\/www.ksttukku.fi\/kauppa\/wp-json\/wp\/v2\/types\/product"}],"replies":[{"embeddable":true,"href":"https:\/\/www.ksttukku.fi\/kauppa\/wp-json\/wp\/v2\/comments?post=16825"}],"wp:featuredmedia":[{"embeddable":true,"href":"https:\/\/www.ksttukku.fi\/kauppa\/wp-json\/wp\/v2\/media\/16826"}],"wp:attachment":[{"href":"https:\/\/www.ksttukku.fi\/kauppa\/wp-json\/wp\/v2\/media?parent=16825"}],"wp:term":[{"taxonomy":"product_brand","embeddable":true,"href":"https:\/\/www.ksttukku.fi\/kauppa\/wp-json\/wp\/v2\/product_brand?post=16825"},{"taxonomy":"product_cat","embeddable":true,"href":"https:\/\/www.ksttukku.fi\/kauppa\/wp-json\/wp\/v2\/product_cat?post=16825"},{"taxonomy":"product_tag","embeddable":true,"href":"https:\/\/www.ksttukku.fi\/kauppa\/wp-json\/wp\/v2\/product_tag?post=16825"}],"curies":[{"name":"wp","href":"https:\/\/api.w.org\/{rel}","templated":true}]}}