{"id":16828,"date":"2025-01-09T16:23:57","date_gmt":"2025-01-09T14:23:57","guid":{"rendered":"https:\/\/www.ksttukku.fi\/kauppa\/?post_type=product&#038;p=16828"},"modified":"2025-01-09T16:23:57","modified_gmt":"2025-01-09T14:23:57","slug":"paristovalosarja-konstsmide-3724-103","status":"publish","type":"product","link":"https:\/\/www.ksttukku.fi\/kauppa\/tuote\/paristovalosarja-konstsmide-3724-103\/","title":{"rendered":"Paristovalosarja Konstsmide 3724-103"},"content":{"rendered":"<p>Paristovalosarja sis\u00e4- ja ulkok\u00e4ytt\u00f6\u00f6n<\/p>\n<p>40 l\u00e4mmin valkoista ledi\u00e4<\/p>\n<p>Monitoiminen ja ajastin 6 h<\/p>\n<p>Toimii 4 x AA paristoilla (ei sis\u00e4lly pakkaukseen)<\/p>\n<p>Valosarjan pituus 3,9m<\/p>\n<p>Kirkas johto<\/p>\n<p>IP44<\/p>\n","protected":false},"excerpt":{"rendered":"<p>Paristovalosarja sis\u00e4- ja ulkok\u00e4ytt\u00f6\u00f6n 40 l\u00e4mmin valkoista ledi\u00e4 Monitoiminen ja ajastin 6 h Toimii 4 x AA paristoilla (ei sis\u00e4lly pakkaukseen) Valosarjan pituus 3,9m Kirkas johto IP44<\/p>\n","protected":false},"featured_media":16830,"comment_status":"closed","ping_status":"closed","template":"","meta":[],"product_brand":[],"product_cat":[176,199,180,177],"product_tag":[],"class_list":{"0":"post-16828","1":"product","2":"type-product","3":"status-publish","4":"has-post-thumbnail","6":"product_cat-joulu-ja-koristevalot","7":"product_cat-koristevalot","8":"product_cat-paristovalosarjat","9":"product_cat-valosarjat","11":"first","12":"instock","13":"taxable","14":"shipping-taxable","15":"purchasable","16":"product-type-simple"},"_links":{"self":[{"href":"https:\/\/www.ksttukku.fi\/kauppa\/wp-json\/wp\/v2\/product\/16828","targetHints":{"allow":["GET"]}}],"collection":[{"href":"https:\/\/www.ksttukku.fi\/kauppa\/wp-json\/wp\/v2\/product"}],"about":[{"href":"https:\/\/www.ksttukku.fi\/kauppa\/wp-json\/wp\/v2\/types\/product"}],"replies":[{"embeddable":true,"href":"https:\/\/www.ksttukku.fi\/kauppa\/wp-json\/wp\/v2\/comments?post=16828"}],"wp:featuredmedia":[{"embeddable":true,"href":"https:\/\/www.ksttukku.fi\/kauppa\/wp-json\/wp\/v2\/media\/16830"}],"wp:attachment":[{"href":"https:\/\/www.ksttukku.fi\/kauppa\/wp-json\/wp\/v2\/media?parent=16828"}],"wp:term":[{"taxonomy":"product_brand","embeddable":true,"href":"https:\/\/www.ksttukku.fi\/kauppa\/wp-json\/wp\/v2\/product_brand?post=16828"},{"taxonomy":"product_cat","embeddable":true,"href":"https:\/\/www.ksttukku.fi\/kauppa\/wp-json\/wp\/v2\/product_cat?post=16828"},{"taxonomy":"product_tag","embeddable":true,"href":"https:\/\/www.ksttukku.fi\/kauppa\/wp-json\/wp\/v2\/product_tag?post=16828"}],"curies":[{"name":"wp","href":"https:\/\/api.w.org\/{rel}","templated":true}]}}