{"id":16843,"date":"2025-01-17T16:05:35","date_gmt":"2025-01-17T14:05:35","guid":{"rendered":"https:\/\/www.ksttukku.fi\/kauppa\/?post_type=product&#038;p=16843"},"modified":"2025-01-17T16:05:35","modified_gmt":"2025-01-17T14:05:35","slug":"vedin-beta-mini-128-mm-kromi","status":"publish","type":"product","link":"https:\/\/www.ksttukku.fi\/kauppa\/tuote\/vedin-beta-mini-128-mm-kromi\/","title":{"rendered":"VEDIN BETA MINI 128 MM KROMI"},"content":{"rendered":"<p>Uusi kaareva, sulavalinjainen vedin Beta Mini 128 mm<br \/>\nreik\u00e4jaolla. Vetimen kokonaisleveys 135 mm, korkeus 11 mm<br \/>\nja syvyys 30 mm. Materiaali pinnoitettu samakki, v\u00e4ri<br \/>\nkiilt\u00e4v\u00e4 kromi.<\/p>\n","protected":false},"excerpt":{"rendered":"<p>Uusi kaareva, sulavalinjainen vedin Beta Mini 128 mm reik\u00e4jaolla. Vetimen kokonaisleveys 135 mm, korkeus 11 mm ja syvyys 30 mm. Materiaali pinnoitettu samakki, v\u00e4ri kiilt\u00e4v\u00e4 kromi.<\/p>\n","protected":false},"featured_media":16844,"comment_status":"closed","ping_status":"closed","template":"","meta":[],"product_brand":[],"product_cat":[263,265],"product_tag":[],"class_list":{"0":"post-16843","1":"product","2":"type-product","3":"status-publish","4":"has-post-thumbnail","6":"product_cat-vetimet","7":"product_cat-vetimet-ja-nupit","9":"first","10":"instock","11":"taxable","12":"shipping-taxable","13":"purchasable","14":"product-type-simple"},"_links":{"self":[{"href":"https:\/\/www.ksttukku.fi\/kauppa\/wp-json\/wp\/v2\/product\/16843","targetHints":{"allow":["GET"]}}],"collection":[{"href":"https:\/\/www.ksttukku.fi\/kauppa\/wp-json\/wp\/v2\/product"}],"about":[{"href":"https:\/\/www.ksttukku.fi\/kauppa\/wp-json\/wp\/v2\/types\/product"}],"replies":[{"embeddable":true,"href":"https:\/\/www.ksttukku.fi\/kauppa\/wp-json\/wp\/v2\/comments?post=16843"}],"wp:featuredmedia":[{"embeddable":true,"href":"https:\/\/www.ksttukku.fi\/kauppa\/wp-json\/wp\/v2\/media\/16844"}],"wp:attachment":[{"href":"https:\/\/www.ksttukku.fi\/kauppa\/wp-json\/wp\/v2\/media?parent=16843"}],"wp:term":[{"taxonomy":"product_brand","embeddable":true,"href":"https:\/\/www.ksttukku.fi\/kauppa\/wp-json\/wp\/v2\/product_brand?post=16843"},{"taxonomy":"product_cat","embeddable":true,"href":"https:\/\/www.ksttukku.fi\/kauppa\/wp-json\/wp\/v2\/product_cat?post=16843"},{"taxonomy":"product_tag","embeddable":true,"href":"https:\/\/www.ksttukku.fi\/kauppa\/wp-json\/wp\/v2\/product_tag?post=16843"}],"curies":[{"name":"wp","href":"https:\/\/api.w.org\/{rel}","templated":true}]}}