{"id":16889,"date":"2025-01-30T15:50:43","date_gmt":"2025-01-30T13:50:43","guid":{"rendered":"https:\/\/www.ksttukku.fi\/kauppa\/?post_type=product&#038;p=16889"},"modified":"2025-01-30T15:52:06","modified_gmt":"2025-01-30T13:52:06","slug":"felis-led-valaisin-2500lm-musta-kulta","status":"publish","type":"product","link":"https:\/\/www.ksttukku.fi\/kauppa\/tuote\/felis-led-valaisin-2500lm-musta-kulta\/","title":{"rendered":"Felis Led-valaisin 2500lm musta\/kulta  24W"},"content":{"rendered":"<p>Felis Led-plafondi luo kodikkaan valaistuksen kotiin. Yksinkertaisen mustan ja kullan v\u00e4rinen valaisin sopii ajattoman muotoilunsa ansiosta l\u00e4hes mihin tahansa sisustustyyliin,<\/p>\n<p>S\u00e4\u00e4dett\u00e4v\u00e4ss\u00e4 valaisimessa on my\u00f6s nykyaikainen LED-tekniikka, jolle on ominaista korkea valonlaatu ja energiatehokkuus.<\/p>\n<p>Kaukos\u00e4\u00e4timen ansiosta valon v\u00e4ri\u00e4 ja kirkkautta voidaan s\u00e4\u00e4t\u00e4\u00e4 portaattomasti.<\/p>\n<p>Halkaisija: 40 cm<\/p>\n<p>Korkeus: 7 cm<\/p>\n<p>Materiaali: metalli\/muovi<\/p>\n","protected":false},"excerpt":{"rendered":"<p>Felis Led-plafondi luo kodikkaan valaistuksen kotiin. Yksinkertaisen mustan ja kullan v\u00e4rinen valaisin sopii ajattoman muotoilunsa ansiosta l\u00e4hes mihin tahansa sisustustyyliin, S\u00e4\u00e4dett\u00e4v\u00e4ss\u00e4 valaisimessa on my\u00f6s nykyaikainen LED-tekniikka, jolle on ominaista korkea valonlaatu ja energiatehokkuus. Kaukos\u00e4\u00e4timen ansiosta valon v\u00e4ri\u00e4 ja kirkkautta voidaan s\u00e4\u00e4t\u00e4\u00e4 portaattomasti. Halkaisija: 40 cm Korkeus: 7 cm Materiaali: metalli\/muovi<\/p>\n","protected":false},"featured_media":16890,"comment_status":"closed","ping_status":"closed","template":"","meta":[],"product_brand":[],"product_cat":[40,183,35,34],"product_tag":[],"class_list":{"0":"post-16889","1":"product","2":"type-product","3":"status-publish","4":"has-post-thumbnail","6":"product_cat-kattovalaisimet","7":"product_cat-led-paneelivalaisimet","8":"product_cat-sisavalaisimet","9":"product_cat-valaisimet","11":"first","12":"instock","13":"taxable","14":"shipping-taxable","15":"purchasable","16":"product-type-simple"},"_links":{"self":[{"href":"https:\/\/www.ksttukku.fi\/kauppa\/wp-json\/wp\/v2\/product\/16889","targetHints":{"allow":["GET"]}}],"collection":[{"href":"https:\/\/www.ksttukku.fi\/kauppa\/wp-json\/wp\/v2\/product"}],"about":[{"href":"https:\/\/www.ksttukku.fi\/kauppa\/wp-json\/wp\/v2\/types\/product"}],"replies":[{"embeddable":true,"href":"https:\/\/www.ksttukku.fi\/kauppa\/wp-json\/wp\/v2\/comments?post=16889"}],"wp:featuredmedia":[{"embeddable":true,"href":"https:\/\/www.ksttukku.fi\/kauppa\/wp-json\/wp\/v2\/media\/16890"}],"wp:attachment":[{"href":"https:\/\/www.ksttukku.fi\/kauppa\/wp-json\/wp\/v2\/media?parent=16889"}],"wp:term":[{"taxonomy":"product_brand","embeddable":true,"href":"https:\/\/www.ksttukku.fi\/kauppa\/wp-json\/wp\/v2\/product_brand?post=16889"},{"taxonomy":"product_cat","embeddable":true,"href":"https:\/\/www.ksttukku.fi\/kauppa\/wp-json\/wp\/v2\/product_cat?post=16889"},{"taxonomy":"product_tag","embeddable":true,"href":"https:\/\/www.ksttukku.fi\/kauppa\/wp-json\/wp\/v2\/product_tag?post=16889"}],"curies":[{"name":"wp","href":"https:\/\/api.w.org\/{rel}","templated":true}]}}