{"id":16895,"date":"2025-01-30T16:51:32","date_gmt":"2025-01-30T14:51:32","guid":{"rendered":"https:\/\/www.ksttukku.fi\/kauppa\/?post_type=product&#038;p=16895"},"modified":"2025-01-30T16:51:33","modified_gmt":"2025-01-30T14:51:33","slug":"marlina-2-os-kattospotti-musta","status":"publish","type":"product","link":"https:\/\/www.ksttukku.fi\/kauppa\/tuote\/marlina-2-os-kattospotti-musta\/","title":{"rendered":"Marlina 2-os kattospotti musta"},"content":{"rendered":"<p>Kaksiosainen valaisin, jossa spottien kohdistusta on mahdollista s\u00e4\u00e4t\u00e4\u00e4.<\/p>\n<p>Valaisin on eritt\u00e4in monik\u00e4ytt\u00f6inen, sill\u00e4 valoa voidaan suunnata haluttuun kohteeseen .<\/p>\n<p>Tyylik\u00e4s mattamusta spottivalaisin\u00a0 sopii kodin eri huonetiloihin<\/p>\n<p>Koukkukiinnitys<\/p>\n<p>materiaali: Metalli<\/p>\n<p>Kanta: 2 x \u00a0GU10<\/p>\n<p>Leveys: 275 mm<\/p>\n<p>Korkeus: 215 mm<\/p>\n","protected":false},"excerpt":{"rendered":"<p>Kaksiosainen valaisin, jossa spottien kohdistusta on mahdollista s\u00e4\u00e4t\u00e4\u00e4. Valaisin on eritt\u00e4in monik\u00e4ytt\u00f6inen, sill\u00e4 valoa voidaan suunnata haluttuun kohteeseen . Tyylik\u00e4s mattamusta spottivalaisin\u00a0 sopii kodin eri huonetiloihin Koukkukiinnitys materiaali: Metalli Kanta: 2 x \u00a0GU10 Leveys: 275 mm Korkeus: 215 mm<\/p>\n","protected":false},"featured_media":16896,"comment_status":"closed","ping_status":"closed","template":"","meta":[],"product_brand":[],"product_cat":[40,41,35,34],"product_tag":[],"class_list":{"0":"post-16895","1":"product","2":"type-product","3":"status-publish","4":"has-post-thumbnail","6":"product_cat-kattovalaisimet","7":"product_cat-kohdevalaisimet","8":"product_cat-sisavalaisimet","9":"product_cat-valaisimet","11":"first","12":"instock","13":"taxable","14":"shipping-taxable","15":"purchasable","16":"product-type-simple"},"_links":{"self":[{"href":"https:\/\/www.ksttukku.fi\/kauppa\/wp-json\/wp\/v2\/product\/16895","targetHints":{"allow":["GET"]}}],"collection":[{"href":"https:\/\/www.ksttukku.fi\/kauppa\/wp-json\/wp\/v2\/product"}],"about":[{"href":"https:\/\/www.ksttukku.fi\/kauppa\/wp-json\/wp\/v2\/types\/product"}],"replies":[{"embeddable":true,"href":"https:\/\/www.ksttukku.fi\/kauppa\/wp-json\/wp\/v2\/comments?post=16895"}],"wp:featuredmedia":[{"embeddable":true,"href":"https:\/\/www.ksttukku.fi\/kauppa\/wp-json\/wp\/v2\/media\/16896"}],"wp:attachment":[{"href":"https:\/\/www.ksttukku.fi\/kauppa\/wp-json\/wp\/v2\/media?parent=16895"}],"wp:term":[{"taxonomy":"product_brand","embeddable":true,"href":"https:\/\/www.ksttukku.fi\/kauppa\/wp-json\/wp\/v2\/product_brand?post=16895"},{"taxonomy":"product_cat","embeddable":true,"href":"https:\/\/www.ksttukku.fi\/kauppa\/wp-json\/wp\/v2\/product_cat?post=16895"},{"taxonomy":"product_tag","embeddable":true,"href":"https:\/\/www.ksttukku.fi\/kauppa\/wp-json\/wp\/v2\/product_tag?post=16895"}],"curies":[{"name":"wp","href":"https:\/\/api.w.org\/{rel}","templated":true}]}}