{"id":16930,"date":"2025-02-06T11:42:14","date_gmt":"2025-02-06T09:42:14","guid":{"rendered":"https:\/\/www.ksttukku.fi\/kauppa\/?post_type=product&#038;p=16930"},"modified":"2025-09-26T16:02:13","modified_gmt":"2025-09-26T13:02:13","slug":"allasvalo-varia-vaihtava-9led-kauko-ohjattava","status":"publish","type":"product","link":"https:\/\/www.ksttukku.fi\/kauppa\/tuote\/allasvalo-varia-vaihtava-9led-kauko-ohjattava\/","title":{"rendered":"Allasvalo v\u00e4ri\u00e4 vaihtava 9LED kauko-ohjattava"},"content":{"rendered":"<p>Tunnelmallinen ja k\u00e4yt\u00e4nn\u00f6llinen valo uima-altaaseen, paljuun tai terassille. Valo kiinnitet\u00e4\u00e4n mukana tulevalla magneetilla. Valon voi asentaa joko vedenpinnan alle tai pinnan yl\u00e4puolelle. Sen voi antaa my\u00f6s kellua vapaana. Paristok\u00e4ytt\u00f6inen, toimii kaukos\u00e4\u00e4timell\u00e4 tai manuaalisesti (LED-valon paristot 3xAAA ei sis\u00e4lly pakkaukseen, kaukos\u00e4\u00e4timen paristo CR2032 sis\u00e4ltyy). Valoasetuksia mm. vilkkuvat valot, kiert\u00e4v\u00e4t v\u00e4rit, hitaasti vaihtuvat v\u00e4rit, valotehon s\u00e4\u00e4t\u00f6 tai kiinte\u00e4sti palavat v\u00e4rit.<\/p>\n","protected":false},"excerpt":{"rendered":"<p>Tunnelmallinen ja k\u00e4yt\u00e4nn\u00f6llinen valo uima-altaaseen, paljuun tai terassille. Valo kiinnitet\u00e4\u00e4n mukana tulevalla magneetilla. Valon voi asentaa joko vedenpinnan alle tai pinnan yl\u00e4puolelle. Sen voi antaa my\u00f6s kellua vapaana. Paristok\u00e4ytt\u00f6inen, toimii kaukos\u00e4\u00e4timell\u00e4 tai manuaalisesti (LED-valon paristot 3xAAA ei sis\u00e4lly pakkaukseen, kaukos\u00e4\u00e4timen paristo CR2032 sis\u00e4ltyy). Valoasetuksia mm. vilkkuvat valot, kiert\u00e4v\u00e4t v\u00e4rit, hitaasti vaihtuvat v\u00e4rit, valotehon s\u00e4\u00e4t\u00f6 tai [&hellip;]<\/p>\n","protected":false},"featured_media":16931,"comment_status":"closed","ping_status":"closed","template":"","meta":[],"product_brand":[],"product_cat":[176,199,206],"product_tag":[],"class_list":{"0":"post-16930","1":"product","2":"type-product","3":"status-publish","4":"has-post-thumbnail","6":"product_cat-joulu-ja-koristevalot","7":"product_cat-koristevalot","8":"product_cat-sup-laudat","10":"first","11":"instock","12":"taxable","13":"shipping-taxable","14":"purchasable","15":"product-type-simple"},"_links":{"self":[{"href":"https:\/\/www.ksttukku.fi\/kauppa\/wp-json\/wp\/v2\/product\/16930","targetHints":{"allow":["GET"]}}],"collection":[{"href":"https:\/\/www.ksttukku.fi\/kauppa\/wp-json\/wp\/v2\/product"}],"about":[{"href":"https:\/\/www.ksttukku.fi\/kauppa\/wp-json\/wp\/v2\/types\/product"}],"replies":[{"embeddable":true,"href":"https:\/\/www.ksttukku.fi\/kauppa\/wp-json\/wp\/v2\/comments?post=16930"}],"wp:featuredmedia":[{"embeddable":true,"href":"https:\/\/www.ksttukku.fi\/kauppa\/wp-json\/wp\/v2\/media\/16931"}],"wp:attachment":[{"href":"https:\/\/www.ksttukku.fi\/kauppa\/wp-json\/wp\/v2\/media?parent=16930"}],"wp:term":[{"taxonomy":"product_brand","embeddable":true,"href":"https:\/\/www.ksttukku.fi\/kauppa\/wp-json\/wp\/v2\/product_brand?post=16930"},{"taxonomy":"product_cat","embeddable":true,"href":"https:\/\/www.ksttukku.fi\/kauppa\/wp-json\/wp\/v2\/product_cat?post=16930"},{"taxonomy":"product_tag","embeddable":true,"href":"https:\/\/www.ksttukku.fi\/kauppa\/wp-json\/wp\/v2\/product_tag?post=16930"}],"curies":[{"name":"wp","href":"https:\/\/api.w.org\/{rel}","templated":true}]}}